{"id":593,"date":"2025-10-20T22:14:15","date_gmt":"2025-10-20T20:14:15","guid":{"rendered":"https:\/\/mnzp-muzealnik.pl\/?page_id=593"},"modified":"2025-10-20T22:15:51","modified_gmt":"2025-10-20T20:15:51","slug":"kropielnica","status":"publish","type":"page","link":"https:\/\/mnzp-muzealnik.pl\/index.php\/strona-glowna\/muzeum-historii-miasta-przemysla\/wnetrza-mieszczanskie\/kropielnica\/","title":{"rendered":"Kropielnica"},"content":{"rendered":"\n<p>Kropielnica domowa, do zawieszania na \u015bcianie, z\u0142o\u017cona z trzech cz\u0119\u015bci wykonanych z mosi\u0105dzu. Pochodzenie: Polska (zab\u00f3r austriacki), Przemy\u015bl, Fabryka Wyrob\u00f3w Ko\u015bcielnych ,Jan Franciszek Stupnicki, 4 \u0107w. XIX-pocz. XX w. Wymiary: 26,3 cm wysoko\u015bci, 10,3 cm szeroko\u015bci, Pojemnik na wod\u0119 \u015bwi\u0119con\u0105 sk\u0142ada si\u0119 z dw\u00f3ch cz\u0119\u015bci tylnej \u015bcianki wyci\u0119tej z blachy i odlewanej zbli\u017conej do p\u00f3\u0142kuli miseczki ze \u015bciank\u0105 ozdobion\u0105 plastycznymi motywami czterech narcyz\u00f3w na ulistnionych \u0142odygach pomi\u0119dzy trzema p\u00f3\u0142kolistymi arkadkami oraz pere\u0142kowaniem na kraw\u0119dzi, z dnem ukrytym w plastycznie uformowanych, k\u0142\u0119biastych chmurach z trzema anielskimi g\u0142\u00f3wkami. Chmury ujmuj\u0105 boki miseczki, a przy kraw\u0119dzi po bokach widniej\u0105 dwie anielskie g\u0142\u00f3wki. Obie cz\u0119\u015bci po\u0142\u0105czone s\u0105 lutowaniem. Kraw\u0119dzie tylnej \u015bcianki ozdobnie wyci\u0119te i wypi\u0119trzone w cz\u0119\u015bci \u015brodkowej. Do tego miejsca jest przymocowany krucyfiks, r\u00f3wnie\u017c odlewany, z ma\u0142\u0105 figurk\u0105 Chrystusa na skrzy\u017cowaniu ramion. Ca\u0142y krucyfiks pokrywa plastyczna dekoracja w formie rokokowych motyw\u00f3w, tzw. kogucich grzebieni i muszli po\u0142\u0105czonych z ceownikami. Po\u015brodku tylnej \u015bcianki wybita sygnatura wytw\u00f3rcy: F.J.STUPNICKI W PRZEMY\u015aLU.<\/p>\n","protected":false},"excerpt":{"rendered":"<p>Kropielnica domowa, do zawieszania na \u015bcianie, z\u0142o\u017cona z trzech cz\u0119\u015bci wykonanych z mosi\u0105dzu. Pochodzenie: Polska (zab\u00f3r austriacki), Przemy\u015bl, Fabryka Wyrob\u00f3w Ko\u015bcielnych ,Jan Franciszek Stupnicki, 4 \u0107w. XIX-pocz. XX w. Wymiary: 26,3 cm wysoko\u015bci, 10,3 cm szeroko\u015bci, Pojemnik na wod\u0119 \u015bwi\u0119con\u0105 sk\u0142ada si\u0119 z dw\u00f3ch cz\u0119\u015bci tylnej \u015bcianki wyci\u0119tej z blachy i odlewanej zbli\u017conej do p\u00f3\u0142kuli [&hellip;]<\/p>\n","protected":false},"author":1,"featured_media":595,"parent":157,"menu_order":109,"comment_status":"closed","ping_status":"closed","template":"","meta":{"footnotes":""},"class_list":["post-593","page","type-page","status-publish","has-post-thumbnail","hentry"],"_links":{"self":[{"href":"https:\/\/mnzp-muzealnik.pl\/index.php\/wp-json\/wp\/v2\/pages\/593","targetHints":{"allow":["GET"]}}],"collection":[{"href":"https:\/\/mnzp-muzealnik.pl\/index.php\/wp-json\/wp\/v2\/pages"}],"about":[{"href":"https:\/\/mnzp-muzealnik.pl\/index.php\/wp-json\/wp\/v2\/types\/page"}],"author":[{"embeddable":true,"href":"https:\/\/mnzp-muzealnik.pl\/index.php\/wp-json\/wp\/v2\/users\/1"}],"replies":[{"embeddable":true,"href":"https:\/\/mnzp-muzealnik.pl\/index.php\/wp-json\/wp\/v2\/comments?post=593"}],"version-history":[{"count":2,"href":"https:\/\/mnzp-muzealnik.pl\/index.php\/wp-json\/wp\/v2\/pages\/593\/revisions"}],"predecessor-version":[{"id":596,"href":"https:\/\/mnzp-muzealnik.pl\/index.php\/wp-json\/wp\/v2\/pages\/593\/revisions\/596"}],"up":[{"embeddable":true,"href":"https:\/\/mnzp-muzealnik.pl\/index.php\/wp-json\/wp\/v2\/pages\/157"}],"wp:featuredmedia":[{"embeddable":true,"href":"https:\/\/mnzp-muzealnik.pl\/index.php\/wp-json\/wp\/v2\/media\/595"}],"wp:attachment":[{"href":"https:\/\/mnzp-muzealnik.pl\/index.php\/wp-json\/wp\/v2\/media?parent=593"}],"curies":[{"name":"wp","href":"https:\/\/api.w.org\/{rel}","templated":true}]}}