{"id":600,"date":"2025-10-20T22:17:10","date_gmt":"2025-10-20T20:17:10","guid":{"rendered":"https:\/\/mnzp-muzealnik.pl\/?page_id=600"},"modified":"2025-10-20T22:17:57","modified_gmt":"2025-10-20T20:17:57","slug":"kredens","status":"publish","type":"page","link":"https:\/\/mnzp-muzealnik.pl\/index.php\/strona-glowna\/muzeum-historii-miasta-przemysla\/wnetrza-mieszczanskie\/kredens\/","title":{"rendered":"Kredens"},"content":{"rendered":"\n<p>Kredensem nazywano pocz\u0105tkowo osobne pomieszczenie, w kt\u00f3rym przechowywano zastaw\u0119 sto\u0142ow\u0105, szczeg\u00f3lnie cenne naczynia i sztu\u0107ce oraz przygotowywano potrawy do bezpo\u015bredniego podania na st\u00f3\u0142, np. podgrzewano, gdy\u017c cz\u0119sto styg\u0142y w drodze z kuchni lub czekaj\u0105c na swoj\u0105 kolej. Kredensy &#8211; meble wykszta\u0142ci\u0142y si\u0119 w XVII wieku. Pocz\u0105tkowo by\u0142y to meble na wyposa\u017ceniu pomieszczenia \u2013 kredensu, potem pokojowe, na kt\u00f3rych przede wszystkim prezentowano cenne naczynia. Od wykszta\u0142cenia si\u0119 osobnego pokoju &#8211; jadalni ich funkcja w og\u00f3lnym zarysie odpowiada\u0142a funkcji wcze\u015bniejszego pomieszczenia. Nie wiadomo, kiedy wykszta\u0142ci\u0142 si\u0119 typowy mebel kuchenny, ale zapewne mniej wi\u0119cej w tym samym czasie. By\u0142 to mebel dwucz\u0119\u015bciowy z\u0142o\u017cony z szafki i nadstawy, niekiedy zaopatrzony w niedu\u017c\u0105, wentylowan\u0105 szafk\u0119 na \u017cywno\u015b\u0107 najcz\u0119\u015bciej dwucz\u0119\u015bciowy. Najbardziej \u201etypow\u0105\u201d form\u0105 jest dolna szafka z p\u00f3\u0142kami i osobnymi szufladami pod blatem, cz\u0119sto marmurowym, z nadstaw\u0105 w formie tr\u00f3jdzielnej szafki, wspartej na bocznych podporach, z otwart\u0105 przestrzeni\u0105 nad blatem. Kredensy kuchenne zwykle lakierowano na bia\u0142y kolor.<\/p>\n","protected":false},"excerpt":{"rendered":"<p>Kredensem nazywano pocz\u0105tkowo osobne pomieszczenie, w kt\u00f3rym przechowywano zastaw\u0119 sto\u0142ow\u0105, szczeg\u00f3lnie cenne naczynia i sztu\u0107ce oraz przygotowywano potrawy do bezpo\u015bredniego podania na st\u00f3\u0142, np. podgrzewano, gdy\u017c cz\u0119sto styg\u0142y w drodze z kuchni lub czekaj\u0105c na swoj\u0105 kolej. Kredensy &#8211; meble wykszta\u0142ci\u0142y si\u0119 w XVII wieku. Pocz\u0105tkowo by\u0142y to meble na wyposa\u017ceniu pomieszczenia \u2013 kredensu, potem [&hellip;]<\/p>\n","protected":false},"author":1,"featured_media":0,"parent":157,"menu_order":110,"comment_status":"closed","ping_status":"closed","template":"","meta":{"footnotes":""},"class_list":["post-600","page","type-page","status-publish","hentry"],"_links":{"self":[{"href":"https:\/\/mnzp-muzealnik.pl\/index.php\/wp-json\/wp\/v2\/pages\/600","targetHints":{"allow":["GET"]}}],"collection":[{"href":"https:\/\/mnzp-muzealnik.pl\/index.php\/wp-json\/wp\/v2\/pages"}],"about":[{"href":"https:\/\/mnzp-muzealnik.pl\/index.php\/wp-json\/wp\/v2\/types\/page"}],"author":[{"embeddable":true,"href":"https:\/\/mnzp-muzealnik.pl\/index.php\/wp-json\/wp\/v2\/users\/1"}],"replies":[{"embeddable":true,"href":"https:\/\/mnzp-muzealnik.pl\/index.php\/wp-json\/wp\/v2\/comments?post=600"}],"version-history":[{"count":2,"href":"https:\/\/mnzp-muzealnik.pl\/index.php\/wp-json\/wp\/v2\/pages\/600\/revisions"}],"predecessor-version":[{"id":602,"href":"https:\/\/mnzp-muzealnik.pl\/index.php\/wp-json\/wp\/v2\/pages\/600\/revisions\/602"}],"up":[{"embeddable":true,"href":"https:\/\/mnzp-muzealnik.pl\/index.php\/wp-json\/wp\/v2\/pages\/157"}],"wp:attachment":[{"href":"https:\/\/mnzp-muzealnik.pl\/index.php\/wp-json\/wp\/v2\/media?parent=600"}],"curies":[{"name":"wp","href":"https:\/\/api.w.org\/{rel}","templated":true}]}}