{"id":610,"date":"2025-10-20T22:22:11","date_gmt":"2025-10-20T20:22:11","guid":{"rendered":"https:\/\/mnzp-muzealnik.pl\/?page_id=610"},"modified":"2026-02-09T13:19:06","modified_gmt":"2026-02-09T12:19:06","slug":"gazety-przemyskie","status":"publish","type":"page","link":"https:\/\/mnzp-muzealnik.pl\/index.php\/strona-glowna\/muzeum-historii-miasta-przemysla\/wnetrza-mieszczanskie\/gazety-przemyskie\/","title":{"rendered":"Gazety Przemyskie"},"content":{"rendered":"\n<p>Prasa, czy og\u00f3lnie r\u00f3\u017cnego rodzaju wydawnictwa informacyjne s\u0105 znane od wiek\u00f3w. Tak\u017ce w Przemy\u015blu odnotowujemy ich obecno\u015b\u0107 od XVIII wieku. Jednak o regularnie wydawanych gazetach mo\u017cemy m\u00f3wi\u0107 dopiero od drugiej po\u0142owy XIX wieku, a nawet od lat 70. Niekt\u00f3re z nich ukazywa\u0142y si\u0119 tylko przez kilka lat, inne przez kilkadziesi\u0105t. Wi\u0119kszo\u015b\u0107 z nich wychodzi\u0142a dwa razy na tydzie\u0144. Odzwierciedla\u0142y te\u017c r\u00f3\u017cnice w pogl\u0105dach politycznych mieszka\u0144c\u00f3w miasta, szczeg\u00f3lnie od lat 90 XIX. W\u015br\u00f3d znanych dziennik\u00f3w nale\u017cy wymieni\u0107: Dziennik Przemyski\u201d, \u201eEcho Przemyskie\u201d, \u201eEcho znad Sanu\u201d, \u201eGazet\u0119 Przemysk\u0105\u201d, \u201eG\u0142os Przemyski\u201d i \u201eNowy G\u0142os Przemyski\u201d, \u201eKuryer Przemyski\u201d, \u201ePrzegl\u0105d Przemyski\u201d, \u201eSan\u201d oraz \u201eZiemi\u0119 Przemysk\u0105\u201d<\/p>\n","protected":false},"excerpt":{"rendered":"<p>Prasa, czy og\u00f3lnie r\u00f3\u017cnego rodzaju wydawnictwa informacyjne s\u0105 znane od wiek\u00f3w. Tak\u017ce w Przemy\u015blu odnotowujemy ich obecno\u015b\u0107 od XVIII wieku. Jednak o regularnie wydawanych gazetach mo\u017cemy m\u00f3wi\u0107 dopiero od drugiej po\u0142owy XIX wieku, a nawet od lat 70. Niekt\u00f3re z nich ukazywa\u0142y si\u0119 tylko przez kilka lat, inne przez kilkadziesi\u0105t. Wi\u0119kszo\u015b\u0107 z nich wychodzi\u0142a dwa [&hellip;]<\/p>\n","protected":false},"author":1,"featured_media":1277,"parent":157,"menu_order":112,"comment_status":"closed","ping_status":"closed","template":"","meta":{"footnotes":""},"class_list":["post-610","page","type-page","status-publish","has-post-thumbnail","hentry"],"_links":{"self":[{"href":"https:\/\/mnzp-muzealnik.pl\/index.php\/wp-json\/wp\/v2\/pages\/610","targetHints":{"allow":["GET"]}}],"collection":[{"href":"https:\/\/mnzp-muzealnik.pl\/index.php\/wp-json\/wp\/v2\/pages"}],"about":[{"href":"https:\/\/mnzp-muzealnik.pl\/index.php\/wp-json\/wp\/v2\/types\/page"}],"author":[{"embeddable":true,"href":"https:\/\/mnzp-muzealnik.pl\/index.php\/wp-json\/wp\/v2\/users\/1"}],"replies":[{"embeddable":true,"href":"https:\/\/mnzp-muzealnik.pl\/index.php\/wp-json\/wp\/v2\/comments?post=610"}],"version-history":[{"count":1,"href":"https:\/\/mnzp-muzealnik.pl\/index.php\/wp-json\/wp\/v2\/pages\/610\/revisions"}],"predecessor-version":[{"id":611,"href":"https:\/\/mnzp-muzealnik.pl\/index.php\/wp-json\/wp\/v2\/pages\/610\/revisions\/611"}],"up":[{"embeddable":true,"href":"https:\/\/mnzp-muzealnik.pl\/index.php\/wp-json\/wp\/v2\/pages\/157"}],"wp:featuredmedia":[{"embeddable":true,"href":"https:\/\/mnzp-muzealnik.pl\/index.php\/wp-json\/wp\/v2\/media\/1277"}],"wp:attachment":[{"href":"https:\/\/mnzp-muzealnik.pl\/index.php\/wp-json\/wp\/v2\/media?parent=610"}],"curies":[{"name":"wp","href":"https:\/\/api.w.org\/{rel}","templated":true}]}}