{"id":614,"date":"2025-10-20T22:23:46","date_gmt":"2025-10-20T20:23:46","guid":{"rendered":"https:\/\/mnzp-muzealnik.pl\/?page_id=614"},"modified":"2026-02-09T13:08:48","modified_gmt":"2026-02-09T12:08:48","slug":"zestaw-toaletowy","status":"publish","type":"page","link":"https:\/\/mnzp-muzealnik.pl\/index.php\/strona-glowna\/muzeum-historii-miasta-przemysla\/wnetrza-mieszczanskie\/zestaw-toaletowy\/","title":{"rendered":"Zestaw toaletowy"},"content":{"rendered":"\n<p>Przez ca\u0142e wieki w mieszcza\u0144skich kamienicach nie by\u0142o \u0142azienek ani toalet. Ich funkcj\u0119 najcz\u0119\u015bciej spe\u0142nia\u0142a \u0142a\u017ania, zwykle miejska i wychodki ulokowane na ty\u0142ach kamienicy. Ze wzgl\u0119du na wiar\u0119, i\u017c choroby przedostaj\u0105 si\u0119 do organizmu przez pory sk\u00f3ry, szczeg\u00f3lnie rozszerzone pod wp\u0142ywem k\u0105pieli, wielu unika\u0142o mycia, jak tylko mog\u0142o. Stopniowo pogl\u0105dy si\u0119 zmienia\u0142y, ale \u0142azienek przypominaj\u0105cych wsp\u00f3\u0142czesne droga jeszcze by\u0142a daleka. Jednym z wa\u017cnych punkt\u00f3w by\u0142o pojawienie si\u0119 komplet\u00f3w toaletowych, z\u0142o\u017conych z dzbanka na wod\u0119, miednicy i nocnika oraz r\u00f3\u017cnego rodzaju pojemnik\u00f3w na szczotki, myd\u0142o i r\u00f3\u017cne drobiazgi toaletowe. Na wystawie prezentujemy dzbanki i miednice z XIX-wiecznych zestaw\u00f3w toaletowych najbardziej popularnych, bo wykonanych z porcelany i fajansu, zdobionych malatur\u0105 i kalkomani\u0105. Komplety takie produkowa\u0142o wiele wytw\u00f3rni, o r\u00f3\u017cnych i fasonach i sposobach zdobienia. Ich popularno\u015b\u0107 zacz\u0119\u0142a zanika\u0107 wraz z pojawieniem si\u0119 tanich i bardziej wytrzyma\u0142ych naczy\u0144 emaliowanych, a tak\u017ce z rozwojem wodoci\u0105g\u00f3w i kanalizacji, a\u017c zupe\u0142nie wysz\u0142y z u\u017cycia.<\/p>\n","protected":false},"excerpt":{"rendered":"<p>Przez ca\u0142e wieki w mieszcza\u0144skich kamienicach nie by\u0142o \u0142azienek ani toalet. Ich funkcj\u0119 najcz\u0119\u015bciej spe\u0142nia\u0142a \u0142a\u017ania, zwykle miejska i wychodki ulokowane na ty\u0142ach kamienicy. Ze wzgl\u0119du na wiar\u0119, i\u017c choroby przedostaj\u0105 si\u0119 do organizmu przez pory sk\u00f3ry, szczeg\u00f3lnie rozszerzone pod wp\u0142ywem k\u0105pieli, wielu unika\u0142o mycia, jak tylko mog\u0142o. Stopniowo pogl\u0105dy si\u0119 zmienia\u0142y, ale \u0142azienek przypominaj\u0105cych [&hellip;]<\/p>\n","protected":false},"author":1,"featured_media":1268,"parent":157,"menu_order":113,"comment_status":"closed","ping_status":"closed","template":"","meta":{"footnotes":""},"class_list":["post-614","page","type-page","status-publish","has-post-thumbnail","hentry"],"_links":{"self":[{"href":"https:\/\/mnzp-muzealnik.pl\/index.php\/wp-json\/wp\/v2\/pages\/614","targetHints":{"allow":["GET"]}}],"collection":[{"href":"https:\/\/mnzp-muzealnik.pl\/index.php\/wp-json\/wp\/v2\/pages"}],"about":[{"href":"https:\/\/mnzp-muzealnik.pl\/index.php\/wp-json\/wp\/v2\/types\/page"}],"author":[{"embeddable":true,"href":"https:\/\/mnzp-muzealnik.pl\/index.php\/wp-json\/wp\/v2\/users\/1"}],"replies":[{"embeddable":true,"href":"https:\/\/mnzp-muzealnik.pl\/index.php\/wp-json\/wp\/v2\/comments?post=614"}],"version-history":[{"count":1,"href":"https:\/\/mnzp-muzealnik.pl\/index.php\/wp-json\/wp\/v2\/pages\/614\/revisions"}],"predecessor-version":[{"id":615,"href":"https:\/\/mnzp-muzealnik.pl\/index.php\/wp-json\/wp\/v2\/pages\/614\/revisions\/615"}],"up":[{"embeddable":true,"href":"https:\/\/mnzp-muzealnik.pl\/index.php\/wp-json\/wp\/v2\/pages\/157"}],"wp:featuredmedia":[{"embeddable":true,"href":"https:\/\/mnzp-muzealnik.pl\/index.php\/wp-json\/wp\/v2\/media\/1268"}],"wp:attachment":[{"href":"https:\/\/mnzp-muzealnik.pl\/index.php\/wp-json\/wp\/v2\/media?parent=614"}],"curies":[{"name":"wp","href":"https:\/\/api.w.org\/{rel}","templated":true}]}}