{"id":618,"date":"2025-10-20T22:26:01","date_gmt":"2025-10-20T20:26:01","guid":{"rendered":"https:\/\/mnzp-muzealnik.pl\/?page_id=618"},"modified":"2025-10-20T22:26:53","modified_gmt":"2025-10-20T20:26:53","slug":"meble-biedermeier","status":"publish","type":"page","link":"https:\/\/mnzp-muzealnik.pl\/index.php\/strona-glowna\/muzeum-historii-miasta-przemysla\/wnetrza-mieszczanskie\/meble-biedermeier\/","title":{"rendered":"Meble Biedermeier"},"content":{"rendered":"\n<p>Koniec wojen napoleo\u0144skich przyni\u00f3s\u0142 szereg zmian w obyczajowo\u015bci, w tym w urz\u0105dzaniu wn\u0119trz. W wielu krajach na pierwszym miejscu zacz\u0119to stawia\u0107 \u017cycie rodzinne w domowym zaciszu. Znalaz\u0142o to odbicie tak\u017ce w produkowanych wtedy meblach. Przede wszystkim zrezygnowano z wi\u0119kszo\u015bci ozd\u00f3b, a tak\u017ce z kosztownych gatunk\u00f3w drewna. Meble zyska\u0142y proste kszta\u0142ty, poprawiono te\u017c jako\u015b\u0107 i wygod\u0119 tapicerowania, zw\u0142aszcza kanap i foteli. Powszechnie zacz\u0119to stosowa\u0107 okleiny z cenniejszych gatunk\u00f3w, zamiast drewna litego, co przyczyni\u0142o do znacznego potanienia stolarskich wyrob\u00f3w. Jak wi\u0119kszo\u015b\u0107 mebli z tamtego czasu komplet prezentowany w salonie jest pokryty jasnym fornirem i ozdobiony skromnymi motywami stylizowanych wachlarzy. Nogi sto\u0142u maj\u0105 kszta\u0142t liry. Siedziska krzese\u0142 i foteli, podobnie jak kanapa s\u0105 tapicerowane i pokryte tkanin\u0105 w pasy i motywy kwiatowe, nawi\u0105zuj\u0105c\u0105 do wzor\u00f3w z epoki, gdy\u017c oryginalna si\u0119 nie zachowa\u0142a.<\/p>\n","protected":false},"excerpt":{"rendered":"<p>Koniec wojen napoleo\u0144skich przyni\u00f3s\u0142 szereg zmian w obyczajowo\u015bci, w tym w urz\u0105dzaniu wn\u0119trz. W wielu krajach na pierwszym miejscu zacz\u0119to stawia\u0107 \u017cycie rodzinne w domowym zaciszu. Znalaz\u0142o to odbicie tak\u017ce w produkowanych wtedy meblach. Przede wszystkim zrezygnowano z wi\u0119kszo\u015bci ozd\u00f3b, a tak\u017ce z kosztownych gatunk\u00f3w drewna. Meble zyska\u0142y proste kszta\u0142ty, poprawiono te\u017c jako\u015b\u0107 i wygod\u0119 [&hellip;]<\/p>\n","protected":false},"author":1,"featured_media":0,"parent":157,"menu_order":114,"comment_status":"closed","ping_status":"closed","template":"","meta":{"footnotes":""},"class_list":["post-618","page","type-page","status-publish","hentry"],"_links":{"self":[{"href":"https:\/\/mnzp-muzealnik.pl\/index.php\/wp-json\/wp\/v2\/pages\/618","targetHints":{"allow":["GET"]}}],"collection":[{"href":"https:\/\/mnzp-muzealnik.pl\/index.php\/wp-json\/wp\/v2\/pages"}],"about":[{"href":"https:\/\/mnzp-muzealnik.pl\/index.php\/wp-json\/wp\/v2\/types\/page"}],"author":[{"embeddable":true,"href":"https:\/\/mnzp-muzealnik.pl\/index.php\/wp-json\/wp\/v2\/users\/1"}],"replies":[{"embeddable":true,"href":"https:\/\/mnzp-muzealnik.pl\/index.php\/wp-json\/wp\/v2\/comments?post=618"}],"version-history":[{"count":1,"href":"https:\/\/mnzp-muzealnik.pl\/index.php\/wp-json\/wp\/v2\/pages\/618\/revisions"}],"predecessor-version":[{"id":619,"href":"https:\/\/mnzp-muzealnik.pl\/index.php\/wp-json\/wp\/v2\/pages\/618\/revisions\/619"}],"up":[{"embeddable":true,"href":"https:\/\/mnzp-muzealnik.pl\/index.php\/wp-json\/wp\/v2\/pages\/157"}],"wp:attachment":[{"href":"https:\/\/mnzp-muzealnik.pl\/index.php\/wp-json\/wp\/v2\/media?parent=618"}],"curies":[{"name":"wp","href":"https:\/\/api.w.org\/{rel}","templated":true}]}}