{"id":630,"date":"2025-10-20T22:31:29","date_gmt":"2025-10-20T20:31:29","guid":{"rendered":"https:\/\/mnzp-muzealnik.pl\/?page_id=630"},"modified":"2026-02-09T13:14:20","modified_gmt":"2026-02-09T12:14:20","slug":"lawa-z-podnoszonym-siedzeniem-cassapanca","status":"publish","type":"page","link":"https:\/\/mnzp-muzealnik.pl\/index.php\/strona-glowna\/muzeum-historii-miasta-przemysla\/wnetrza-mieszczanskie\/lawa-z-podnoszonym-siedzeniem-cassapanca\/","title":{"rendered":"\u0141awa z podnoszonym siedzeniem \u2013 cassapanca"},"content":{"rendered":"\n<p>Cassapanca to mebel do siedzenia, \u0142awa skrzyniowa, zaopatrzona w pe\u0142ne oparcie i por\u0119cze. Zwykle by\u0142a bogato zdobiona, najcz\u0119\u015bciej snycerk\u0105, tj. rze\u017abionymi ornamentami. Wykszta\u0142ci\u0142a si\u0119 prawdopodobnie w XV lub XVI z cassone, to jest ozdobnej skrzyni, tradycyjnie u\u017cywanej we W\u0142oszech, zwykle stanowi\u0105cej prezent \u015blubny, rodzaj skrzyni wiannej. Cassone zwykle by\u0142y prostok\u0105tne, r\u00f3wnie\u017c bogato zdobione, zar\u00f3wno snycerk\u0105, jak i malatur\u0105, a dodanie do nich oparcia i por\u0119czy spowodowa\u0142o powstanie nowego mebla &#8211; cassone, kt\u00f3ry poza tym zachowywa\u0142 cechy skrzyni. Jego siedzisk jednocze\u015bnie by\u0142o wiekiem skrzyni. Znana od renesansu, cassapanca by\u0142a popularna w XVII wieku, a nast\u0119pnie w XIX, w okresie historyzmu. XIX-wieczne cassapanki czasem mia\u0142y tapicerowane siedzisko, oparcie, a nawet por\u0119cze.<\/p>\n","protected":false},"excerpt":{"rendered":"<p>Cassapanca to mebel do siedzenia, \u0142awa skrzyniowa, zaopatrzona w pe\u0142ne oparcie i por\u0119cze. Zwykle by\u0142a bogato zdobiona, najcz\u0119\u015bciej snycerk\u0105, tj. rze\u017abionymi ornamentami. Wykszta\u0142ci\u0142a si\u0119 prawdopodobnie w XV lub XVI z cassone, to jest ozdobnej skrzyni, tradycyjnie u\u017cywanej we W\u0142oszech, zwykle stanowi\u0105cej prezent \u015blubny, rodzaj skrzyni wiannej. Cassone zwykle by\u0142y prostok\u0105tne, r\u00f3wnie\u017c bogato zdobione, zar\u00f3wno snycerk\u0105, [&hellip;]<\/p>\n","protected":false},"author":1,"featured_media":1272,"parent":157,"menu_order":117,"comment_status":"closed","ping_status":"closed","template":"","meta":{"footnotes":""},"class_list":["post-630","page","type-page","status-publish","has-post-thumbnail","hentry"],"_links":{"self":[{"href":"https:\/\/mnzp-muzealnik.pl\/index.php\/wp-json\/wp\/v2\/pages\/630","targetHints":{"allow":["GET"]}}],"collection":[{"href":"https:\/\/mnzp-muzealnik.pl\/index.php\/wp-json\/wp\/v2\/pages"}],"about":[{"href":"https:\/\/mnzp-muzealnik.pl\/index.php\/wp-json\/wp\/v2\/types\/page"}],"author":[{"embeddable":true,"href":"https:\/\/mnzp-muzealnik.pl\/index.php\/wp-json\/wp\/v2\/users\/1"}],"replies":[{"embeddable":true,"href":"https:\/\/mnzp-muzealnik.pl\/index.php\/wp-json\/wp\/v2\/comments?post=630"}],"version-history":[{"count":1,"href":"https:\/\/mnzp-muzealnik.pl\/index.php\/wp-json\/wp\/v2\/pages\/630\/revisions"}],"predecessor-version":[{"id":631,"href":"https:\/\/mnzp-muzealnik.pl\/index.php\/wp-json\/wp\/v2\/pages\/630\/revisions\/631"}],"up":[{"embeddable":true,"href":"https:\/\/mnzp-muzealnik.pl\/index.php\/wp-json\/wp\/v2\/pages\/157"}],"wp:featuredmedia":[{"embeddable":true,"href":"https:\/\/mnzp-muzealnik.pl\/index.php\/wp-json\/wp\/v2\/media\/1272"}],"wp:attachment":[{"href":"https:\/\/mnzp-muzealnik.pl\/index.php\/wp-json\/wp\/v2\/media?parent=630"}],"curies":[{"name":"wp","href":"https:\/\/api.w.org\/{rel}","templated":true}]}}