{"id":634,"date":"2025-10-20T22:32:42","date_gmt":"2025-10-20T20:32:42","guid":{"rendered":"https:\/\/mnzp-muzealnik.pl\/?page_id=634"},"modified":"2026-02-09T13:17:09","modified_gmt":"2026-02-09T12:17:09","slug":"rozaniec","status":"publish","type":"page","link":"https:\/\/mnzp-muzealnik.pl\/index.php\/strona-glowna\/muzeum-historii-miasta-przemysla\/wnetrza-mieszczanskie\/rozaniec\/","title":{"rendered":"R\u00f3\u017caniec"},"content":{"rendered":"\n<p>R\u00f3\u017caniec \u2013 sznur z paciorkami u\u0142atwiaj\u0105cymi odmawianie modlitwy znany jest ju\u017c z ikonografii \u015bredniowiecznej. Sama modlitwa sk\u0142adaj\u0105ca si\u0119 z powt\u00f3rze\u0144 Ave Maria, powi\u0105zanym z rozwa\u017caniem tajemnic z \u017cycia Matki Boskiej i Jezusa w r\u00f3\u017cnych formach znana jest co najmniej od \u015bredniowiecza. W obecnej postaci ukonstytuowa\u0142a si\u0119 w XVI w., zatwierdzona przez papie\u017ca Piusa V w 1568 r. Jej pocz\u0105tki, w postaci wielokrotnie powtarzanych fraz modlitewnych, pierwotnie jeszcze nie maryjnych, podobno si\u0119gaj\u0105 wczesnego chrze\u015bcija\u0144stwa. Tak\u017ce w tym czasie mia\u0142 pojawi\u0107 si\u0119 spos\u00f3b zliczania modlitw przy pomocy kamyk\u00f3w, a nast\u0119pnie w\u0119z\u0142\u00f3w na sznurach. Sznury wyst\u0119powa\u0142y w wersji otwartej, to jest sznura lu\u017ano puszczonego, lub zamkni\u0119tej, w kt\u00f3rej ko\u0144ce sznura by\u0142y ze sob\u0105 po\u0142\u0105czone. Ta druga szybko zyska\u0142a na popularno\u015bci, jako praktyczniejsza w u\u017cyciu. W Polsce sznury modlitewne pojawi\u0142y w podobnym czasie, jak na Zachodzie Europy. Tak\u017ce modlitwa r\u00f3\u017ca\u0144cowa w swojej rozwini\u0119tej formie, podobnie jak bractwa r\u00f3\u017ca\u0144cowe, zacz\u0119\u0142a funkcjonowa\u0107 ju\u017c na prze\u0142omie XV i XVI w., by najwi\u0119ksz\u0105 powszechno\u015b\u0107 i popularno\u015b\u0107 zyska\u0107 w XVII w. Paciorki wykonywano z przer\u00f3\u017cnych materia\u0142\u00f3w: ko\u015bci, drewna, ceramiki, szk\u0142a, kamieni szlachetnych i ozdobnych. Nie wiadomo kiedy, ale zapewne co najmniej od XVIII wieku wykszta\u0142ci\u0142y si\u0119 centra produkcji, charakteryzuj\u0105ce si\u0119 u\u017cyciem okre\u015blonych materia\u0142\u00f3w i zdobie\u0144, po kt\u00f3rych identyfikowano miejsce pochodzenia r\u00f3\u017ca\u0144ca. Szybko te\u017c sta\u0142y si\u0119 pami\u0105tkami z miejsc kultu maryjnego, czego przyk\u0142adem jest prezentowany r\u00f3\u017caniec, wykonany z paciork\u00f3w z sanda\u0142owca, b\u0119d\u0105cy pami\u0105tk\u0105 z sanktuarium w Lourdes we Francji.<\/p>\n","protected":false},"excerpt":{"rendered":"<p>R\u00f3\u017caniec \u2013 sznur z paciorkami u\u0142atwiaj\u0105cymi odmawianie modlitwy znany jest ju\u017c z ikonografii \u015bredniowiecznej. Sama modlitwa sk\u0142adaj\u0105ca si\u0119 z powt\u00f3rze\u0144 Ave Maria, powi\u0105zanym z rozwa\u017caniem tajemnic z \u017cycia Matki Boskiej i Jezusa w r\u00f3\u017cnych formach znana jest co najmniej od \u015bredniowiecza. W obecnej postaci ukonstytuowa\u0142a si\u0119 w XVI w., zatwierdzona przez papie\u017ca Piusa V w [&hellip;]<\/p>\n","protected":false},"author":1,"featured_media":1275,"parent":157,"menu_order":118,"comment_status":"closed","ping_status":"closed","template":"","meta":{"footnotes":""},"class_list":["post-634","page","type-page","status-publish","has-post-thumbnail","hentry"],"_links":{"self":[{"href":"https:\/\/mnzp-muzealnik.pl\/index.php\/wp-json\/wp\/v2\/pages\/634","targetHints":{"allow":["GET"]}}],"collection":[{"href":"https:\/\/mnzp-muzealnik.pl\/index.php\/wp-json\/wp\/v2\/pages"}],"about":[{"href":"https:\/\/mnzp-muzealnik.pl\/index.php\/wp-json\/wp\/v2\/types\/page"}],"author":[{"embeddable":true,"href":"https:\/\/mnzp-muzealnik.pl\/index.php\/wp-json\/wp\/v2\/users\/1"}],"replies":[{"embeddable":true,"href":"https:\/\/mnzp-muzealnik.pl\/index.php\/wp-json\/wp\/v2\/comments?post=634"}],"version-history":[{"count":1,"href":"https:\/\/mnzp-muzealnik.pl\/index.php\/wp-json\/wp\/v2\/pages\/634\/revisions"}],"predecessor-version":[{"id":635,"href":"https:\/\/mnzp-muzealnik.pl\/index.php\/wp-json\/wp\/v2\/pages\/634\/revisions\/635"}],"up":[{"embeddable":true,"href":"https:\/\/mnzp-muzealnik.pl\/index.php\/wp-json\/wp\/v2\/pages\/157"}],"wp:featuredmedia":[{"embeddable":true,"href":"https:\/\/mnzp-muzealnik.pl\/index.php\/wp-json\/wp\/v2\/media\/1275"}],"wp:attachment":[{"href":"https:\/\/mnzp-muzealnik.pl\/index.php\/wp-json\/wp\/v2\/media?parent=634"}],"curies":[{"name":"wp","href":"https:\/\/api.w.org\/{rel}","templated":true}]}}