{"id":638,"date":"2025-10-20T22:37:05","date_gmt":"2025-10-20T20:37:05","guid":{"rendered":"https:\/\/mnzp-muzealnik.pl\/?page_id=638"},"modified":"2025-10-20T22:37:55","modified_gmt":"2025-10-20T20:37:55","slug":"aparat-fotograficzny-mieszkowy-podrozny-kodak","status":"publish","type":"page","link":"https:\/\/mnzp-muzealnik.pl\/index.php\/strona-glowna\/muzeum-historii-miasta-przemysla\/atelier-fotograficzne-b-hennera\/aparat-fotograficzny-mieszkowy-podrozny-kodak\/","title":{"rendered":"Aparat fotograficzny mieszkowy podr\u00f3\u017cny: Kodak"},"content":{"rendered":"\n<p>Aparat fotograficzny przeno\u015bny, mieszkowy, na film zwojowy tzw. szeroki o formacie klatki 6&#215;6 cm. Korpus aparatu wykonany jest z blachy stalowej, w formie wyd\u0142u\u017conego prostopad\u0142o\u015bcianu o zaokr\u0105glonych kr\u00f3tszych bokach. Od wewn\u0105trz jest pokryty czarnym, matowym lakierem, od zewn\u0105trz sk\u00f3r\u0105 barwion\u0105 na czarno. Tylna \u015bcianka jest otwierana w ca\u0142o\u015bci, \u0142\u0105cznie z zaokr\u0105glonymi naro\u017cnikami i zamykana na zatrzaski umocowane w 1\/3 d\u0142ugo\u015bci bok\u00f3w z lewej strony. Z lewej strony, u do\u0142u znajduje si\u0119 okr\u0105g\u0142y otw\u00f3r do sprawdzania numeru klatki na filmie, pierwotnie przes\u0142oni\u0119ty czerwon\u0105 szybk\u0105. Z prawej strony znajduje si\u0119 pionowa szpara, przes\u0142oni\u0119ta ruchom\u0105 klapk\u0105, umo\u017cliwiaj\u0105ca naniesienie napisu na negatyw. Klapka jest mosi\u0119\u017cna, lakierowana na czarno, z wybitym napisem: USE AUTOGRAPHIC FILM \/ NO.A-116. Obok klapki zachowane s\u0105 uchwyty na metalowy sztyft (rysik) do pisania. Od wewn\u0105trz przymocowane s\u0105 dwie spr\u0119\u017cynuj\u0105ce listwy dociskaj\u0105ce film do obudowy mieszka. Na \u015bciance wybite s\u0105 numery i daty patent\u00f3w w Stanach Zjednoczonych, Kanadzie i Australii. W naro\u017cnikach d\u0142u\u017cszych bok\u00f3w widoczne s\u0105 ko\u0144ce sztyft\u00f3w, na kt\u00f3rych montuje si\u0119 szpule z filmem. U g\u00f3ry z prawej strony znajduje si\u0119 chromowany uchwyt do przewijania filmu. Ma form\u0119 \u0142ukowatej ruchomej r\u0105czki zamocowanej na sztyfcie. W ko\u0144cach kr\u00f3tszych bok\u00f3w uformowane s\u0105 gniazda na szpule z filmem. Na \u015bciance jednego z gniazd jest wybita nazwa i model aparatu. Du\u017ca, \u015brodkowa cz\u0119\u015b\u0107 \u015bcianki przedniej jest otwierana, z j\u0119zyczkiem do otwierania umocowanym przy kraw\u0119dzi. J\u0119zyczek umo\u017cliwia oparcie \u015bcianki po otwarciu i postawieniu aparatu. Na j\u0119zyczku widnieje wypuk\u0142a nazwa: Kodak, napisana alfabetem neogotyckim, chromowana na czarnym tle. Drzwiczki s\u0105 zamykane zatrzaskiem. Przycisk zatrzasku znajduje si\u0119 na w\u0105skim, \u201edolnym\u201d boku aparatu. Na tym samym boku, po\u015brodku, znajduje si\u0119 gwintowany otw\u00f3r do umocowania statywu. Wewn\u0105trz korpusu jest schowany z\u0142o\u017cony, ruchomy mieszek z czarnej tkaniny, zako\u0144czony obiektywem. Obiektyw pod nazw\u0105 Kodak Ball Bearing Shutter, z wizjerem z soczewkami i lustrem jest zamocowany na obejmie na ko\u0144cu mieszka. Na przedniej \u015bciance aparatu umocowana jest prowadnica &#8211; szyna mieszka. Z lewej strony znajduje si\u0119 tabelka nastawcza z miarami w stopach i metrach, a z prawej tabliczka z nazw\u0105 producenta i numerem 13664. Na jednym z kr\u00f3tszych bok\u00f3w tylnej \u015bcianki umocowana jest sk\u00f3rzana, kr\u00f3tka p\u0119tla do noszenia aparatu z wyt\u0142oczon\u0105 nazw\u0105 KODAK.<\/p>\n","protected":false},"excerpt":{"rendered":"<p>Aparat fotograficzny przeno\u015bny, mieszkowy, na film zwojowy tzw. szeroki o formacie klatki 6&#215;6 cm. Korpus aparatu wykonany jest z blachy stalowej, w formie wyd\u0142u\u017conego prostopad\u0142o\u015bcianu o zaokr\u0105glonych kr\u00f3tszych bokach. Od wewn\u0105trz jest pokryty czarnym, matowym lakierem, od zewn\u0105trz sk\u00f3r\u0105 barwion\u0105 na czarno. Tylna \u015bcianka jest otwierana w ca\u0142o\u015bci, \u0142\u0105cznie z zaokr\u0105glonymi naro\u017cnikami i zamykana na [&hellip;]<\/p>\n","protected":false},"author":1,"featured_media":642,"parent":159,"menu_order":119,"comment_status":"closed","ping_status":"closed","template":"","meta":{"footnotes":""},"class_list":["post-638","page","type-page","status-publish","has-post-thumbnail","hentry"],"_links":{"self":[{"href":"https:\/\/mnzp-muzealnik.pl\/index.php\/wp-json\/wp\/v2\/pages\/638","targetHints":{"allow":["GET"]}}],"collection":[{"href":"https:\/\/mnzp-muzealnik.pl\/index.php\/wp-json\/wp\/v2\/pages"}],"about":[{"href":"https:\/\/mnzp-muzealnik.pl\/index.php\/wp-json\/wp\/v2\/types\/page"}],"author":[{"embeddable":true,"href":"https:\/\/mnzp-muzealnik.pl\/index.php\/wp-json\/wp\/v2\/users\/1"}],"replies":[{"embeddable":true,"href":"https:\/\/mnzp-muzealnik.pl\/index.php\/wp-json\/wp\/v2\/comments?post=638"}],"version-history":[{"count":1,"href":"https:\/\/mnzp-muzealnik.pl\/index.php\/wp-json\/wp\/v2\/pages\/638\/revisions"}],"predecessor-version":[{"id":643,"href":"https:\/\/mnzp-muzealnik.pl\/index.php\/wp-json\/wp\/v2\/pages\/638\/revisions\/643"}],"up":[{"embeddable":true,"href":"https:\/\/mnzp-muzealnik.pl\/index.php\/wp-json\/wp\/v2\/pages\/159"}],"wp:featuredmedia":[{"embeddable":true,"href":"https:\/\/mnzp-muzealnik.pl\/index.php\/wp-json\/wp\/v2\/media\/642"}],"wp:attachment":[{"href":"https:\/\/mnzp-muzealnik.pl\/index.php\/wp-json\/wp\/v2\/media?parent=638"}],"curies":[{"name":"wp","href":"https:\/\/api.w.org\/{rel}","templated":true}]}}