{"id":648,"date":"2025-10-20T22:41:08","date_gmt":"2025-10-20T20:41:08","guid":{"rendered":"https:\/\/mnzp-muzealnik.pl\/?page_id=648"},"modified":"2025-10-20T22:41:54","modified_gmt":"2025-10-20T20:41:54","slug":"aparat-fotograficzny","status":"publish","type":"page","link":"https:\/\/mnzp-muzealnik.pl\/index.php\/strona-glowna\/muzeum-historii-miasta-przemysla\/atelier-fotograficzne-b-hennera\/aparat-fotograficzny\/","title":{"rendered":"Aparat fotograficzny"},"content":{"rendered":"\n<p>Aparat fotograficzny tzw. atelierowy, przeznaczony do wykonywania zdj\u0119\u0107 w pomieszczeniach, wielkoformatowych. Zamocowany jest na masywnym, drewnianym statywie wspartym na trzech n\u00f3\u017ckach po\u0142\u0105czonych dwiema p\u00f3\u0142kami. Aparat z\u0142o\u017cony jest z dw\u00f3ch cz\u0119\u015bci &#8211; drewnianych \u015bcianek, po\u0142\u0105czonych miechem z czarnego p\u0142\u00f3tna wzmocnionym w naro\u017cach sk\u00f3r\u0105. W przedniej \u015bcianie umieszczony jest wymienny obiektyw, w tylnej &#8211; rama z mat\u00f3wk\u0105, do kt\u00f3rej wsuwano kasety ze \u015bwiat\u0142oczu\u0142\u0105 klisz\u0105. Miech przesuwany na prowadnicach zamocowanych na pulpicie statywu, z mo\u017cliwo\u015bci\u0105 wysuni\u0119cia do dwukrotnej d\u0142ugo\u015bci, ze wsparciem po\u015brodku z drewnianej listwy. Pulpit statywu prostok\u0105tny, osadzony na masywnym oskrzynieniu. Na powierzchni statywu rozmieszczone s\u0105 mechanizmy umo\u017cliwiaj\u0105ce przesuwanie aparatu i jego jak najlepsze ustawienie do zdejmowania fotografii. aparat zosta\u0142 wyprodukowany we Wiedniu, w wytw\u00f3rni R.A. Goldmann istniej\u0105cej od 1858 r., prawdopodobnie w latach 60. XIX wieku.<\/p>\n","protected":false},"excerpt":{"rendered":"<p>Aparat fotograficzny tzw. atelierowy, przeznaczony do wykonywania zdj\u0119\u0107 w pomieszczeniach, wielkoformatowych. Zamocowany jest na masywnym, drewnianym statywie wspartym na trzech n\u00f3\u017ckach po\u0142\u0105czonych dwiema p\u00f3\u0142kami. Aparat z\u0142o\u017cony jest z dw\u00f3ch cz\u0119\u015bci &#8211; drewnianych \u015bcianek, po\u0142\u0105czonych miechem z czarnego p\u0142\u00f3tna wzmocnionym w naro\u017cach sk\u00f3r\u0105. W przedniej \u015bcianie umieszczony jest wymienny obiektyw, w tylnej &#8211; rama z mat\u00f3wk\u0105, [&hellip;]<\/p>\n","protected":false},"author":1,"featured_media":0,"parent":159,"menu_order":120,"comment_status":"closed","ping_status":"closed","template":"","meta":{"footnotes":""},"class_list":["post-648","page","type-page","status-publish","hentry"],"_links":{"self":[{"href":"https:\/\/mnzp-muzealnik.pl\/index.php\/wp-json\/wp\/v2\/pages\/648","targetHints":{"allow":["GET"]}}],"collection":[{"href":"https:\/\/mnzp-muzealnik.pl\/index.php\/wp-json\/wp\/v2\/pages"}],"about":[{"href":"https:\/\/mnzp-muzealnik.pl\/index.php\/wp-json\/wp\/v2\/types\/page"}],"author":[{"embeddable":true,"href":"https:\/\/mnzp-muzealnik.pl\/index.php\/wp-json\/wp\/v2\/users\/1"}],"replies":[{"embeddable":true,"href":"https:\/\/mnzp-muzealnik.pl\/index.php\/wp-json\/wp\/v2\/comments?post=648"}],"version-history":[{"count":1,"href":"https:\/\/mnzp-muzealnik.pl\/index.php\/wp-json\/wp\/v2\/pages\/648\/revisions"}],"predecessor-version":[{"id":649,"href":"https:\/\/mnzp-muzealnik.pl\/index.php\/wp-json\/wp\/v2\/pages\/648\/revisions\/649"}],"up":[{"embeddable":true,"href":"https:\/\/mnzp-muzealnik.pl\/index.php\/wp-json\/wp\/v2\/pages\/159"}],"wp:attachment":[{"href":"https:\/\/mnzp-muzealnik.pl\/index.php\/wp-json\/wp\/v2\/media?parent=648"}],"curies":[{"name":"wp","href":"https:\/\/api.w.org\/{rel}","templated":true}]}}