{"id":652,"date":"2025-10-20T22:46:48","date_gmt":"2025-10-20T20:46:48","guid":{"rendered":"https:\/\/mnzp-muzealnik.pl\/?page_id=652"},"modified":"2025-10-20T22:47:00","modified_gmt":"2025-10-20T20:47:00","slug":"medalion-z-portretem-profilowym-l-j-daguerra","status":"publish","type":"page","link":"https:\/\/mnzp-muzealnik.pl\/index.php\/strona-glowna\/muzeum-historii-miasta-przemysla\/atelier-fotograficzne-b-hennera\/medalion-z-portretem-profilowym-l-j-daguerra\/","title":{"rendered":"Medalion z portretem profilowym L. J. Daguerra"},"content":{"rendered":"\n<p>Autor projektu Artur Kann, Medalion z portretem Louisa Jacquesa Daguerra, oko\u0142o 1890 roku, Wiede\u0144. Odlew, gips patynowany. Wymiary: \u015brednica 48 cm. Zbiory Muzeum Narodowego Ziemi Przemyskiej w Przemy\u015blu. Owalna plakieta ma form\u0119 p\u0142askorze\u017aby odlanej z gipsu, pokryta br\u0105zow\u0105 farb\u0105 imituj\u0105c\u0105 patyn\u0119 metalu. Portret opracowany realistycznie. Na \u015brodku owalu, na g\u0142adkim tle, przedstawiony m\u0119\u017cczyzna ukazany w lewym profilu, do linii szyi. M\u0119\u017cczyzna ma du\u017cy garbaty nos, w\u0105sy, ma\u0142y podbr\u00f3dek. Fryzura z grzywk\u0105, w\u0142osy pofalowane d\u0142ugie do uszu, wida\u0107 po\u0142ow\u0119 ucha. Ma chropowat\u0105 sk\u00f3r\u0119 i zmarszczki mimiczne. Medalion otoczony szerok\u0105, profilowan\u0105 ramk\u0105. Z lewej strony portretowanego, na tle, wkl\u0119s\u0142y napis: L. J. M. DACUERRE. Obecno\u015b\u0107 pami\u0105tkowego medalionu na wystawie nie jest przypadkowa. Louis Jacques Daguerr (urodzi\u0142 si\u0119 1787 roku, zmar\u0142 w 1851 roku), by\u0142 francuskim malarzem i scenografem a przede wszystkim wynalazc\u0105 pierwszej techniki fotograficznej zaprezentowanej w 1839 roku. Metod\u0119 t\u0105 nazwano od jego nazwiska dagerotypi\u0105. Na \u015bcianie, obok jego portretu wisi identyczny medalion z portretem Josepha Nicefora Niepca wsp\u00f3\u0142pracownika Daguerra. Wni\u00f3s\u0142 on du\u017cy wk\u0142ad do bada\u0144 nad now\u0105 technik\u0105, niestety zmar\u0142 zanim metoda zosta\u0142a ca\u0142kowicie opracowana.<\/p>\n","protected":false},"excerpt":{"rendered":"<p>Autor projektu Artur Kann, Medalion z portretem Louisa Jacquesa Daguerra, oko\u0142o 1890 roku, Wiede\u0144. Odlew, gips patynowany. Wymiary: \u015brednica 48 cm. Zbiory Muzeum Narodowego Ziemi Przemyskiej w Przemy\u015blu. Owalna plakieta ma form\u0119 p\u0142askorze\u017aby odlanej z gipsu, pokryta br\u0105zow\u0105 farb\u0105 imituj\u0105c\u0105 patyn\u0119 metalu. Portret opracowany realistycznie. Na \u015brodku owalu, na g\u0142adkim tle, przedstawiony m\u0119\u017cczyzna ukazany w [&hellip;]<\/p>\n","protected":false},"author":1,"featured_media":653,"parent":159,"menu_order":121,"comment_status":"closed","ping_status":"closed","template":"","meta":{"footnotes":""},"class_list":["post-652","page","type-page","status-publish","has-post-thumbnail","hentry"],"_links":{"self":[{"href":"https:\/\/mnzp-muzealnik.pl\/index.php\/wp-json\/wp\/v2\/pages\/652","targetHints":{"allow":["GET"]}}],"collection":[{"href":"https:\/\/mnzp-muzealnik.pl\/index.php\/wp-json\/wp\/v2\/pages"}],"about":[{"href":"https:\/\/mnzp-muzealnik.pl\/index.php\/wp-json\/wp\/v2\/types\/page"}],"author":[{"embeddable":true,"href":"https:\/\/mnzp-muzealnik.pl\/index.php\/wp-json\/wp\/v2\/users\/1"}],"replies":[{"embeddable":true,"href":"https:\/\/mnzp-muzealnik.pl\/index.php\/wp-json\/wp\/v2\/comments?post=652"}],"version-history":[{"count":1,"href":"https:\/\/mnzp-muzealnik.pl\/index.php\/wp-json\/wp\/v2\/pages\/652\/revisions"}],"predecessor-version":[{"id":654,"href":"https:\/\/mnzp-muzealnik.pl\/index.php\/wp-json\/wp\/v2\/pages\/652\/revisions\/654"}],"up":[{"embeddable":true,"href":"https:\/\/mnzp-muzealnik.pl\/index.php\/wp-json\/wp\/v2\/pages\/159"}],"wp:featuredmedia":[{"embeddable":true,"href":"https:\/\/mnzp-muzealnik.pl\/index.php\/wp-json\/wp\/v2\/media\/653"}],"wp:attachment":[{"href":"https:\/\/mnzp-muzealnik.pl\/index.php\/wp-json\/wp\/v2\/media?parent=652"}],"curies":[{"name":"wp","href":"https:\/\/api.w.org\/{rel}","templated":true}]}}