{"id":658,"date":"2025-10-20T22:49:16","date_gmt":"2025-10-20T20:49:16","guid":{"rendered":"https:\/\/mnzp-muzealnik.pl\/?page_id=658"},"modified":"2025-10-20T22:49:31","modified_gmt":"2025-10-20T20:49:31","slug":"wyposazenie-retuszerni","status":"publish","type":"page","link":"https:\/\/mnzp-muzealnik.pl\/index.php\/strona-glowna\/muzeum-historii-miasta-przemysla\/atelier-fotograficzne-b-hennera\/wyposazenie-retuszerni\/","title":{"rendered":"Wyposa\u017cenie retuszerni"},"content":{"rendered":"\n<p>Retuszernie w dawnych zak\u0142adach fotograficznych mia\u0142y do spe\u0142nienia bardzo wa\u017cne zadanie \u2013 poprawy wygl\u0105du gotowej fotografii. Istnia\u0142y r\u00f3\u017cne rodzaje retuszu, do kt\u00f3rych s\u0142u\u017cy\u0142y specjalne narz\u0119dzia \u2013 tusze, barwniki, p\u0119dzelki. Podstawowe rozr\u00f3\u017cnienie to retusz pozytywowy i negatywowy. Ten pierwszy polega\u0142 na poprawianiu gotowych odbitek, drugi na poprawianiu negatyw\u00f3w. W\u0142a\u015bciwy retusz to usuwanie r\u00f3\u017cnego rodzaju niedoskona\u0142o\u015bci \u2013 plamek, niedo\u015bwietle\u0144, wyr\u00f3wnywanie intensywno\u015bci na\u015bwietlenia negatywu, np. t\u0142a. Retuszem nazywane bywa te\u017c poprawianie wygl\u0105du modela, np. zaznaczanie oczu. Ze wzgl\u0119du na sk\u0105po\u015b\u0107 relacji trudno dzi\u015b dok\u0142adnie okre\u015bli\u0107 jak i czym wykonywano retusze na najwcze\u015bniejszych fotografiach. Wiadomo jednak, \u017ce w ka\u017cdym zak\u0142adzie fotograficznym takie pomieszczenie funkcjonowa\u0142o. Jednym z g\u0142\u00f3wnych element\u00f3w wyposa\u017cenia by\u0142 tzw. stolik retuszerski, rodzaj tr\u00f3jdzielnej ramki po\u0142\u0105czonej zawiasami, z mo\u017cliwo\u015bci\u0105 regulacji nachylenia poszczeg\u00f3lnych cz\u0119\u015bci, z kt\u00f3rych \u015brodkowa by\u0142a wype\u0142niona matowym szk\u0142em, dolna lustrem, a g\u00f3rna drewnian\u0105 p\u0142ytk\u0105 pomalowan\u0105 na czarno. Retuszowane negatywy k\u0142adziono na szkle, a lustro odbija\u0142o \u015bwiat\u0142o z okna i roz\u015bwietla\u0142o pole pracy, natomiast g\u00f3rna cz\u0119\u015b\u0107 redukowa\u0142a refleksy i cienie. W momencie kiedy wesz\u0142o w u\u017cycie \u015bwiat\u0142o elektryczne matow\u0105 p\u0142ytk\u0119 pod\u015bwietlano reflektorem. Do retuszu odbitek wystarcza\u0142o dobre o\u015bwietlenie. Retusze negatyw\u00f3w zwykle wykonywano tuszem, o\u0142\u00f3wkiem, a tak\u017ce odpowiednimi p\u0142ynnymi barwnikami, a w skrajnych przypadkach wyskrobywaniem emulsji, pozytyw\u00f3w podobnie, g\u0142\u00f3wnie jednak o\u0142\u00f3wkiem lub wyskrobywaniem. Bardzo cz\u0119sto powierzchni\u0119 retuszu dodatkowo zabezpieczano odpowiednimi lakierami. Zapewne te\u017c w retuszerni kolorowano pozytywy, do czego s\u0142u\u017cy\u0142y specjalne farby. Kolorowane odbitki, szczeg\u00f3lnie jako kartki pocztowe by\u0142y popularne w\u0142a\u015bciwie przez ca\u0142y czas funkcjonowania fotografii czarno-bia\u0142ej. Wypar\u0142y je, w przypadku kartek barwne druki coraz lepszej jako\u015bci, a w ko\u0144cu kolorowa fotografia.<\/p>\n","protected":false},"excerpt":{"rendered":"<p>Retuszernie w dawnych zak\u0142adach fotograficznych mia\u0142y do spe\u0142nienia bardzo wa\u017cne zadanie \u2013 poprawy wygl\u0105du gotowej fotografii. Istnia\u0142y r\u00f3\u017cne rodzaje retuszu, do kt\u00f3rych s\u0142u\u017cy\u0142y specjalne narz\u0119dzia \u2013 tusze, barwniki, p\u0119dzelki. Podstawowe rozr\u00f3\u017cnienie to retusz pozytywowy i negatywowy. Ten pierwszy polega\u0142 na poprawianiu gotowych odbitek, drugi na poprawianiu negatyw\u00f3w. W\u0142a\u015bciwy retusz to usuwanie r\u00f3\u017cnego rodzaju niedoskona\u0142o\u015bci \u2013 [&hellip;]<\/p>\n","protected":false},"author":1,"featured_media":0,"parent":159,"menu_order":122,"comment_status":"closed","ping_status":"closed","template":"","meta":{"footnotes":""},"class_list":["post-658","page","type-page","status-publish","hentry"],"_links":{"self":[{"href":"https:\/\/mnzp-muzealnik.pl\/index.php\/wp-json\/wp\/v2\/pages\/658","targetHints":{"allow":["GET"]}}],"collection":[{"href":"https:\/\/mnzp-muzealnik.pl\/index.php\/wp-json\/wp\/v2\/pages"}],"about":[{"href":"https:\/\/mnzp-muzealnik.pl\/index.php\/wp-json\/wp\/v2\/types\/page"}],"author":[{"embeddable":true,"href":"https:\/\/mnzp-muzealnik.pl\/index.php\/wp-json\/wp\/v2\/users\/1"}],"replies":[{"embeddable":true,"href":"https:\/\/mnzp-muzealnik.pl\/index.php\/wp-json\/wp\/v2\/comments?post=658"}],"version-history":[{"count":1,"href":"https:\/\/mnzp-muzealnik.pl\/index.php\/wp-json\/wp\/v2\/pages\/658\/revisions"}],"predecessor-version":[{"id":659,"href":"https:\/\/mnzp-muzealnik.pl\/index.php\/wp-json\/wp\/v2\/pages\/658\/revisions\/659"}],"up":[{"embeddable":true,"href":"https:\/\/mnzp-muzealnik.pl\/index.php\/wp-json\/wp\/v2\/pages\/159"}],"wp:attachment":[{"href":"https:\/\/mnzp-muzealnik.pl\/index.php\/wp-json\/wp\/v2\/media?parent=658"}],"curies":[{"name":"wp","href":"https:\/\/api.w.org\/{rel}","templated":true}]}}