{"id":662,"date":"2025-10-20T22:50:34","date_gmt":"2025-10-20T20:50:34","guid":{"rendered":"https:\/\/mnzp-muzealnik.pl\/?page_id=662"},"modified":"2025-10-20T22:50:57","modified_gmt":"2025-10-20T20:50:57","slug":"zdjecia-poprzednich-zakladow-hennera","status":"publish","type":"page","link":"https:\/\/mnzp-muzealnik.pl\/index.php\/strona-glowna\/muzeum-historii-miasta-przemysla\/atelier-fotograficzne-b-hennera\/zdjecia-poprzednich-zakladow-hennera\/","title":{"rendered":"Zdj\u0119cia poprzednich zak\u0142ad\u00f3w Hennera"},"content":{"rendered":"\n<p>W przej\u015bciu pomi\u0119dzy poczekalni\u0105 a atelier prezentujemy powi\u0119kszone widoki pierwszego atelier Bernarda Hennera mieszcz\u0105cego si\u0119 w Rynku \u201eobok c.k. s\u0105du\u201d. Ilustracja pochodzi z winiety, a w\u0142a\u015bciwie z jednej z kilku u\u017cywanych przez Hennera, umieszczonej na odwrocie kartoniku z fotografi\u0105. Jest to niski, parterowy budynek w otoczeniu zieleni, z niskim, ozdobnym ogrodzeniem. Budynek sk\u0142ada si\u0119 z trzech cz\u0119\u015bci, wyra\u017anie r\u00f3\u017cni\u0105cych si\u0119 kszta\u0142tem i materia\u0142em, z jakiego zosta\u0142y wykonane. Bior\u0105c pod uwag\u0119 opisy zak\u0142ad\u00f3w fotograficznych z 2 po\u0142owy XIX wieku, to pierwszy budynek, do kt\u00f3rego wchodzi si\u0119 po trzech schodkach przez zadaszony ganek to du\u017ca, reprezentacyjna poczekalnia. Drugi, sprawiaj\u0105cy wra\u017cenie ustawionego prostopadle do poczekalni, z przeszklon\u0105 \u015bcian\u0105 i co najmniej jedn\u0105 po\u0142aci\u0105 dachu, to atelier, ostatni za\u015b, najmniejszy to zapewne \u201ezaplecze\u201d z ciemni\u0105, retuszerni\u0105, a by\u0107 mo\u017ce te\u017c introligatorni\u0105. Ze wzgl\u0119du na ma\u0142y rozmiar orygina\u0142u nie wszystkie szczeg\u00f3\u0142y s\u0105 czytelne. Wej\u015bcie do poczekalni jest na bocznej \u015bcianie, daszek ganku podtrzymuj\u0105 ozdobne podpory, prawdopodobnie w formie kariatyd. Nad \u015bcian\u0105 frontow\u0105, na brzegu dachu, jest umieszczony du\u017cy szyld z napisem B. HENNER. W \u015bcianie widniej\u0105 trzy okna zwie\u0144czone gzymsami, z parapetami wspartymi na konsolach. Powierzchnia \u015bcian pokryta jest regularn\u0105 kratk\u0105, nie wiadomo czy maj\u0105 to by\u0107 ceg\u0142y, czy treja\u017c na ro\u015bliny. Troch\u0119 wi\u0119ksza kratka widnieje na dachu, by\u0107 mo\u017ce ma to by\u0107 dach\u00f3wka. Budynek atelier na wysoko\u015bci podmur\u00f3wki jest pokryty pionowym deskowaniem, a wy\u017cej, jak by\u0142o wspomniane, przeszklony. Ostatni budynek jest wysuni\u0119ty przed drugi, \u015bcian\u0119 boczn\u0105 ma kratkowana, a dach pokryty szerokimi poprzecznymi p\u0142atami nieokre\u015blonego materia\u0142u. Na licu przedniej \u015bciany widoczne s\u0105 cztery prostok\u0105ty, o kt\u00f3rych nie mo\u017cna powiedzie\u0107, czy s\u0105 oknami, czy ozdobnymi elementami. Ilustracje na winietach, cho\u0107 ma\u0142o czytelne, s\u0105 jedynymi znanymi widokami pierwszego zak\u0142adu Hennera. Budynek nie zachowa\u0142, nie ustalono te\u017c jego dok\u0142adnego po\u0142o\u017cenia. W wykazach ulic Przemy\u015bla nie zosta\u0142 wykazany, zapewne wi\u0119c by\u0142 to budynek o nietrwa\u0142ej konstrukcji, by\u0107 mo\u017ce w ca\u0142o\u015bci drewniany. Od lat 90. zak\u0142ad fotograficzny Hennera znajdowa\u0142 si\u0119 przy ulicy Mickiewicza 6.<\/p>\n","protected":false},"excerpt":{"rendered":"<p>W przej\u015bciu pomi\u0119dzy poczekalni\u0105 a atelier prezentujemy powi\u0119kszone widoki pierwszego atelier Bernarda Hennera mieszcz\u0105cego si\u0119 w Rynku \u201eobok c.k. s\u0105du\u201d. Ilustracja pochodzi z winiety, a w\u0142a\u015bciwie z jednej z kilku u\u017cywanych przez Hennera, umieszczonej na odwrocie kartoniku z fotografi\u0105. Jest to niski, parterowy budynek w otoczeniu zieleni, z niskim, ozdobnym ogrodzeniem. Budynek sk\u0142ada si\u0119 z [&hellip;]<\/p>\n","protected":false},"author":1,"featured_media":0,"parent":159,"menu_order":123,"comment_status":"closed","ping_status":"closed","template":"","meta":{"footnotes":""},"class_list":["post-662","page","type-page","status-publish","hentry"],"_links":{"self":[{"href":"https:\/\/mnzp-muzealnik.pl\/index.php\/wp-json\/wp\/v2\/pages\/662","targetHints":{"allow":["GET"]}}],"collection":[{"href":"https:\/\/mnzp-muzealnik.pl\/index.php\/wp-json\/wp\/v2\/pages"}],"about":[{"href":"https:\/\/mnzp-muzealnik.pl\/index.php\/wp-json\/wp\/v2\/types\/page"}],"author":[{"embeddable":true,"href":"https:\/\/mnzp-muzealnik.pl\/index.php\/wp-json\/wp\/v2\/users\/1"}],"replies":[{"embeddable":true,"href":"https:\/\/mnzp-muzealnik.pl\/index.php\/wp-json\/wp\/v2\/comments?post=662"}],"version-history":[{"count":1,"href":"https:\/\/mnzp-muzealnik.pl\/index.php\/wp-json\/wp\/v2\/pages\/662\/revisions"}],"predecessor-version":[{"id":663,"href":"https:\/\/mnzp-muzealnik.pl\/index.php\/wp-json\/wp\/v2\/pages\/662\/revisions\/663"}],"up":[{"embeddable":true,"href":"https:\/\/mnzp-muzealnik.pl\/index.php\/wp-json\/wp\/v2\/pages\/159"}],"wp:attachment":[{"href":"https:\/\/mnzp-muzealnik.pl\/index.php\/wp-json\/wp\/v2\/media?parent=662"}],"curies":[{"name":"wp","href":"https:\/\/api.w.org\/{rel}","templated":true}]}}