{"id":666,"date":"2025-10-20T22:52:50","date_gmt":"2025-10-20T20:52:50","guid":{"rendered":"https:\/\/mnzp-muzealnik.pl\/?page_id=666"},"modified":"2025-10-20T22:56:18","modified_gmt":"2025-10-20T20:56:18","slug":"obraz-portret-ireny-sliwy","status":"publish","type":"page","link":"https:\/\/mnzp-muzealnik.pl\/index.php\/strona-glowna\/muzeum-historii-miasta-przemysla\/marian-stronski\/obraz-portret-ireny-sliwy\/","title":{"rendered":"Obraz \u201ePortret Ireny \u015aliwy\u201d"},"content":{"rendered":"\n<p>Marian Stro\u0144ski, \u201ePortret Ireny \u015aliwy\u201d, oko\u0142o 1960, farby olejne na p\u0142ycie pil\u015bniowej. Obraz o wymiarach 95 na 75 centymetr\u00f3w. Zbiory Muzeum Narodowego Ziemi Przemyskiej w Przemy\u015blu. Obraz przedstawia realistyczny portret kobiety siedz\u0105cej we wn\u0119trzu. Na pierwszym planie, w fotelu siedzi kobieta w wieku oko\u0142o czterdziestu lat. Ukazana jest do wysoko\u015bci kolan. Odwr\u00f3cona jest nieco bokiem, w lew\u0105 stron\u0119. Twarz skierowan\u0105 ma na wprost. Ubrana jest w szar\u0105 sp\u00f3dnic\u0119 do kolan i niebieski, zapinany sweter. Pod swetrem ma r\u00f3\u017cow\u0105 bluzk\u0119 z ko\u0142nierzykiem. Bluzka zapi\u0119ta jest pod szyj\u0105 srebrn\u0105, owaln\u0105 broszk\u0105 z koralem w \u015brodku. Kobieta praw\u0105 d\u0142oni\u0105 trzyma pod\u0142okietnik fotela. Lew\u0105 r\u0119k\u0119 po\u0142o\u017con\u0105 ma na kolanach. Trzyma w niej \u017c\u00f3\u0142t\u0105 r\u00f3\u017c\u0119. Ta r\u00f3\u017ca jest atrybutem kobiety. Irena \u015aliwa by\u0142a przemysk\u0105 malark\u0105 amatork\u0105. Malowa\u0142a pejza\u017ce, widoki Przemy\u015bla. Jednak jej ulubionym motywem by\u0142y kwiaty. Dlatego Marian Stro\u0144ski sportretowa\u0142 j\u0105 z kwiatem w d\u0142oni. Kobieta ma jasn\u0105, spokojn\u0105 twarz i szaroniebieskie oczy. W uszach ma du\u017ce, okr\u0105g\u0142e kolczyki lub klipsy w kolorze b\u0142\u0119kitnym. Ma ciemne, br\u0105zowe w\u0142osy, kt\u00f3re uczesa\u0142a w g\u0142adk\u0105 fryzur\u0119 z przedzia\u0142kiem i spi\u0119\u0142a z ty\u0142u g\u0142owy. Po prawej stronie twarzy kobiety, na oparciu fotela, czerwony kwiat na niebieskim tle. To obicie fotela lub jaka\u015b tkanina powieszona na meblu. Marian Stro\u0144ski bardzo lubi\u0142 u\u017cywa\u0107 kolorowe materia\u0142y i dywany, jako dekoracje do portret\u00f3w, kt\u00f3re malowa\u0142. T\u0142o w \u201ePortrecie Ireny \u015aliwy\u201d nie jest g\u0142adkie. Za kobiet\u0105, po lewej stronie, artysta namalowa\u0142 obraz Matki Boskiej z Dzieci\u0105tkiem. Jest on ma\u0142o wyra\u017any, jakby rozmazany i schowany w cieniu. To dekoracja, a mo\u017ce marzenie Ireny \u015aliwy o dziecku zilustrowane przez malarza. Irena \u015aliwa, nazywana \u201eprzemysk\u0105 malark\u0105 kwiat\u00f3w\u201d. Urodzi\u0142a si\u0119 w 1923 roku, zmar\u0142a w 2012 roku w Przemy\u015blu, gdzie \u017cy\u0142a i tworzy\u0142a ca\u0142e \u017cycie. By\u0142a wsp\u00f3\u0142za\u0142o\u017cycielk\u0105 Klubu Plastyka Nieprofesjonalnego.<\/p>\n","protected":false},"excerpt":{"rendered":"<p>Marian Stro\u0144ski, \u201ePortret Ireny \u015aliwy\u201d, oko\u0142o 1960, farby olejne na p\u0142ycie pil\u015bniowej. Obraz o wymiarach 95 na 75 centymetr\u00f3w. Zbiory Muzeum Narodowego Ziemi Przemyskiej w Przemy\u015blu. Obraz przedstawia realistyczny portret kobiety siedz\u0105cej we wn\u0119trzu. Na pierwszym planie, w fotelu siedzi kobieta w wieku oko\u0142o czterdziestu lat. Ukazana jest do wysoko\u015bci kolan. Odwr\u00f3cona jest nieco bokiem, [&hellip;]<\/p>\n","protected":false},"author":1,"featured_media":674,"parent":161,"menu_order":124,"comment_status":"closed","ping_status":"closed","template":"","meta":{"footnotes":""},"class_list":["post-666","page","type-page","status-publish","has-post-thumbnail","hentry"],"_links":{"self":[{"href":"https:\/\/mnzp-muzealnik.pl\/index.php\/wp-json\/wp\/v2\/pages\/666","targetHints":{"allow":["GET"]}}],"collection":[{"href":"https:\/\/mnzp-muzealnik.pl\/index.php\/wp-json\/wp\/v2\/pages"}],"about":[{"href":"https:\/\/mnzp-muzealnik.pl\/index.php\/wp-json\/wp\/v2\/types\/page"}],"author":[{"embeddable":true,"href":"https:\/\/mnzp-muzealnik.pl\/index.php\/wp-json\/wp\/v2\/users\/1"}],"replies":[{"embeddable":true,"href":"https:\/\/mnzp-muzealnik.pl\/index.php\/wp-json\/wp\/v2\/comments?post=666"}],"version-history":[{"count":1,"href":"https:\/\/mnzp-muzealnik.pl\/index.php\/wp-json\/wp\/v2\/pages\/666\/revisions"}],"predecessor-version":[{"id":667,"href":"https:\/\/mnzp-muzealnik.pl\/index.php\/wp-json\/wp\/v2\/pages\/666\/revisions\/667"}],"up":[{"embeddable":true,"href":"https:\/\/mnzp-muzealnik.pl\/index.php\/wp-json\/wp\/v2\/pages\/161"}],"wp:featuredmedia":[{"embeddable":true,"href":"https:\/\/mnzp-muzealnik.pl\/index.php\/wp-json\/wp\/v2\/media\/674"}],"wp:attachment":[{"href":"https:\/\/mnzp-muzealnik.pl\/index.php\/wp-json\/wp\/v2\/media?parent=666"}],"curies":[{"name":"wp","href":"https:\/\/api.w.org\/{rel}","templated":true}]}}