{"id":677,"date":"2025-10-21T22:59:19","date_gmt":"2025-10-21T20:59:19","guid":{"rendered":"https:\/\/mnzp-muzealnik.pl\/?page_id=677"},"modified":"2025-10-21T22:59:43","modified_gmt":"2025-10-21T20:59:43","slug":"obraz-wieza-katedralna","status":"publish","type":"page","link":"https:\/\/mnzp-muzealnik.pl\/index.php\/strona-glowna\/muzeum-historii-miasta-przemysla\/marian-stronski\/obraz-wieza-katedralna\/","title":{"rendered":"Obraz \u201eWie\u017ca katedralna\u201d"},"content":{"rendered":"\n<p>Marian Stro\u0144ski, \u201eWie\u017ca katedralna\u201d, lata sze\u015b\u0107dziesi\u0105te dwudziestego wieku, farby olejne na p\u0142ycie. Obraz o wymiarach: 76,5 na 53 cm. Zbiory Muzeum Narodowego Ziemi Przemyskiej w Przemy\u015blu. Obraz realistyczny przedstawia wie\u017c\u0119 katedry rzymskokatolickiej w Przemy\u015blu w s\u0142oneczny dzie\u0144. Czworoboczna, smuk\u0142a bry\u0142a wie\u017cy ukazana jest po prawej stronie, na tle chmur. Poni\u017cej znajduj\u0105 si\u0119 kamienice i drzewa. Obraz namalowany zosta\u0142 jesieni\u0105, w s\u0142oneczny dzie\u0144. Na pierwszym planie, u do\u0142u znajduje si\u0119 fragment ogrodu z zielon\u0105 traw\u0105, zako\u0144czony murem. Nad murem wida\u0107 drzewa o przebarwionych li\u015bciach: pomara\u0144czowych, \u017c\u00f3\u0142tych i zielonych. Po prawej stronie, wystrzeliwuje w g\u00f3r\u0119 tr\u00f3jpoziomowa, jasna wie\u017ca. Na \u015bcianach dw\u00f3ch pi\u0119ter ciemne okna. Na naro\u017cach drugiego pi\u0119tra pos\u0105gi, a nad jego oknami okr\u0105g\u0142e tarcze zegara. Smuk\u0142a forma wie\u017cy zako\u0144czona jest ciemn\u0105 strzelist\u0105 latarni\u0105 z he\u0142mem i krzy\u017cem. Wie\u017ca g\u00f3ruje ponad budynkami. Stoi ona sama. Po prawej stronie, na skraju obrazu wida\u0107 fragment budynku katedry. Po lewej stronie, na dalszym planie wida\u0107 jasne \u015bciany kamienicy mieszkalnej, poni\u017cej czerwony dach z kominami, a nad nim, w oddali dwie wie\u017ce ko\u015bcio\u0142a pojezuickiego (obecnie katedry greckokatolickiej). Du\u017c\u0105 cz\u0119\u015b\u0107 obrazu stanowi\u0105 k\u0142\u0119biaste chmury, kt\u00f3re niemal zupe\u0142nie przes\u0142aniaj\u0105 b\u0142\u0119kitne niebo. Marian Stro\u0144ski bardzo lubi\u0142 malowa\u0107 Przemy\u015bl. Motyw wie\u017cy zegarowej znajduj\u0105cej si\u0119 przy katedrze przemyskiej, by\u0142 cz\u0119stym tematem w tw\u00f3rczo\u015bci artysty. Drugim wa\u017cnym motywem na obrazie s\u0105 chmury. Stro\u0144ski bardzo lubi\u0142 studiowa\u0107 ob\u0142oki, ich r\u00f3\u017cne kszta\u0142ty i kolory. Tutaj s\u0105 one niemal tak istotnym elementem, co wie\u017ca. Wie\u017ca katedry zacz\u0119\u0142a by\u0107 budowana w 1744 roku w stylu barokowym. Wtedy zbudowano tylko dwa poziomy. Trzeci poziom dobudowano w 1907 roku w stylu neobarokowym. Dodano pos\u0105gi, zegar i metalow\u0105 latarni\u0119 z he\u0142mem. Wie\u017ca katedralna jest jednym z najbardziej charakterystycznych element\u00f3w Przemy\u015bla.<\/p>\n","protected":false},"excerpt":{"rendered":"<p>Marian Stro\u0144ski, \u201eWie\u017ca katedralna\u201d, lata sze\u015b\u0107dziesi\u0105te dwudziestego wieku, farby olejne na p\u0142ycie. Obraz o wymiarach: 76,5 na 53 cm. Zbiory Muzeum Narodowego Ziemi Przemyskiej w Przemy\u015blu. Obraz realistyczny przedstawia wie\u017c\u0119 katedry rzymskokatolickiej w Przemy\u015blu w s\u0142oneczny dzie\u0144. Czworoboczna, smuk\u0142a bry\u0142a wie\u017cy ukazana jest po prawej stronie, na tle chmur. Poni\u017cej znajduj\u0105 si\u0119 kamienice i drzewa. [&hellip;]<\/p>\n","protected":false},"author":1,"featured_media":678,"parent":161,"menu_order":125,"comment_status":"closed","ping_status":"closed","template":"","meta":{"footnotes":""},"class_list":["post-677","page","type-page","status-publish","has-post-thumbnail","hentry"],"_links":{"self":[{"href":"https:\/\/mnzp-muzealnik.pl\/index.php\/wp-json\/wp\/v2\/pages\/677","targetHints":{"allow":["GET"]}}],"collection":[{"href":"https:\/\/mnzp-muzealnik.pl\/index.php\/wp-json\/wp\/v2\/pages"}],"about":[{"href":"https:\/\/mnzp-muzealnik.pl\/index.php\/wp-json\/wp\/v2\/types\/page"}],"author":[{"embeddable":true,"href":"https:\/\/mnzp-muzealnik.pl\/index.php\/wp-json\/wp\/v2\/users\/1"}],"replies":[{"embeddable":true,"href":"https:\/\/mnzp-muzealnik.pl\/index.php\/wp-json\/wp\/v2\/comments?post=677"}],"version-history":[{"count":1,"href":"https:\/\/mnzp-muzealnik.pl\/index.php\/wp-json\/wp\/v2\/pages\/677\/revisions"}],"predecessor-version":[{"id":679,"href":"https:\/\/mnzp-muzealnik.pl\/index.php\/wp-json\/wp\/v2\/pages\/677\/revisions\/679"}],"up":[{"embeddable":true,"href":"https:\/\/mnzp-muzealnik.pl\/index.php\/wp-json\/wp\/v2\/pages\/161"}],"wp:featuredmedia":[{"embeddable":true,"href":"https:\/\/mnzp-muzealnik.pl\/index.php\/wp-json\/wp\/v2\/media\/678"}],"wp:attachment":[{"href":"https:\/\/mnzp-muzealnik.pl\/index.php\/wp-json\/wp\/v2\/media?parent=677"}],"curies":[{"name":"wp","href":"https:\/\/api.w.org\/{rel}","templated":true}]}}