{"id":683,"date":"2025-10-21T23:01:58","date_gmt":"2025-10-21T21:01:58","guid":{"rendered":"https:\/\/mnzp-muzealnik.pl\/?page_id=683"},"modified":"2025-10-21T23:02:12","modified_gmt":"2025-10-21T21:02:12","slug":"obraz-bukiet","status":"publish","type":"page","link":"https:\/\/mnzp-muzealnik.pl\/index.php\/strona-glowna\/muzeum-historii-miasta-przemysla\/marian-stronski\/obraz-bukiet\/","title":{"rendered":"Obraz \u201eBukiet\u201d"},"content":{"rendered":"\n<p>Obraz Mariana Stro\u0144skie \u201eBukiet\u201d i przedstawiony obok niego projekt s\u0105 doskona\u0142ym przyk\u0142adem sposobu pracy artysty. Jak widzimy, obrazy, kt\u00f3re Stro\u0144ski zacz\u0105\u0142 tworzy\u0107 pod koniec lat pi\u0119\u0107dziesi\u0105tych i w latach sze\u015b\u0107dziesi\u0105tych, maj\u0105cych znamiona kompozycji abstrakcyjnych, by\u0142y bardzo przemy\u015blane. Artysta, zanim przyst\u0105pi\u0142 do malowania, projektowa\u0142 kompozycje w technice kola\u017cu. Niekt\u00f3re projekty by\u0142y wiernie odtwarzane na wi\u0119kszym formacie, inne nieco modyfikowane, jak obraz \u201eBukiet\u201d, na kt\u00f3ry patrzysz. Zwr\u00f3\u0107 uwag\u0119 na blat sto\u0142u, na kt\u00f3rym stoi dzban. Jest on g\u0142adki i po\u0142yskliwy. Przed nim, po prawej stoi gruszka, odbijaj\u0105ca si\u0119 w blacie sto\u0142u, a po lewej le\u017cy li\u015b\u0107. Tych trzech element\u00f3w nie wida\u0107 na projekcie. Nada\u0142y one kompozycji z\u0142udzenia przestrzeni, czego nie da\u0142o si\u0119 uzyska\u0107 w technice kola\u017cu.<\/p>\n","protected":false},"excerpt":{"rendered":"<p>Obraz Mariana Stro\u0144skie \u201eBukiet\u201d i przedstawiony obok niego projekt s\u0105 doskona\u0142ym przyk\u0142adem sposobu pracy artysty. Jak widzimy, obrazy, kt\u00f3re Stro\u0144ski zacz\u0105\u0142 tworzy\u0107 pod koniec lat pi\u0119\u0107dziesi\u0105tych i w latach sze\u015b\u0107dziesi\u0105tych, maj\u0105cych znamiona kompozycji abstrakcyjnych, by\u0142y bardzo przemy\u015blane. Artysta, zanim przyst\u0105pi\u0142 do malowania, projektowa\u0142 kompozycje w technice kola\u017cu. Niekt\u00f3re projekty by\u0142y wiernie odtwarzane na wi\u0119kszym formacie, [&hellip;]<\/p>\n","protected":false},"author":1,"featured_media":684,"parent":161,"menu_order":126,"comment_status":"closed","ping_status":"closed","template":"","meta":{"footnotes":""},"class_list":["post-683","page","type-page","status-publish","has-post-thumbnail","hentry"],"_links":{"self":[{"href":"https:\/\/mnzp-muzealnik.pl\/index.php\/wp-json\/wp\/v2\/pages\/683","targetHints":{"allow":["GET"]}}],"collection":[{"href":"https:\/\/mnzp-muzealnik.pl\/index.php\/wp-json\/wp\/v2\/pages"}],"about":[{"href":"https:\/\/mnzp-muzealnik.pl\/index.php\/wp-json\/wp\/v2\/types\/page"}],"author":[{"embeddable":true,"href":"https:\/\/mnzp-muzealnik.pl\/index.php\/wp-json\/wp\/v2\/users\/1"}],"replies":[{"embeddable":true,"href":"https:\/\/mnzp-muzealnik.pl\/index.php\/wp-json\/wp\/v2\/comments?post=683"}],"version-history":[{"count":1,"href":"https:\/\/mnzp-muzealnik.pl\/index.php\/wp-json\/wp\/v2\/pages\/683\/revisions"}],"predecessor-version":[{"id":685,"href":"https:\/\/mnzp-muzealnik.pl\/index.php\/wp-json\/wp\/v2\/pages\/683\/revisions\/685"}],"up":[{"embeddable":true,"href":"https:\/\/mnzp-muzealnik.pl\/index.php\/wp-json\/wp\/v2\/pages\/161"}],"wp:featuredmedia":[{"embeddable":true,"href":"https:\/\/mnzp-muzealnik.pl\/index.php\/wp-json\/wp\/v2\/media\/684"}],"wp:attachment":[{"href":"https:\/\/mnzp-muzealnik.pl\/index.php\/wp-json\/wp\/v2\/media?parent=683"}],"curies":[{"name":"wp","href":"https:\/\/api.w.org\/{rel}","templated":true}]}}