{"id":689,"date":"2025-10-21T23:04:01","date_gmt":"2025-10-21T21:04:01","guid":{"rendered":"https:\/\/mnzp-muzealnik.pl\/?page_id=689"},"modified":"2026-02-09T13:05:34","modified_gmt":"2026-02-09T12:05:34","slug":"portret-leonarda-tarnawskiego","status":"publish","type":"page","link":"https:\/\/mnzp-muzealnik.pl\/index.php\/strona-glowna\/muzeum-historii-miasta-przemysla\/marian-stronski\/portret-leonarda-tarnawskiego\/","title":{"rendered":"Portret Leonarda Tarnawskiego"},"content":{"rendered":"\n<p>Stoisz przed wizerunkiem Leonarda Tarnawskiego, przemyskiego adwokata, uczestnika powstania styczniowego w 1863 roku, cz\u0142owieka powszechnie znanego i szanowanego za swoj\u0105 szerok\u0105 dzia\u0142alno\u015b\u0107 spo\u0142eczno-polityczn\u0105 w mie\u015bcie nad Sanem. Tarnawski by\u0142 m.in. wsp\u00f3\u0142za\u0142o\u017cycielem Polskiego Towarzystwa Gimnastycznego \u201eSok\u00f3\u0142\u201d i Towarzystwa Przyjaci\u00f3\u0142 Nauk w Przemy\u015blu, kt\u00f3remu prezesowa\u0142 przez wiele lat. Z jego inicjatywy na G\u00f3rze Zamkowej po\u0142o\u017cono kamie\u0144 upami\u0119tniaj\u0105cy uchwalenie Konstytucji Trzeciego Maja, przy kt\u00f3rym do dzi\u015b odbywaj\u0105 si\u0119 majowe uroczysto\u015bci. Razem z \u017con\u0105, Wincent\u0105 Tarnawsk\u0105 zbudowa\u0142 w 1904 roku kamienic\u0119 przy ulicy Grodzkiej 19, nazywan\u0105 \u201eAmbasad\u0105 Polsk\u0105\u201d, z uwagi na du\u017ce zaanga\u017cowanie obojga ma\u0142\u017conk\u00f3w w sprawy narodowe. Portret namalowany przez Mariana Stro\u0144skiego emanuje spokojem i stateczno\u015bci\u0105. Na neutralnym, br\u0105zowym tle przedstawiony zosta\u0142 starszy m\u0119\u017cczyzna o dobrodusznym wyrazie twarzy, siedz\u0105cy w fotelu. Ubrany jest w czarny garnitur, kt\u00f3rego szczeg\u00f3\u0142y nie s\u0105 czytelne, bo te\u017c nie s\u0105 tu istotne. \u015awiat\u0142o wydobywa z p\u00f3\u0142mroku po\u0142ow\u0119 twarzy m\u0119\u017cczyzny, zwr\u00f3con\u0105 na widza. Pod koniec \u017cycia Leonard Tarnawski straci\u0142 wzrok. Portret namalowany zosta\u0142 w 1924 roku, kiedy jeszcze widzia\u0142. Dwa kolejne jasne akcenty, to d\u0142onie portretowanego. Przedstawienie modela w uj\u0119ciu do kolan, lekko po skosie, to u Stro\u0144skiego cz\u0119sty zabieg. W kompozycji musia\u0142y znale\u017a\u0107 si\u0119 d\u0142onie. One r\u00f3wnie\u017c by\u0142y dla artysty no\u015bnikiem cech charakteru, znakiem szczeg\u00f3lnym osoby portretowanej. Dlatego to twarz i d\u0142onie s\u0105 najja\u015bniejszymi elementami we wczesnych portretach Stro\u0144skiego.<\/p>\n","protected":false},"excerpt":{"rendered":"<p>Stoisz przed wizerunkiem Leonarda Tarnawskiego, przemyskiego adwokata, uczestnika powstania styczniowego w 1863 roku, cz\u0142owieka powszechnie znanego i szanowanego za swoj\u0105 szerok\u0105 dzia\u0142alno\u015b\u0107 spo\u0142eczno-polityczn\u0105 w mie\u015bcie nad Sanem. Tarnawski by\u0142 m.in. wsp\u00f3\u0142za\u0142o\u017cycielem Polskiego Towarzystwa Gimnastycznego \u201eSok\u00f3\u0142\u201d i Towarzystwa Przyjaci\u00f3\u0142 Nauk w Przemy\u015blu, kt\u00f3remu prezesowa\u0142 przez wiele lat. Z jego inicjatywy na G\u00f3rze Zamkowej po\u0142o\u017cono kamie\u0144 upami\u0119tniaj\u0105cy [&hellip;]<\/p>\n","protected":false},"author":1,"featured_media":1264,"parent":161,"menu_order":128,"comment_status":"closed","ping_status":"closed","template":"","meta":{"footnotes":""},"class_list":["post-689","page","type-page","status-publish","has-post-thumbnail","hentry"],"_links":{"self":[{"href":"https:\/\/mnzp-muzealnik.pl\/index.php\/wp-json\/wp\/v2\/pages\/689","targetHints":{"allow":["GET"]}}],"collection":[{"href":"https:\/\/mnzp-muzealnik.pl\/index.php\/wp-json\/wp\/v2\/pages"}],"about":[{"href":"https:\/\/mnzp-muzealnik.pl\/index.php\/wp-json\/wp\/v2\/types\/page"}],"author":[{"embeddable":true,"href":"https:\/\/mnzp-muzealnik.pl\/index.php\/wp-json\/wp\/v2\/users\/1"}],"replies":[{"embeddable":true,"href":"https:\/\/mnzp-muzealnik.pl\/index.php\/wp-json\/wp\/v2\/comments?post=689"}],"version-history":[{"count":1,"href":"https:\/\/mnzp-muzealnik.pl\/index.php\/wp-json\/wp\/v2\/pages\/689\/revisions"}],"predecessor-version":[{"id":690,"href":"https:\/\/mnzp-muzealnik.pl\/index.php\/wp-json\/wp\/v2\/pages\/689\/revisions\/690"}],"up":[{"embeddable":true,"href":"https:\/\/mnzp-muzealnik.pl\/index.php\/wp-json\/wp\/v2\/pages\/161"}],"wp:featuredmedia":[{"embeddable":true,"href":"https:\/\/mnzp-muzealnik.pl\/index.php\/wp-json\/wp\/v2\/media\/1264"}],"wp:attachment":[{"href":"https:\/\/mnzp-muzealnik.pl\/index.php\/wp-json\/wp\/v2\/media?parent=689"}],"curies":[{"name":"wp","href":"https:\/\/api.w.org\/{rel}","templated":true}]}}