{"id":693,"date":"2025-10-21T23:05:45","date_gmt":"2025-10-21T21:05:45","guid":{"rendered":"https:\/\/mnzp-muzealnik.pl\/?page_id=693"},"modified":"2025-10-21T23:05:56","modified_gmt":"2025-10-21T21:05:56","slug":"pejzaz-pleneru-zamek-w-czerwonogrodzie","status":"publish","type":"page","link":"https:\/\/mnzp-muzealnik.pl\/index.php\/strona-glowna\/muzeum-historii-miasta-przemysla\/marian-stronski\/pejzaz-pleneru-zamek-w-czerwonogrodzie\/","title":{"rendered":"Pejza\u017c pleneru zamek w Czerwonogrodzie"},"content":{"rendered":"\n<p>Zamek w Czerwonogrodzie ko\u0142o Zaleszczyk, le\u017cy obecnie na terenie Ukrainy. Przed drug\u0105 wojn\u0105 \u015bwiatow\u0105 Marian Stro\u0144ski bywa\u0142 tam regularnie, ka\u017cdego roku. Przyja\u017ani\u0142 si\u0119 z \u00f3wczesn\u0105 i ostatni\u0105 w\u0142a\u015bcicielk\u0105 zamku, Mari\u0105 Eleonor\u0105 Wand\u0105 Lubomirsk\u0105, z domu Zamoysk\u0105, wdow\u0105 po Adamie Lubomirskim. W latach trzydziestych ubieg\u0142ego wieku, kiedy Stro\u0144ski by\u0142 tam sta\u0142ym bywalcem, czasy \u015bwietno\u015bci zamek mia\u0142 ju\u017c za sob\u0105. Zniszczony podczas pierwszej wojny \u015bwiatowej, remontowany by\u0142 dopiero w latach trzydziestych. By\u0107 mo\u017ce Marian Stro\u0144ski uczestniczy\u0142 w tych pracach. Pewne jest, \u017ce zamek by\u0142 na tyle w dobrym stanie, \u017ce artysta urz\u0105dzi\u0142 w nim swoj\u0105 pracowni\u0119, jak wspomina\u0142, jedn\u0105 z najlepszych. Czu\u0142 si\u0119 tam po prostu dobrze. Otoczony natur\u0105, z dala od miejskiego zgie\u0142ku i codziennych spraw, m\u00f3g\u0142 spokojnie tworzy\u0107. T\u0119 lekko\u015b\u0107 widzimy w jego pracach. Eklektyczna architektura zamku, \u0142\u0105cz\u0105ca elementy neogotyku, neorenesansu i klasycyzmu wznosi si\u0119 na skarpie, nad dolin\u0105 rzeki D\u017curyn. Wyrasta jak bajkowy zamek po\u015br\u00f3d g\u0119stego lasu. Na pracach Stro\u0144skiego widzimy g\u0142\u00f3wnie jego neorenesansowe baszty zwie\u0144czone attyk\u0105, przypominaj\u0105ce nieco baszty przemyskiego Zamku Kazimierzowskiego. Mo\u017ce dlatego artysta tak ch\u0119tnie je uwiecznia\u0142 na swoich pracach? T\u0119 ba\u015bniow\u0105, nierzeczywist\u0105 atmosfer\u0119 pejza\u017cu widzianego jak przez mu\u015blinow\u0105 mgie\u0142k\u0119, przywodz\u0105cego na my\u015bl marzenie senne Marian Stro\u0144ski dostrzega\u0142 w Czerwonogrodzie i tak przedstawia\u0142 tamten zamek, zatopiony po\u015br\u00f3d drzew i paproci.<\/p>\n","protected":false},"excerpt":{"rendered":"<p>Zamek w Czerwonogrodzie ko\u0142o Zaleszczyk, le\u017cy obecnie na terenie Ukrainy. Przed drug\u0105 wojn\u0105 \u015bwiatow\u0105 Marian Stro\u0144ski bywa\u0142 tam regularnie, ka\u017cdego roku. Przyja\u017ani\u0142 si\u0119 z \u00f3wczesn\u0105 i ostatni\u0105 w\u0142a\u015bcicielk\u0105 zamku, Mari\u0105 Eleonor\u0105 Wand\u0105 Lubomirsk\u0105, z domu Zamoysk\u0105, wdow\u0105 po Adamie Lubomirskim. W latach trzydziestych ubieg\u0142ego wieku, kiedy Stro\u0144ski by\u0142 tam sta\u0142ym bywalcem, czasy \u015bwietno\u015bci zamek mia\u0142 [&hellip;]<\/p>\n","protected":false},"author":1,"featured_media":0,"parent":161,"menu_order":129,"comment_status":"closed","ping_status":"closed","template":"","meta":{"footnotes":""},"class_list":["post-693","page","type-page","status-publish","hentry"],"_links":{"self":[{"href":"https:\/\/mnzp-muzealnik.pl\/index.php\/wp-json\/wp\/v2\/pages\/693","targetHints":{"allow":["GET"]}}],"collection":[{"href":"https:\/\/mnzp-muzealnik.pl\/index.php\/wp-json\/wp\/v2\/pages"}],"about":[{"href":"https:\/\/mnzp-muzealnik.pl\/index.php\/wp-json\/wp\/v2\/types\/page"}],"author":[{"embeddable":true,"href":"https:\/\/mnzp-muzealnik.pl\/index.php\/wp-json\/wp\/v2\/users\/1"}],"replies":[{"embeddable":true,"href":"https:\/\/mnzp-muzealnik.pl\/index.php\/wp-json\/wp\/v2\/comments?post=693"}],"version-history":[{"count":1,"href":"https:\/\/mnzp-muzealnik.pl\/index.php\/wp-json\/wp\/v2\/pages\/693\/revisions"}],"predecessor-version":[{"id":694,"href":"https:\/\/mnzp-muzealnik.pl\/index.php\/wp-json\/wp\/v2\/pages\/693\/revisions\/694"}],"up":[{"embeddable":true,"href":"https:\/\/mnzp-muzealnik.pl\/index.php\/wp-json\/wp\/v2\/pages\/161"}],"wp:attachment":[{"href":"https:\/\/mnzp-muzealnik.pl\/index.php\/wp-json\/wp\/v2\/media?parent=693"}],"curies":[{"name":"wp","href":"https:\/\/api.w.org\/{rel}","templated":true}]}}