{"id":697,"date":"2025-10-21T23:07:00","date_gmt":"2025-10-21T21:07:00","guid":{"rendered":"https:\/\/mnzp-muzealnik.pl\/?page_id=697"},"modified":"2025-10-21T23:07:15","modified_gmt":"2025-10-21T21:07:15","slug":"widok-przemysla","status":"publish","type":"page","link":"https:\/\/mnzp-muzealnik.pl\/index.php\/strona-glowna\/muzeum-historii-miasta-przemysla\/marian-stronski\/widok-przemysla\/","title":{"rendered":"Widok Przemy\u015bla"},"content":{"rendered":"\n<p>Ulica Tatarska w Przemy\u015blu, to jeden z ulubionych przemyskich motyw\u00f3w Mariana Stro\u0144skiego. By\u0142 wielokrotnie powielany przez artyst\u0119. Jest to g\u0142\u00f3wna ulica dzielnicy Podg\u00f3rze, prowadz\u0105ca na Zniesienie i tzw. \u201eKopiec Tatarski\u201d. Z tej stromej ulicy roztacza si\u0119 rozleg\u0142y widok na miasto w dole, przeci\u0119te falist\u0105 wst\u0119g\u0105 rzeki San. Mniej wi\u0119cej w po\u0142owie ulicy, po jednej i po drugiej stronie znajdowa\u0142a si\u0119 tzw. Cebulanka z folwarkiem. Marian Stro\u0144ski lubi\u0142 t\u0119 specyficzna atmosfer\u0119 przedmie\u015bcia b\u0119d\u0105cego jednocze\u015bnie tak blisko serca miasta. Do ko\u0144ca XIX wieku przy ulicy Tatarskiej mo\u017cna by\u0142o spotka\u0107 tylko drewnian\u0105, nisk\u0105 zabudow\u0119. Na obrazie Stro\u0144skiego widzimy niewielkie domy, stoj\u0105ce do dzi\u015b, lecz o zmienionej elewacji. Nieco ni\u017cej wyr\u00f3\u017cnia si\u0119 kilkupoziomowy dom zwany will\u0105 Kami\u0144skich, zbudowany w 1910 roku wed\u0142ug projektu Kazimierza Marii Osi\u0144skiego. Jeszcze ni\u017cej widzimy ko\u015bci\u00f3\u0142 pw. Matki Boskiej Szkaplerznej ze strzelist\u0105 wie\u017c\u0105 oraz kopu\u0142\u0119 na ko\u015bciele Karmelit\u00f3w Bosych, \u00f3wczesnej cerkwi greckokatolickiej. Mimo, \u017ce min\u0119\u0142o kilkadziesi\u0105t lat od namalowania tego obrazu, Przemy\u015bl si\u0119 rozbudowa\u0142 i zmieni\u0142, bez trudu mo\u017cemy odnale\u017a\u0107 to miejsce podczas spaceru, wspi\u0105\u0107 si\u0119 strom\u0105 ulic\u0105 Tatarsk\u0105 i popatrze\u0107 w d\u00f3\u0142 na miasto, jak to robi\u0142 przed laty Marian Stro\u0144ski.<\/p>\n","protected":false},"excerpt":{"rendered":"<p>Ulica Tatarska w Przemy\u015blu, to jeden z ulubionych przemyskich motyw\u00f3w Mariana Stro\u0144skiego. By\u0142 wielokrotnie powielany przez artyst\u0119. Jest to g\u0142\u00f3wna ulica dzielnicy Podg\u00f3rze, prowadz\u0105ca na Zniesienie i tzw. \u201eKopiec Tatarski\u201d. Z tej stromej ulicy roztacza si\u0119 rozleg\u0142y widok na miasto w dole, przeci\u0119te falist\u0105 wst\u0119g\u0105 rzeki San. Mniej wi\u0119cej w po\u0142owie ulicy, po jednej i [&hellip;]<\/p>\n","protected":false},"author":1,"featured_media":0,"parent":161,"menu_order":130,"comment_status":"closed","ping_status":"closed","template":"","meta":{"footnotes":""},"class_list":["post-697","page","type-page","status-publish","hentry"],"_links":{"self":[{"href":"https:\/\/mnzp-muzealnik.pl\/index.php\/wp-json\/wp\/v2\/pages\/697","targetHints":{"allow":["GET"]}}],"collection":[{"href":"https:\/\/mnzp-muzealnik.pl\/index.php\/wp-json\/wp\/v2\/pages"}],"about":[{"href":"https:\/\/mnzp-muzealnik.pl\/index.php\/wp-json\/wp\/v2\/types\/page"}],"author":[{"embeddable":true,"href":"https:\/\/mnzp-muzealnik.pl\/index.php\/wp-json\/wp\/v2\/users\/1"}],"replies":[{"embeddable":true,"href":"https:\/\/mnzp-muzealnik.pl\/index.php\/wp-json\/wp\/v2\/comments?post=697"}],"version-history":[{"count":1,"href":"https:\/\/mnzp-muzealnik.pl\/index.php\/wp-json\/wp\/v2\/pages\/697\/revisions"}],"predecessor-version":[{"id":698,"href":"https:\/\/mnzp-muzealnik.pl\/index.php\/wp-json\/wp\/v2\/pages\/697\/revisions\/698"}],"up":[{"embeddable":true,"href":"https:\/\/mnzp-muzealnik.pl\/index.php\/wp-json\/wp\/v2\/pages\/161"}],"wp:attachment":[{"href":"https:\/\/mnzp-muzealnik.pl\/index.php\/wp-json\/wp\/v2\/media?parent=697"}],"curies":[{"name":"wp","href":"https:\/\/api.w.org\/{rel}","templated":true}]}}