{"id":699,"date":"2025-10-21T23:07:32","date_gmt":"2025-10-21T21:07:32","guid":{"rendered":"https:\/\/mnzp-muzealnik.pl\/?page_id=699"},"modified":"2025-10-21T23:07:32","modified_gmt":"2025-10-21T21:07:32","slug":"view-of-przemysl","status":"publish","type":"page","link":"https:\/\/mnzp-muzealnik.pl\/index.php\/en\/main-page\/museum-of-the-history-of-the-city-of-przemysl\/marian-stronski\/view-of-przemysl\/","title":{"rendered":"View of Przemy\u015bl"},"content":{"rendered":"\n<p>Tatarska Street in Przemy\u015bl is one of Marian Stro\u0144ski&#8217;s favorite Przemy\u015bl motifs. It has been reproduced many times by the artist. It is the main street of the Podg\u00f3rze district, leading to Zniesienie and the so-called &#8222;Tartarian Mound.&#8221; This steep street offers a sweeping view of the city below, bisected by the undulating ribbon of the San River. Roughly halfway along the street, on both sides, was the so-called Cebulanka (Cebulanka) with its farm. Marian Stro\u0144ski loved this distinctive suburban atmosphere, yet so close to the heart of the city. Until the end of the 19th century, Tatarska Street featured only low-rise wooden buildings. Stro\u0144ski&#8217;s painting depicts small houses, still standing today, but with altered facades. A little lower down stands the multi-story house known as the Kami\u0144ski Villa, built in 1910 according to the design of Kazimierz Maria Osi\u0144ski. Even lower still, we see the Church of St. The Church of Our Lady of the Scapular with its soaring tower and the dome of the Church of the Discalced Carmelites, then a Greek Catholic church. Although several decades have passed since this painting was painted, Przemy\u015bl has expanded and changed, and we can easily find this place while walking, climb the steep Tatarska Street, and gaze down at the city, as Marian Stro\u0144ski did years ago.<\/p>\n","protected":false},"excerpt":{"rendered":"<p>Tatarska Street in Przemy\u015bl is one of Marian Stro\u0144ski&#8217;s favorite Przemy\u015bl motifs. It has been reproduced many times by the artist. It is the main street of the Podg\u00f3rze district, leading to Zniesienie and the so-called &#8222;Tartarian Mound.&#8221; This steep street offers a sweeping view of the city below, bisected by the undulating ribbon of [&hellip;]<\/p>\n","protected":false},"author":1,"featured_media":0,"parent":671,"menu_order":130,"comment_status":"closed","ping_status":"closed","template":"","meta":{"footnotes":""},"class_list":["post-699","page","type-page","status-publish","hentry"],"_links":{"self":[{"href":"https:\/\/mnzp-muzealnik.pl\/index.php\/wp-json\/wp\/v2\/pages\/699","targetHints":{"allow":["GET"]}}],"collection":[{"href":"https:\/\/mnzp-muzealnik.pl\/index.php\/wp-json\/wp\/v2\/pages"}],"about":[{"href":"https:\/\/mnzp-muzealnik.pl\/index.php\/wp-json\/wp\/v2\/types\/page"}],"author":[{"embeddable":true,"href":"https:\/\/mnzp-muzealnik.pl\/index.php\/wp-json\/wp\/v2\/users\/1"}],"replies":[{"embeddable":true,"href":"https:\/\/mnzp-muzealnik.pl\/index.php\/wp-json\/wp\/v2\/comments?post=699"}],"version-history":[{"count":1,"href":"https:\/\/mnzp-muzealnik.pl\/index.php\/wp-json\/wp\/v2\/pages\/699\/revisions"}],"predecessor-version":[{"id":700,"href":"https:\/\/mnzp-muzealnik.pl\/index.php\/wp-json\/wp\/v2\/pages\/699\/revisions\/700"}],"up":[{"embeddable":true,"href":"https:\/\/mnzp-muzealnik.pl\/index.php\/wp-json\/wp\/v2\/pages\/671"}],"wp:attachment":[{"href":"https:\/\/mnzp-muzealnik.pl\/index.php\/wp-json\/wp\/v2\/media?parent=699"}],"curies":[{"name":"wp","href":"https:\/\/api.w.org\/{rel}","templated":true}]}}