{"id":701,"date":"2025-10-21T23:08:02","date_gmt":"2025-10-21T21:08:02","guid":{"rendered":"https:\/\/mnzp-muzealnik.pl\/?page_id=701"},"modified":"2025-10-21T23:08:13","modified_gmt":"2025-10-21T21:08:13","slug":"martwa-natura","status":"publish","type":"page","link":"https:\/\/mnzp-muzealnik.pl\/index.php\/strona-glowna\/muzeum-historii-miasta-przemysla\/marian-stronski\/martwa-natura\/","title":{"rendered":"Martwa natura"},"content":{"rendered":"\n<p>Marian Stro\u0144ski by\u0142 wnikliwym obserwatorem, co wida\u0107 w malowanych przez niego portretach. Aby odpowiednio przedstawi\u0107 swojego modela, artysta uwa\u017cnie dobiera\u0142 kolory, spos\u00f3b malowania, kompozycj\u0119, \u015bwiat\u0142o, dodawa\u0142 przedmioty, kt\u00f3re wzorem renesansowych malarzy dookre\u015bla\u0142y portretowan\u0105 osob\u0119. Je\u017celi portret malowany by\u0142 w pracowni artysty, wida\u0107 na r\u00f3\u017cnych portretach powtarzaj\u0105ce si\u0119 elementy. No\u015bnikiem emocji portretowanego s\u0105 zawsze twarz i d\u0142onie. Z portretu Ireny \u015aliwy patrzy wnikliwie, szarymi oczami czterdziestoletnia kobieta. W tej wra\u017cliwej, cho\u0107 wydaje si\u0119 ch\u0142odnej kobiecie Stro\u0144ski dostrzeg\u0142 si\u0142\u0119 charakteru, przejawiaj\u0105c\u0105 si\u0119 w mocnym podbr\u00f3dku i w intensywnym, wr\u0119cz przenikliwym spojrzeniu. D\u0142onie kobiety wydaj\u0105 si\u0119 r\u00f3wnie\u017c silne, mimo, \u017ce w jednej z nich delikatnie trzyma, jakby od niechcenia \u017c\u00f3\u0142t\u0105 r\u00f3\u017c\u0119. Drug\u0105 d\u0142oni\u0105 modelka zdecydowanym gestem \u015bciska por\u0119cz fotela. Mimo za\u0142o\u017conych n\u00f3g, siedzi, jakby gotowa do ruchu, do dzia\u0142ania. Stro\u0144ski lubi\u0142 kontrastowe kolory. Zwr\u00f3\u0107 uwag\u0119 na intensywnie niebieski sweter kobiety, kt\u00f3ry koresponduje z jej kolczykami, czy klipsami. Zr\u00f3\u017cnicowanym sposobem malowania artysta pokazuje, co jest dla niego istotne. Tutaj, najwa\u017cniejsza jest twarz Ireny \u015aliwy, kt\u00f3r\u0105 odda\u0142 niemal detalicznie. Ca\u0142a reszta malowana jest szerokimi poci\u0105gni\u0119ciami p\u0119dzla. R\u00f3\u017ca trzymana przez kobiet\u0119 nie jest przypadkowym dodatkiem roz\u015bwietlaj\u0105cym kompozycj\u0119. Irena \u015aliwa by\u0142a przemysk\u0105 malark\u0105 amatork\u0105, jedn\u0105 z za\u0142o\u017cycieli Klubu Plastyka Nieprofesjonalnego w Przemy\u015blu. Malowa\u0142a pejza\u017ce, widoki miasta, ale jej ulubionym motywem by\u0142y kwiaty. Dlatego Marian Stro\u0144ski sportretowa\u0142 j\u0105 z r\u00f3\u017c\u0105. Na koniec zwr\u00f3\u0107 jeszcze uwag\u0119 na fotel, na kt\u00f3rym siedzi modelka i na tkanin\u0119 za jej plecami. Na tym samym fotelu i z t\u0105 sam\u0105 tkanin\u0105 w tle Stro\u0144ski sportretowa\u0142 swoj\u0105 te\u015bciow\u0105, Mari\u0119 Bere\u017anick\u0105. Obraz ten znajduje si\u0119 w pierwszej sali.<\/p>\n","protected":false},"excerpt":{"rendered":"<p>Marian Stro\u0144ski by\u0142 wnikliwym obserwatorem, co wida\u0107 w malowanych przez niego portretach. Aby odpowiednio przedstawi\u0107 swojego modela, artysta uwa\u017cnie dobiera\u0142 kolory, spos\u00f3b malowania, kompozycj\u0119, \u015bwiat\u0142o, dodawa\u0142 przedmioty, kt\u00f3re wzorem renesansowych malarzy dookre\u015bla\u0142y portretowan\u0105 osob\u0119. Je\u017celi portret malowany by\u0142 w pracowni artysty, wida\u0107 na r\u00f3\u017cnych portretach powtarzaj\u0105ce si\u0119 elementy. No\u015bnikiem emocji portretowanego s\u0105 zawsze twarz i [&hellip;]<\/p>\n","protected":false},"author":1,"featured_media":0,"parent":161,"menu_order":131,"comment_status":"closed","ping_status":"closed","template":"","meta":{"footnotes":""},"class_list":["post-701","page","type-page","status-publish","hentry"],"_links":{"self":[{"href":"https:\/\/mnzp-muzealnik.pl\/index.php\/wp-json\/wp\/v2\/pages\/701","targetHints":{"allow":["GET"]}}],"collection":[{"href":"https:\/\/mnzp-muzealnik.pl\/index.php\/wp-json\/wp\/v2\/pages"}],"about":[{"href":"https:\/\/mnzp-muzealnik.pl\/index.php\/wp-json\/wp\/v2\/types\/page"}],"author":[{"embeddable":true,"href":"https:\/\/mnzp-muzealnik.pl\/index.php\/wp-json\/wp\/v2\/users\/1"}],"replies":[{"embeddable":true,"href":"https:\/\/mnzp-muzealnik.pl\/index.php\/wp-json\/wp\/v2\/comments?post=701"}],"version-history":[{"count":1,"href":"https:\/\/mnzp-muzealnik.pl\/index.php\/wp-json\/wp\/v2\/pages\/701\/revisions"}],"predecessor-version":[{"id":702,"href":"https:\/\/mnzp-muzealnik.pl\/index.php\/wp-json\/wp\/v2\/pages\/701\/revisions\/702"}],"up":[{"embeddable":true,"href":"https:\/\/mnzp-muzealnik.pl\/index.php\/wp-json\/wp\/v2\/pages\/161"}],"wp:attachment":[{"href":"https:\/\/mnzp-muzealnik.pl\/index.php\/wp-json\/wp\/v2\/media?parent=701"}],"curies":[{"name":"wp","href":"https:\/\/api.w.org\/{rel}","templated":true}]}}