{"id":703,"date":"2025-10-21T23:08:34","date_gmt":"2025-10-21T21:08:34","guid":{"rendered":"https:\/\/mnzp-muzealnik.pl\/?page_id=703"},"modified":"2025-10-21T23:08:35","modified_gmt":"2025-10-21T21:08:35","slug":"still-life","status":"publish","type":"page","link":"https:\/\/mnzp-muzealnik.pl\/index.php\/en\/main-page\/museum-of-the-history-of-the-city-of-przemysl\/marian-stronski\/still-life\/","title":{"rendered":"Still Life"},"content":{"rendered":"\n<p>Marian Stro\u0144ski was a keen observer, which is evident in the portraits he painted. To accurately depict his model, the artist carefully selected colors, painting style, composition, and lighting, and added objects that, following the example of Renaissance painters, further defined the subject. If a portrait was painted in an artist&#8217;s studio, recurring elements can be seen in various portraits. The face and hands are always the vehicle for the subject&#8217;s emotions. In the portrait of Irena \u015aliwa, a forty-year-old woman gazes intently with gray eyes. In this sensitive, yet seemingly cool, woman, Stro\u0144ski saw strength of character, manifested in a firm chin and an intense, even penetrating gaze. The woman&#8217;s hands also appear strong, even though she delicately holds a yellow rose in one of them, as if casually. With her other hand, the model firmly grips the arm of the chair. Despite her crossed legs, she sits as if ready to move, to act. Stro\u0144ski favored contrasting colors. Notice the woman&#8217;s intensely blue sweater, which matches her earrings and clip-ons. Through a varied painting style, the artist demonstrates what is important to him. Here, the most important element is Irena \u015aliwa&#8217;s face, which he renders with near-detail. Everything else is painted with broad brushstrokes. The rose held by the woman is not a random addition illuminating the composition. Irena \u015aliwa was an amateur painter from Przemy\u015bl, one of the founders of the Przemy\u015bl Art Club. She painted landscapes and cityscapes, but her favorite motif was flowers. That&#8217;s why Marian Stro\u0144ski portrayed her with a rose. Finally, note the armchair in which the model sits and the fabric behind her. In the same armchair and with the same fabric in the background, Stro\u0144ski portrayed his mother-in-law, Maria Bere\u017anicka. This painting is located in the first room.<\/p>\n","protected":false},"excerpt":{"rendered":"<p>Marian Stro\u0144ski was a keen observer, which is evident in the portraits he painted. To accurately depict his model, the artist carefully selected colors, painting style, composition, and lighting, and added objects that, following the example of Renaissance painters, further defined the subject. If a portrait was painted in an artist&#8217;s studio, recurring elements can [&hellip;]<\/p>\n","protected":false},"author":1,"featured_media":0,"parent":671,"menu_order":131,"comment_status":"closed","ping_status":"closed","template":"","meta":{"footnotes":""},"class_list":["post-703","page","type-page","status-publish","hentry"],"_links":{"self":[{"href":"https:\/\/mnzp-muzealnik.pl\/index.php\/wp-json\/wp\/v2\/pages\/703","targetHints":{"allow":["GET"]}}],"collection":[{"href":"https:\/\/mnzp-muzealnik.pl\/index.php\/wp-json\/wp\/v2\/pages"}],"about":[{"href":"https:\/\/mnzp-muzealnik.pl\/index.php\/wp-json\/wp\/v2\/types\/page"}],"author":[{"embeddable":true,"href":"https:\/\/mnzp-muzealnik.pl\/index.php\/wp-json\/wp\/v2\/users\/1"}],"replies":[{"embeddable":true,"href":"https:\/\/mnzp-muzealnik.pl\/index.php\/wp-json\/wp\/v2\/comments?post=703"}],"version-history":[{"count":1,"href":"https:\/\/mnzp-muzealnik.pl\/index.php\/wp-json\/wp\/v2\/pages\/703\/revisions"}],"predecessor-version":[{"id":704,"href":"https:\/\/mnzp-muzealnik.pl\/index.php\/wp-json\/wp\/v2\/pages\/703\/revisions\/704"}],"up":[{"embeddable":true,"href":"https:\/\/mnzp-muzealnik.pl\/index.php\/wp-json\/wp\/v2\/pages\/671"}],"wp:attachment":[{"href":"https:\/\/mnzp-muzealnik.pl\/index.php\/wp-json\/wp\/v2\/media?parent=703"}],"curies":[{"name":"wp","href":"https:\/\/api.w.org\/{rel}","templated":true}]}}