{"id":705,"date":"2025-10-21T23:09:10","date_gmt":"2025-10-21T21:09:10","guid":{"rendered":"https:\/\/mnzp-muzealnik.pl\/?page_id=705"},"modified":"2025-10-21T23:09:26","modified_gmt":"2025-10-21T21:09:26","slug":"grafika","status":"publish","type":"page","link":"https:\/\/mnzp-muzealnik.pl\/index.php\/strona-glowna\/muzeum-historii-miasta-przemysla\/marian-stronski\/grafika\/","title":{"rendered":"Grafika"},"content":{"rendered":"\n<p>Pierwsze znane nam datowane prace graficzne Mariana Stro\u0144skiego pochodz\u0105 z lat dwudziestych XX wieku. S\u0105 to utrwalone widoki z podr\u00f3\u017cy artysty na P\u00f3\u0142wysep Ba\u0142ka\u0144ski, na Hel, do Francji i W\u0142och. Przyk\u0142adami tych grafik s\u0105: \u201eRaguza\u201d, \u201e\u017bagl\u00f3wki nad morzem\u201d i \u201eChmury\u201d, prezentowane na wystawie w poprzedniej sali. Z lat trzydziestych pochodz\u0105 pierwsze odbitki przedstawiaj\u0105ce Przemy\u015bl. To one s\u0105 najbardziej znane, gdy\u017c powielane by\u0142y przez Stro\u0144skiego wielokrotnie. Stro\u0144ski przez lata korzysta\u0142 z tych samych matryc. Kiedy si\u0119 zu\u017cy\u0142y, wykorzystywa\u0142 je jako palety malarskie. Natomiast motywy z grafik, je\u017celi uzna\u0142 za udane, kopiowa\u0142 na nowej p\u0142ycie. Te p\u00f3\u017aniejsze odbitki, wykonane w latach sze\u015b\u0107dziesi\u0105tych cz\u0119sto kolorowa\u0142. Grafiki z widokami Przemy\u015bla i Krasiczyna artysta nieraz zestawia\u0142 w tematyczne teki. Nie by\u0142y one jednak przygotowane do druku, do wielokrotnego powielania i sprzeda\u017cy, lecz jako prezent. Zestawy by\u0142y r\u00f3\u017cne, wybierane za ka\u017cdym razem indywidualnie przez autora. Odbitki pakowa\u0142 w tekturow\u0105 tek\u0119, kt\u00f3r\u0105 ozdabia\u0142 na licu niewielk\u0105 grafik\u0105 z motywem przemyskim (je\u017celi grafiki dotyczy\u0142y Przemy\u015bla) lub krasiczy\u0144skim (je\u017celi tematem prac by\u0142 zamek w Krasiczynie). Teki zwykle datowa\u0142, czasem pisa\u0142 na nich dedykacj\u0119. Jedn\u0105 z takich tytu\u0142owych grafik przedstawiaj\u0105c\u0105 stary ratusz przemyski i herb miasta Stro\u0144ski odbi\u0142 czerwon\u0105 farb\u0105 drukarsk\u0105. Obok wisz\u0105 na \u015bcianach grafiki, kt\u00f3re wchodzi\u0142y w sk\u0142ad r\u00f3\u017cnych zestaw\u00f3w tzw. \u201etek przemyskich\u201d. W gablocie znajduje si\u0119 tekturowa teczka, kt\u00f3r\u0105 artysta wykorzystywa\u0142 do przechowywania rzeczy \u201edo zrobienia\u201d oraz fotografie, na podstawie kt\u00f3rych Stro\u0144ski wykonywa\u0142 matryce i odbitki. Na wprost grafik przemyskich znajduje si\u0119 kilka przyk\u0142ad\u00f3w prac z motywami z Krasiczyna oraz odbitki barwne.<\/p>\n","protected":false},"excerpt":{"rendered":"<p>Pierwsze znane nam datowane prace graficzne Mariana Stro\u0144skiego pochodz\u0105 z lat dwudziestych XX wieku. S\u0105 to utrwalone widoki z podr\u00f3\u017cy artysty na P\u00f3\u0142wysep Ba\u0142ka\u0144ski, na Hel, do Francji i W\u0142och. Przyk\u0142adami tych grafik s\u0105: \u201eRaguza\u201d, \u201e\u017bagl\u00f3wki nad morzem\u201d i \u201eChmury\u201d, prezentowane na wystawie w poprzedniej sali. Z lat trzydziestych pochodz\u0105 pierwsze odbitki przedstawiaj\u0105ce Przemy\u015bl. To [&hellip;]<\/p>\n","protected":false},"author":1,"featured_media":0,"parent":161,"menu_order":132,"comment_status":"closed","ping_status":"closed","template":"","meta":{"footnotes":""},"class_list":["post-705","page","type-page","status-publish","hentry"],"_links":{"self":[{"href":"https:\/\/mnzp-muzealnik.pl\/index.php\/wp-json\/wp\/v2\/pages\/705","targetHints":{"allow":["GET"]}}],"collection":[{"href":"https:\/\/mnzp-muzealnik.pl\/index.php\/wp-json\/wp\/v2\/pages"}],"about":[{"href":"https:\/\/mnzp-muzealnik.pl\/index.php\/wp-json\/wp\/v2\/types\/page"}],"author":[{"embeddable":true,"href":"https:\/\/mnzp-muzealnik.pl\/index.php\/wp-json\/wp\/v2\/users\/1"}],"replies":[{"embeddable":true,"href":"https:\/\/mnzp-muzealnik.pl\/index.php\/wp-json\/wp\/v2\/comments?post=705"}],"version-history":[{"count":1,"href":"https:\/\/mnzp-muzealnik.pl\/index.php\/wp-json\/wp\/v2\/pages\/705\/revisions"}],"predecessor-version":[{"id":706,"href":"https:\/\/mnzp-muzealnik.pl\/index.php\/wp-json\/wp\/v2\/pages\/705\/revisions\/706"}],"up":[{"embeddable":true,"href":"https:\/\/mnzp-muzealnik.pl\/index.php\/wp-json\/wp\/v2\/pages\/161"}],"wp:attachment":[{"href":"https:\/\/mnzp-muzealnik.pl\/index.php\/wp-json\/wp\/v2\/media?parent=705"}],"curies":[{"name":"wp","href":"https:\/\/api.w.org\/{rel}","templated":true}]}}