{"id":707,"date":"2025-10-21T23:09:47","date_gmt":"2025-10-21T21:09:47","guid":{"rendered":"https:\/\/mnzp-muzealnik.pl\/?page_id=707"},"modified":"2025-10-21T23:09:48","modified_gmt":"2025-10-21T21:09:48","slug":"graphics","status":"publish","type":"page","link":"https:\/\/mnzp-muzealnik.pl\/index.php\/en\/main-page\/museum-of-the-history-of-the-city-of-przemysl\/marian-stronski\/graphics\/","title":{"rendered":"Graphics"},"content":{"rendered":"\n<p>The first known dated graphic works by Marian Stro\u0144ski date from the 1920s. They are recorded views from the artist&#8217;s travels to the Balkan Peninsula, Hel, France, and Italy. Examples of these prints include &#8222;Raguza,&#8221; &#8222;Sailing Boats by the Sea,&#8221; and &#8222;Clouds,&#8221; presented in the exhibition in the previous room. The first prints depicting Przemy\u015bl date from the 1930s. These are the most famous, as they were reproduced by Stro\u0144ski many times. Stro\u0144ski used the same matrices for years. When they wore out, he used them as painting palettes. However, if he deemed them successful, he copied motifs from the prints onto a new plate. These later prints, made in the 1960s, were often colored. The artist often arranged the prints with views of Przemy\u015bl and Krasiczyn into thematic portfolios. However, they were not prepared for printing, for repeated reproduction and sale, but rather as gifts. The sets were different, each time individually selected by the artist. He packed his prints in a cardboard portfolio, which he decorated on the front with a small graphic featuring a Przemy\u015bl motif (if the prints concerned Przemy\u015bl) or a Krasiczyn motif (if the subject of the work was Krasiczyn Castle). He usually dated the portfolios and sometimes wrote a dedication on them. Stro\u0144ski printed one of these title prints, depicting the old Przemy\u015bl town hall and the city&#8217;s coat of arms, in red ink. Next to them, hang prints from various sets of so-called &#8222;Przemy\u015bl portfolios.&#8221; The display case contains a cardboard folder the artist used to store &#8222;to-dos&#8221; and photographs from which Stro\u0144ski made stencils and prints. Opposite the Przemy\u015bl prints are several examples of works with Krasiczyn motifs and color prints.<\/p>\n","protected":false},"excerpt":{"rendered":"<p>The first known dated graphic works by Marian Stro\u0144ski date from the 1920s. They are recorded views from the artist&#8217;s travels to the Balkan Peninsula, Hel, France, and Italy. Examples of these prints include &#8222;Raguza,&#8221; &#8222;Sailing Boats by the Sea,&#8221; and &#8222;Clouds,&#8221; presented in the exhibition in the previous room. The first prints depicting Przemy\u015bl [&hellip;]<\/p>\n","protected":false},"author":1,"featured_media":0,"parent":671,"menu_order":132,"comment_status":"closed","ping_status":"closed","template":"","meta":{"footnotes":""},"class_list":["post-707","page","type-page","status-publish","hentry"],"_links":{"self":[{"href":"https:\/\/mnzp-muzealnik.pl\/index.php\/wp-json\/wp\/v2\/pages\/707","targetHints":{"allow":["GET"]}}],"collection":[{"href":"https:\/\/mnzp-muzealnik.pl\/index.php\/wp-json\/wp\/v2\/pages"}],"about":[{"href":"https:\/\/mnzp-muzealnik.pl\/index.php\/wp-json\/wp\/v2\/types\/page"}],"author":[{"embeddable":true,"href":"https:\/\/mnzp-muzealnik.pl\/index.php\/wp-json\/wp\/v2\/users\/1"}],"replies":[{"embeddable":true,"href":"https:\/\/mnzp-muzealnik.pl\/index.php\/wp-json\/wp\/v2\/comments?post=707"}],"version-history":[{"count":1,"href":"https:\/\/mnzp-muzealnik.pl\/index.php\/wp-json\/wp\/v2\/pages\/707\/revisions"}],"predecessor-version":[{"id":708,"href":"https:\/\/mnzp-muzealnik.pl\/index.php\/wp-json\/wp\/v2\/pages\/707\/revisions\/708"}],"up":[{"embeddable":true,"href":"https:\/\/mnzp-muzealnik.pl\/index.php\/wp-json\/wp\/v2\/pages\/671"}],"wp:attachment":[{"href":"https:\/\/mnzp-muzealnik.pl\/index.php\/wp-json\/wp\/v2\/media?parent=707"}],"curies":[{"name":"wp","href":"https:\/\/api.w.org\/{rel}","templated":true}]}}