{"id":709,"date":"2025-10-21T23:10:17","date_gmt":"2025-10-21T21:10:17","guid":{"rendered":"https:\/\/mnzp-muzealnik.pl\/?page_id=709"},"modified":"2025-10-21T23:10:34","modified_gmt":"2025-10-21T21:10:34","slug":"obraz-noc-abstrakcja","status":"publish","type":"page","link":"https:\/\/mnzp-muzealnik.pl\/index.php\/strona-glowna\/muzeum-historii-miasta-przemysla\/marian-stronski\/obraz-noc-abstrakcja\/","title":{"rendered":"Obraz \u201eNoc\u201d, abstrakcja"},"content":{"rendered":"\n<p>Obraz Mariana Stro\u0144skiego \u201eNoc\u201d, to tylko pozornie czarno-bia\u0142a kompozycja, zbudowana z nieregularnych, geometrycznych kszta\u0142t\u00f3w. Przyjrzyj jej si\u0119 dok\u0142adniej. Odejd\u017a kilka krok\u00f3w i przymknij oczy. Po chwili dostrze\u017cesz, \u017ce to wn\u0119trze pracowni, gdzie tytu\u0142owa noc gra ksi\u0119\u017cycowym \u015bwiat\u0142em i cieniem, nadaj\u0105c kszta\u0142tom nowych znacze\u0144. Po lewej stronie mo\u017cna dostrzec zarys postaci stoj\u0105cej przy sztaludze. Obok niej, po prawej wysoki smuk\u0142y kwiat we flakonie, a na szafie siedzi pies lub kot. A mo\u017ce to tylko figurka? Teraz podejd\u017a bli\u017cej. Przyjrzyj si\u0119 palecie kolor\u00f3w na obrazie. Z bieli wy\u0142aniaj\u0105 si\u0119 szmaragdowe zielenie i b\u0142\u0119kitne szaro\u015bci, a w czerni dostrze\u017cesz karminy. Obraz \u201eNoc\u201d jest doskona\u0142ym przyk\u0142adem mistrzostwa Stro\u0144skiego w operowaniu laserunkiem. Cienko nak\u0142adane na siebie p\u00f3\u0142przezroczyste warstwy kolor\u00f3w, nierzadko wymieszane z werniksem, przenikaj\u0105 si\u0119 i prze\u015bwituj\u0105 jedne przez drugie. Ca\u0142e nowatorstwo tak zwanej abstrakcyjnej tw\u00f3rczo\u015bci Mariana Stro\u0144skiego polega na tym, \u017ce jest ona wynikiem jego wewn\u0119trznych przemy\u015ble\u0144 i potrzeby tego rodzaju wypowiedzi. Narodzi\u0142a si\u0119 od razu ukszta\u0142towana. W pracach nieprzedstawiaj\u0105cych arty\u015bcie nie chodzi\u0142o o ukazanie rzeczywisto\u015bci w spos\u00f3b celowo zniekszta\u0142cony, lecz o relacje kszta\u0142t\u00f3w i kolor\u00f3w, o ich oddzia\u0142ywanie na siebie. Stro\u0144ski m\u00f3wi\u0142: \u201eKa\u017cda kreska, ka\u017cda forma \u017cyje\u201d. Malarz uwa\u017ca\u0142, \u017ce za pomoc\u0105 sztuki abstrakcyjnej mo\u017cna powiedzie\u0107 o emocjach o wiele wi\u0119cej, a ilo\u015b\u0107 interpretacji jest nieograniczona.<\/p>\n","protected":false},"excerpt":{"rendered":"<p>Obraz Mariana Stro\u0144skiego \u201eNoc\u201d, to tylko pozornie czarno-bia\u0142a kompozycja, zbudowana z nieregularnych, geometrycznych kszta\u0142t\u00f3w. Przyjrzyj jej si\u0119 dok\u0142adniej. Odejd\u017a kilka krok\u00f3w i przymknij oczy. Po chwili dostrze\u017cesz, \u017ce to wn\u0119trze pracowni, gdzie tytu\u0142owa noc gra ksi\u0119\u017cycowym \u015bwiat\u0142em i cieniem, nadaj\u0105c kszta\u0142tom nowych znacze\u0144. Po lewej stronie mo\u017cna dostrzec zarys postaci stoj\u0105cej przy sztaludze. Obok niej, [&hellip;]<\/p>\n","protected":false},"author":1,"featured_media":0,"parent":161,"menu_order":133,"comment_status":"closed","ping_status":"closed","template":"","meta":{"footnotes":""},"class_list":["post-709","page","type-page","status-publish","hentry"],"_links":{"self":[{"href":"https:\/\/mnzp-muzealnik.pl\/index.php\/wp-json\/wp\/v2\/pages\/709","targetHints":{"allow":["GET"]}}],"collection":[{"href":"https:\/\/mnzp-muzealnik.pl\/index.php\/wp-json\/wp\/v2\/pages"}],"about":[{"href":"https:\/\/mnzp-muzealnik.pl\/index.php\/wp-json\/wp\/v2\/types\/page"}],"author":[{"embeddable":true,"href":"https:\/\/mnzp-muzealnik.pl\/index.php\/wp-json\/wp\/v2\/users\/1"}],"replies":[{"embeddable":true,"href":"https:\/\/mnzp-muzealnik.pl\/index.php\/wp-json\/wp\/v2\/comments?post=709"}],"version-history":[{"count":1,"href":"https:\/\/mnzp-muzealnik.pl\/index.php\/wp-json\/wp\/v2\/pages\/709\/revisions"}],"predecessor-version":[{"id":710,"href":"https:\/\/mnzp-muzealnik.pl\/index.php\/wp-json\/wp\/v2\/pages\/709\/revisions\/710"}],"up":[{"embeddable":true,"href":"https:\/\/mnzp-muzealnik.pl\/index.php\/wp-json\/wp\/v2\/pages\/161"}],"wp:attachment":[{"href":"https:\/\/mnzp-muzealnik.pl\/index.php\/wp-json\/wp\/v2\/media?parent=709"}],"curies":[{"name":"wp","href":"https:\/\/api.w.org\/{rel}","templated":true}]}}