{"id":713,"date":"2025-10-21T23:11:37","date_gmt":"2025-10-21T21:11:37","guid":{"rendered":"https:\/\/mnzp-muzealnik.pl\/?page_id=713"},"modified":"2025-10-21T23:13:29","modified_gmt":"2025-10-21T21:13:29","slug":"obraz-wloscianin-z-krzywczy","status":"publish","type":"page","link":"https:\/\/mnzp-muzealnik.pl\/index.php\/strona-glowna\/muzeum-historii-miasta-przemysla\/marian-stronski\/obraz-wloscianin-z-krzywczy\/","title":{"rendered":"Obraz \u201eW\u0142o\u015bcianin z Krzywczy\u201d"},"content":{"rendered":"\n<p>Obraz \u201eW\u0142o\u015bcianin z Krzywczy\u201d jest darem Mariana Stro\u0144skiego dla Towarzystwa Przyjaci\u00f3\u0142 Nauk w Przemy\u015blu z 1924 roku. Dowiadujemy si\u0119 o tym z napisu znajduj\u0105cego si\u0119 w prawym dolnym rogu pracy. W obrazach z lat dwudziestych Stro\u0144ski u\u017cywa\u0142 intensywnych, \u017cywych kolor\u00f3w. Korzysta\u0142 z osi\u0105gni\u0119\u0107 impresjonizmu, postimpresjonizmu i koloryzmu, i u\u017cywa\u0142 je po swojemu. Wida\u0107 to wyra\u017anie w portrecie ch\u0142opa. Mimo s\u0142onecznej pogody m\u0119\u017cczyzna stoi ubrany w ko\u017cuch z baranim ko\u0142nierzem. Jego dumn\u0105 posta\u0107 dope\u0142nia kapelusz, rzucaj\u0105cy cie\u0144 na cz\u0119\u015b\u0107 twarzy. Zwr\u00f3\u0107 uwag\u0119 na t\u0119 barwn\u0105 twarz, malowan\u0105 odrealnionymi wr\u0119cz kolorami: zieleni\u0105, czerwieniami, oran\u017cami. Gra kolor\u00f3w, \u015bwiat\u0142a i cienia, to ulubiony spos\u00f3b wyra\u017cania si\u0119 artysty. Za plecami m\u0119\u017cczyzny wida\u0107 niewielki drewniany ko\u015bci\u00f3\u0142. T\u0119 sam\u0105 budowl\u0119 przedstawi\u0142 Stro\u0144ski na grafice wisz\u0105cej obok.<\/p>\n","protected":false},"excerpt":{"rendered":"<p>Obraz \u201eW\u0142o\u015bcianin z Krzywczy\u201d jest darem Mariana Stro\u0144skiego dla Towarzystwa Przyjaci\u00f3\u0142 Nauk w Przemy\u015blu z 1924 roku. Dowiadujemy si\u0119 o tym z napisu znajduj\u0105cego si\u0119 w prawym dolnym rogu pracy. W obrazach z lat dwudziestych Stro\u0144ski u\u017cywa\u0142 intensywnych, \u017cywych kolor\u00f3w. Korzysta\u0142 z osi\u0105gni\u0119\u0107 impresjonizmu, postimpresjonizmu i koloryzmu, i u\u017cywa\u0142 je po swojemu. Wida\u0107 to wyra\u017anie [&hellip;]<\/p>\n","protected":false},"author":1,"featured_media":0,"parent":161,"menu_order":134,"comment_status":"closed","ping_status":"closed","template":"","meta":{"footnotes":""},"class_list":["post-713","page","type-page","status-publish","hentry"],"_links":{"self":[{"href":"https:\/\/mnzp-muzealnik.pl\/index.php\/wp-json\/wp\/v2\/pages\/713","targetHints":{"allow":["GET"]}}],"collection":[{"href":"https:\/\/mnzp-muzealnik.pl\/index.php\/wp-json\/wp\/v2\/pages"}],"about":[{"href":"https:\/\/mnzp-muzealnik.pl\/index.php\/wp-json\/wp\/v2\/types\/page"}],"author":[{"embeddable":true,"href":"https:\/\/mnzp-muzealnik.pl\/index.php\/wp-json\/wp\/v2\/users\/1"}],"replies":[{"embeddable":true,"href":"https:\/\/mnzp-muzealnik.pl\/index.php\/wp-json\/wp\/v2\/comments?post=713"}],"version-history":[{"count":1,"href":"https:\/\/mnzp-muzealnik.pl\/index.php\/wp-json\/wp\/v2\/pages\/713\/revisions"}],"predecessor-version":[{"id":714,"href":"https:\/\/mnzp-muzealnik.pl\/index.php\/wp-json\/wp\/v2\/pages\/713\/revisions\/714"}],"up":[{"embeddable":true,"href":"https:\/\/mnzp-muzealnik.pl\/index.php\/wp-json\/wp\/v2\/pages\/161"}],"wp:attachment":[{"href":"https:\/\/mnzp-muzealnik.pl\/index.php\/wp-json\/wp\/v2\/media?parent=713"}],"curies":[{"name":"wp","href":"https:\/\/api.w.org\/{rel}","templated":true}]}}