{"id":717,"date":"2025-10-21T23:14:21","date_gmt":"2025-10-21T21:14:21","guid":{"rendered":"https:\/\/mnzp-muzealnik.pl\/?page_id=717"},"modified":"2026-02-09T13:07:24","modified_gmt":"2026-02-09T12:07:24","slug":"portret-dziewczyny-w-stroju-ludowym","status":"publish","type":"page","link":"https:\/\/mnzp-muzealnik.pl\/index.php\/strona-glowna\/muzeum-historii-miasta-przemysla\/marian-stronski\/portret-dziewczyny-w-stroju-ludowym\/","title":{"rendered":"Portret dziewczyny w stroju ludowym"},"content":{"rendered":"\n<p>W okresie mi\u0119dzywojennym Marian Stro\u0144ski cz\u0119sto podejmowa\u0142 tematyk\u0119 ludow\u0105. Malowanie dziewcz\u0105t w strojach ludowych, kolorowych, haftowanych gorsetach, kraciastych lub kwiecistych chustach dawa\u0142y arty\u015bcie mo\u017cliwo\u015b\u0107 pokazania malarskiego kunsztu, zaprezentowania si\u0119, jako wirtuoza p\u0119dzla i barwy. Stro\u0144ski wpisywa\u0142 si\u0119 tymi pracami w nurt malarstwa polskiego pierwszej \u0107wierci dwudziestego wieku, wyra\u017caj\u0105cego fascynacje artyst\u00f3w pi\u0119knem ojczystej ziemi i polskiej wsi. Wiejskie motywy Mariana Stro\u0144skiego z powodzeniem mo\u017cna zestawi\u0107 z obrazami Kazimierza Sichulskiego, W\u0142odzimierza Tetmajera, czy Ferdynanda Pautscha. Teodor Axentowicz, nauczyciel przemyskiego artysty z Akademii Sztuk Pi\u0119knych w Krakowie tak\u017ce podejmowa\u0142 tematyk\u0119 ludow\u0105. Obraz \u201eDziewczyna z Dubiecka\u201d jest prawdziw\u0105 uczt\u0105 dla oka. Kobieta, ubrana w czarny, haftowany gorset, jasnor\u00f3\u017cow\u0105 zapask\u0119, okryta kraciast\u0105, kolorow\u0105 chust\u0105, jest przedstawiona na tle zimowego pejza\u017cu. Na g\u0142owie ma jasn\u0105 chustk\u0119 w kolorowe kwiaty. Jej policzki s\u0105 zar\u00f3\u017cowione od mrozu. Artysta zastosowa\u0142 w tym obrazie ulubione kontrasty, zestawianie barw zimnych z ciep\u0142ymi: intensywnej czerwieni i ch\u0142odnych b\u0142\u0119kit\u00f3w. Zwr\u00f3\u0107 uwag\u0119 na spos\u00f3b malowania: na szerokie poci\u0105gni\u0119cia p\u0119dzla w partii \u015bniegu, na mi\u0119si\u015bcie i grubo malowan\u0105 chust\u0119 na ramionach dziewczyny. Mo\u017cna poczu\u0107 mi\u0119kko\u015b\u0107 i ciep\u0142o tkaniny. Dziewczyna by\u0142a prawdopodobnie jedn\u0105 z ulubionych modelek Stro\u0144skiego. Malowa\u0142 j\u0105 kilkukrotnie. Na wystawie widzimy j\u0105 jeszcze na obrazie pod tytu\u0142em \u201eDziewczyna z okolic Dubiecka\u201d, wisz\u0105cym na prawo od okna.<\/p>\n","protected":false},"excerpt":{"rendered":"<p>W okresie mi\u0119dzywojennym Marian Stro\u0144ski cz\u0119sto podejmowa\u0142 tematyk\u0119 ludow\u0105. Malowanie dziewcz\u0105t w strojach ludowych, kolorowych, haftowanych gorsetach, kraciastych lub kwiecistych chustach dawa\u0142y arty\u015bcie mo\u017cliwo\u015b\u0107 pokazania malarskiego kunsztu, zaprezentowania si\u0119, jako wirtuoza p\u0119dzla i barwy. Stro\u0144ski wpisywa\u0142 si\u0119 tymi pracami w nurt malarstwa polskiego pierwszej \u0107wierci dwudziestego wieku, wyra\u017caj\u0105cego fascynacje artyst\u00f3w pi\u0119knem ojczystej ziemi i polskiej [&hellip;]<\/p>\n","protected":false},"author":1,"featured_media":1266,"parent":161,"menu_order":135,"comment_status":"closed","ping_status":"closed","template":"","meta":{"footnotes":""},"class_list":["post-717","page","type-page","status-publish","has-post-thumbnail","hentry"],"_links":{"self":[{"href":"https:\/\/mnzp-muzealnik.pl\/index.php\/wp-json\/wp\/v2\/pages\/717","targetHints":{"allow":["GET"]}}],"collection":[{"href":"https:\/\/mnzp-muzealnik.pl\/index.php\/wp-json\/wp\/v2\/pages"}],"about":[{"href":"https:\/\/mnzp-muzealnik.pl\/index.php\/wp-json\/wp\/v2\/types\/page"}],"author":[{"embeddable":true,"href":"https:\/\/mnzp-muzealnik.pl\/index.php\/wp-json\/wp\/v2\/users\/1"}],"replies":[{"embeddable":true,"href":"https:\/\/mnzp-muzealnik.pl\/index.php\/wp-json\/wp\/v2\/comments?post=717"}],"version-history":[{"count":1,"href":"https:\/\/mnzp-muzealnik.pl\/index.php\/wp-json\/wp\/v2\/pages\/717\/revisions"}],"predecessor-version":[{"id":718,"href":"https:\/\/mnzp-muzealnik.pl\/index.php\/wp-json\/wp\/v2\/pages\/717\/revisions\/718"}],"up":[{"embeddable":true,"href":"https:\/\/mnzp-muzealnik.pl\/index.php\/wp-json\/wp\/v2\/pages\/161"}],"wp:featuredmedia":[{"embeddable":true,"href":"https:\/\/mnzp-muzealnik.pl\/index.php\/wp-json\/wp\/v2\/media\/1266"}],"wp:attachment":[{"href":"https:\/\/mnzp-muzealnik.pl\/index.php\/wp-json\/wp\/v2\/media?parent=717"}],"curies":[{"name":"wp","href":"https:\/\/api.w.org\/{rel}","templated":true}]}}