{"id":719,"date":"2025-10-21T23:16:29","date_gmt":"2025-10-21T21:16:29","guid":{"rendered":"https:\/\/mnzp-muzealnik.pl\/?page_id=719"},"modified":"2026-02-09T13:07:54","modified_gmt":"2026-02-09T12:07:54","slug":"portrait-of-a-girl-in-folk-costume","status":"publish","type":"page","link":"https:\/\/mnzp-muzealnik.pl\/index.php\/en\/main-page\/museum-of-the-history-of-the-city-of-przemysl\/marian-stronski\/portrait-of-a-girl-in-folk-costume\/","title":{"rendered":"Portrait of a Girl in Folk Costume"},"content":{"rendered":"\n<p>During the interwar period, Marian Stro\u0144ski frequently explored folk themes. Painting girls in folk costumes, colorful, embroidered corsets, and checkered or floral shawls allowed the artist to demonstrate his painterly skill and demonstrate his mastery of brushwork and color. With these works, Stro\u0144ski aligned himself with the trend of Polish painting in the first quarter of the twentieth century, expressing artists&#8217; fascination with the beauty of their native land and the Polish countryside. Marian Stro\u0144ski&#8217;s rural motifs can be successfully compared to paintings by Kazimierz Sichulski, W\u0142odzimierz Tetmajer, and Ferdynand Pautsch. Teodor Axentowicz, the Przemy\u015bl artist&#8217;s teacher at the Academy of Fine Arts in Krak\u00f3w, also explored folk themes. The painting &#8222;Girl from Dubiecko&#8221; is a true feast for the eyes. A woman, dressed in a black, embroidered corset, a light pink apron, and covered with a colorful, checkered scarf, is depicted against a winter landscape. She wears a light scarf with colorful flowers on her head. Her cheeks are rosy from the frost. The artist used his favorite contrasts in this painting, juxtaposing cold and warm colors: intense red and cool blues. Note the painterly style: the broad brushstrokes in the snow, the thickly painted scarf on the girl&#8217;s shoulders. You can feel the softness and warmth of the fabric. The girl was likely one of Stro\u0144ski&#8217;s favorite models. He painted her several times. At the exhibition, we can also see her in a painting titled &#8222;Girl from the Dubiecko Area,&#8221; hanging to the right of the window.<\/p>\n","protected":false},"excerpt":{"rendered":"<p>During the interwar period, Marian Stro\u0144ski frequently explored folk themes. Painting girls in folk costumes, colorful, embroidered corsets, and checkered or floral shawls allowed the artist to demonstrate his painterly skill and demonstrate his mastery of brushwork and color. With these works, Stro\u0144ski aligned himself with the trend of Polish painting in the first quarter [&hellip;]<\/p>\n","protected":false},"author":1,"featured_media":1267,"parent":671,"menu_order":135,"comment_status":"closed","ping_status":"closed","template":"","meta":{"footnotes":""},"class_list":["post-719","page","type-page","status-publish","has-post-thumbnail","hentry"],"_links":{"self":[{"href":"https:\/\/mnzp-muzealnik.pl\/index.php\/wp-json\/wp\/v2\/pages\/719","targetHints":{"allow":["GET"]}}],"collection":[{"href":"https:\/\/mnzp-muzealnik.pl\/index.php\/wp-json\/wp\/v2\/pages"}],"about":[{"href":"https:\/\/mnzp-muzealnik.pl\/index.php\/wp-json\/wp\/v2\/types\/page"}],"author":[{"embeddable":true,"href":"https:\/\/mnzp-muzealnik.pl\/index.php\/wp-json\/wp\/v2\/users\/1"}],"replies":[{"embeddable":true,"href":"https:\/\/mnzp-muzealnik.pl\/index.php\/wp-json\/wp\/v2\/comments?post=719"}],"version-history":[{"count":1,"href":"https:\/\/mnzp-muzealnik.pl\/index.php\/wp-json\/wp\/v2\/pages\/719\/revisions"}],"predecessor-version":[{"id":720,"href":"https:\/\/mnzp-muzealnik.pl\/index.php\/wp-json\/wp\/v2\/pages\/719\/revisions\/720"}],"up":[{"embeddable":true,"href":"https:\/\/mnzp-muzealnik.pl\/index.php\/wp-json\/wp\/v2\/pages\/671"}],"wp:featuredmedia":[{"embeddable":true,"href":"https:\/\/mnzp-muzealnik.pl\/index.php\/wp-json\/wp\/v2\/media\/1267"}],"wp:attachment":[{"href":"https:\/\/mnzp-muzealnik.pl\/index.php\/wp-json\/wp\/v2\/media?parent=719"}],"curies":[{"name":"wp","href":"https:\/\/api.w.org\/{rel}","templated":true}]}}