{"id":723,"date":"2025-10-21T23:17:24","date_gmt":"2025-10-21T21:17:24","guid":{"rendered":"https:\/\/mnzp-muzealnik.pl\/?page_id=723"},"modified":"2025-10-21T23:17:24","modified_gmt":"2025-10-21T21:17:24","slug":"thesis","status":"publish","type":"page","link":"https:\/\/mnzp-muzealnik.pl\/index.php\/en\/main-page\/museum-of-the-history-of-the-city-of-przemysl\/marian-stronski\/thesis\/","title":{"rendered":"Thesis"},"content":{"rendered":"\n<p>&#8222;Study of an Old Man.&#8221; You see before you a large, black-and-white reproduction of the painting &#8222;Study of an Old Man.&#8221; A sheet of paper with the inscription &#8222;SILVER MEDAL&#8221; affixed to the top left corner of the painting. Marian Stro\u0144ski painted this painting during his final year of studies at the Academy of Fine Arts in Krak\u00f3w. He received a medal, which is displayed in a display case nearby, and a cash prize. &#8222;Study of an Old Man&#8221; was considered lost for years. The artist&#8217;s family only has a photograph of it. A few years ago, the painting was discovered in a private collection. The owners purchased it in an antique shop as the work of the Nowy S\u0105cz painter Boles\u0142aw Barbacki. Where did this mistake come from? The District Museum in Nowy S\u0105cz holds a painting by Boles\u0142aw Barbacki depicting the same old man, depicted in the same position but from a different angle. It turned out that Boles\u0142aw Barbacki and Marian Stro\u0144ski were studying at the same time at the Academy of Fine Arts in the studio of Teodor Axentowicz. Marian Stro\u0144ski&#8217;s painting, &#8222;Studium Starca&#8221; (Study of an Old Man), had, under unknown circumstances, come into Boles\u0142aw Barbacki&#8217;s possession and was being offered for sale, along with other items belonging to Barbacki, as part of his legacy.<\/p>\n","protected":false},"excerpt":{"rendered":"<p>&#8222;Study of an Old Man.&#8221; You see before you a large, black-and-white reproduction of the painting &#8222;Study of an Old Man.&#8221; A sheet of paper with the inscription &#8222;SILVER MEDAL&#8221; affixed to the top left corner of the painting. Marian Stro\u0144ski painted this painting during his final year of studies at the Academy of Fine [&hellip;]<\/p>\n","protected":false},"author":1,"featured_media":0,"parent":671,"menu_order":136,"comment_status":"closed","ping_status":"closed","template":"","meta":{"footnotes":""},"class_list":["post-723","page","type-page","status-publish","hentry"],"_links":{"self":[{"href":"https:\/\/mnzp-muzealnik.pl\/index.php\/wp-json\/wp\/v2\/pages\/723","targetHints":{"allow":["GET"]}}],"collection":[{"href":"https:\/\/mnzp-muzealnik.pl\/index.php\/wp-json\/wp\/v2\/pages"}],"about":[{"href":"https:\/\/mnzp-muzealnik.pl\/index.php\/wp-json\/wp\/v2\/types\/page"}],"author":[{"embeddable":true,"href":"https:\/\/mnzp-muzealnik.pl\/index.php\/wp-json\/wp\/v2\/users\/1"}],"replies":[{"embeddable":true,"href":"https:\/\/mnzp-muzealnik.pl\/index.php\/wp-json\/wp\/v2\/comments?post=723"}],"version-history":[{"count":1,"href":"https:\/\/mnzp-muzealnik.pl\/index.php\/wp-json\/wp\/v2\/pages\/723\/revisions"}],"predecessor-version":[{"id":724,"href":"https:\/\/mnzp-muzealnik.pl\/index.php\/wp-json\/wp\/v2\/pages\/723\/revisions\/724"}],"up":[{"embeddable":true,"href":"https:\/\/mnzp-muzealnik.pl\/index.php\/wp-json\/wp\/v2\/pages\/671"}],"wp:attachment":[{"href":"https:\/\/mnzp-muzealnik.pl\/index.php\/wp-json\/wp\/v2\/media?parent=723"}],"curies":[{"name":"wp","href":"https:\/\/api.w.org\/{rel}","templated":true}]}}