{"id":731,"date":"2025-10-21T23:24:35","date_gmt":"2025-10-21T21:24:35","guid":{"rendered":"https:\/\/mnzp-muzealnik.pl\/?page_id=731"},"modified":"2025-10-21T23:24:51","modified_gmt":"2025-10-21T21:24:51","slug":"model-gipsowy-skory","status":"publish","type":"page","link":"https:\/\/mnzp-muzealnik.pl\/index.php\/strona-glowna\/muzeum-historii-miasta-przemysla\/dawna-klasa\/model-gipsowy-skory\/","title":{"rendered":"Model gipsowy sk\u00f3ry"},"content":{"rendered":"\n<p>Model anatomiczny ludzkiej sk\u00f3ry. Blokowy model przekroju strza\u0142kowego fragmentu ludzkiej sk\u00f3ry g\u0142owy przedstawiony na gipsowej, prostok\u0105tnej plakiecie (na brzegu lewej strony widoczny jest uszczerbek). Podstawa jest czarna, relief kolorowo lakierowany: czerwony, br\u0105zowy kremowy. Ta pomoc naukowa pochodzi z pracowni przyrodniczej II Pa\u0144stwowego Gimnazjum w Przemy\u015blu na Zasaniu. Model zosta\u0142 sprowadzony przez profesora przyrody i przyrodoznawstwa Juliana Kubrakiewicza, prowadz\u0105cego gabinet przyrodniczy w latach 1921-1931 w II Pa\u0144stwowym Gimnazjum (od 1922 roku II Gimnazjum im. prof. Kazimierza Morawskiego w Przemy\u015blu). Ten i inne modele s\u0142u\u017cy\u0142y do nauki anatomii. Model oddaje w 80 krotnym powi\u0119kszeniu wygl\u0105d sk\u00f3ry ludzkiej g\u0142owy, kt\u00f3rej rzeczywista grubo\u015b\u0107 mie\u015bci si\u0119 w granicach 3,5 do 5,5 mm. Sk\u00f3ra g\u0142owy jest jedn\u0105 z najgrubszych cz\u0119\u015bci sk\u00f3ry w ciele cz\u0142owieka. Przekr\u00f3j pokazuje wszystkie warstwy. W spos\u00f3b plastyczny (dwuwymiarowy) uwidoczniony jest nask\u00f3rek, sk\u00f3ra w\u0142a\u015bciwa, tkanka podsk\u00f3rna. Kolorem br\u0105zowym zaznaczona jest struktura w\u0142osa wraz z korzeniem, cebulk\u0105, brodawk\u0105, mieszkiem i \u0142odyg\u0105 w\u0142osa. Nad mieszkiem w\u0142osa widoczne s\u0105 gruczo\u0142y \u0142ojowe (jeden w przekroju). Bia\u0142o kremowym kolorem oznaczone s\u0105 gruczo\u0142y potowe. Nitki naczy\u0144 krwiono\u015bnych maj\u0105 kolor czerwony. Kilka struktur anatomicznych jest ponumerowanych. Model wykonany zosta\u0142 w niemieckiej pracowni na Uniwersytecie w Lipsku przez rze\u017abiarza Franza Josefa Stegera (1845-1938), kt\u00f3ry wsp\u00f3\u0142pracowa\u0142 z anatomem patologiem Carlem Ernstem Bockiem (1809-1874).<\/p>\n","protected":false},"excerpt":{"rendered":"<p>Model anatomiczny ludzkiej sk\u00f3ry. Blokowy model przekroju strza\u0142kowego fragmentu ludzkiej sk\u00f3ry g\u0142owy przedstawiony na gipsowej, prostok\u0105tnej plakiecie (na brzegu lewej strony widoczny jest uszczerbek). Podstawa jest czarna, relief kolorowo lakierowany: czerwony, br\u0105zowy kremowy. Ta pomoc naukowa pochodzi z pracowni przyrodniczej II Pa\u0144stwowego Gimnazjum w Przemy\u015blu na Zasaniu. Model zosta\u0142 sprowadzony przez profesora przyrody i przyrodoznawstwa [&hellip;]<\/p>\n","protected":false},"author":1,"featured_media":738,"parent":163,"menu_order":139,"comment_status":"closed","ping_status":"closed","template":"","meta":{"footnotes":""},"class_list":["post-731","page","type-page","status-publish","has-post-thumbnail","hentry"],"_links":{"self":[{"href":"https:\/\/mnzp-muzealnik.pl\/index.php\/wp-json\/wp\/v2\/pages\/731","targetHints":{"allow":["GET"]}}],"collection":[{"href":"https:\/\/mnzp-muzealnik.pl\/index.php\/wp-json\/wp\/v2\/pages"}],"about":[{"href":"https:\/\/mnzp-muzealnik.pl\/index.php\/wp-json\/wp\/v2\/types\/page"}],"author":[{"embeddable":true,"href":"https:\/\/mnzp-muzealnik.pl\/index.php\/wp-json\/wp\/v2\/users\/1"}],"replies":[{"embeddable":true,"href":"https:\/\/mnzp-muzealnik.pl\/index.php\/wp-json\/wp\/v2\/comments?post=731"}],"version-history":[{"count":1,"href":"https:\/\/mnzp-muzealnik.pl\/index.php\/wp-json\/wp\/v2\/pages\/731\/revisions"}],"predecessor-version":[{"id":739,"href":"https:\/\/mnzp-muzealnik.pl\/index.php\/wp-json\/wp\/v2\/pages\/731\/revisions\/739"}],"up":[{"embeddable":true,"href":"https:\/\/mnzp-muzealnik.pl\/index.php\/wp-json\/wp\/v2\/pages\/163"}],"wp:featuredmedia":[{"embeddable":true,"href":"https:\/\/mnzp-muzealnik.pl\/index.php\/wp-json\/wp\/v2\/media\/738"}],"wp:attachment":[{"href":"https:\/\/mnzp-muzealnik.pl\/index.php\/wp-json\/wp\/v2\/media?parent=731"}],"curies":[{"name":"wp","href":"https:\/\/api.w.org\/{rel}","templated":true}]}}