{"id":750,"date":"2025-10-21T23:30:15","date_gmt":"2025-10-21T21:30:15","guid":{"rendered":"https:\/\/mnzp-muzealnik.pl\/?page_id=750"},"modified":"2025-10-21T23:30:26","modified_gmt":"2025-10-21T21:30:26","slug":"sygilaria","status":"publish","type":"page","link":"https:\/\/mnzp-muzealnik.pl\/index.php\/strona-glowna\/muzeum-historii-miasta-przemysla\/dawna-klasa\/sygilaria\/","title":{"rendered":"Sygilaria"},"content":{"rendered":"\n<p>Sygilaria (\u0142ac. Sygillaria)\u2013 skamienia\u0142o\u015b\u0107 zwana jest inaczej drzewem piecz\u0119ciowym, piecz\u0105tkowcem. Ta naczyniowa ro\u015blina kopalna nale\u017cy do rz\u0119du Lepidodendrowc\u00f3w. Ten wymar\u0142y rodzaj wid\u0142aka, wielko\u015bci drzew, \u017cy\u0142 w okresie karbonu (360 \u2013 300 milion\u00f3w lat temu). Karbo\u0144skie wid\u0142aki mia\u0142y wielkie pnie. Wn\u0119trze pnia nie by\u0142o mocno zdrewnia\u0142e, zawiera\u0142o bardzo ma\u0142o drewna cz\u0119sto wewn\u0105trz by\u0142o puste. Dlatego uchowane w w\u0119glu kamiennym sygilarie, jako skamienia\u0142o\u015bci, nie s\u0105 zachowane w postaci walca, ale jako silnie sp\u0142aszczone, p\u0142askie \u201edeseczki\u201d z charakterystyczn\u0105 ornamentacj\u0105. Przedstawiony okaz Sygilarii jest naturalnym fragmentem skamienia\u0142o\u015bci ro\u015blinnej w postaci kamiennego, sp\u0142aszczonego pnia o d\u0142ugo\u015bci 41 cm, szeroko\u015bci 11,5cm, grubo\u015bci 3,7 cm, barwy czarnej. Kszta\u0142tem przypomina zw\u0119glon\u0105 p\u0142ask\u0105 k\u0142od\u0119 o chropowatej powierzchni pokrytej \u015bladami blizn, kt\u00f3re u\u0142o\u017cone s\u0105 prawie regularnie. S\u0105 to zachowane odciski miejsc przyczepu li\u015bci. Li\u015bcie umieszczone by\u0142y na poduszkach li\u015bciowych. Poduszki te zachowa\u0142y si\u0119 w postaci okr\u0105g\u0142ych \u015blad\u00f3w powsta\u0142ych, na powierzchni pnia, po opadni\u0119ciu li\u015bci. Te regularne wg\u0142\u0119bienia, odgniecenia swym wygl\u0105dem przypominaj\u0105 piecz\u0105tki. St\u0105d nazwa ro\u015blin drzewa piecz\u0119ciowe. Szcz\u0105tki tych ro\u015blin odegra\u0142y wa\u017cn\u0105 rol\u0119 w tworzeniu si\u0119 pok\u0142ad\u00f3w w\u0119gla kamiennego.<\/p>\n","protected":false},"excerpt":{"rendered":"<p>Sygilaria (\u0142ac. Sygillaria)\u2013 skamienia\u0142o\u015b\u0107 zwana jest inaczej drzewem piecz\u0119ciowym, piecz\u0105tkowcem. Ta naczyniowa ro\u015blina kopalna nale\u017cy do rz\u0119du Lepidodendrowc\u00f3w. Ten wymar\u0142y rodzaj wid\u0142aka, wielko\u015bci drzew, \u017cy\u0142 w okresie karbonu (360 \u2013 300 milion\u00f3w lat temu). Karbo\u0144skie wid\u0142aki mia\u0142y wielkie pnie. Wn\u0119trze pnia nie by\u0142o mocno zdrewnia\u0142e, zawiera\u0142o bardzo ma\u0142o drewna cz\u0119sto wewn\u0105trz by\u0142o puste. Dlatego uchowane [&hellip;]<\/p>\n","protected":false},"author":1,"featured_media":751,"parent":163,"menu_order":143,"comment_status":"closed","ping_status":"closed","template":"","meta":{"footnotes":""},"class_list":["post-750","page","type-page","status-publish","has-post-thumbnail","hentry"],"_links":{"self":[{"href":"https:\/\/mnzp-muzealnik.pl\/index.php\/wp-json\/wp\/v2\/pages\/750","targetHints":{"allow":["GET"]}}],"collection":[{"href":"https:\/\/mnzp-muzealnik.pl\/index.php\/wp-json\/wp\/v2\/pages"}],"about":[{"href":"https:\/\/mnzp-muzealnik.pl\/index.php\/wp-json\/wp\/v2\/types\/page"}],"author":[{"embeddable":true,"href":"https:\/\/mnzp-muzealnik.pl\/index.php\/wp-json\/wp\/v2\/users\/1"}],"replies":[{"embeddable":true,"href":"https:\/\/mnzp-muzealnik.pl\/index.php\/wp-json\/wp\/v2\/comments?post=750"}],"version-history":[{"count":1,"href":"https:\/\/mnzp-muzealnik.pl\/index.php\/wp-json\/wp\/v2\/pages\/750\/revisions"}],"predecessor-version":[{"id":752,"href":"https:\/\/mnzp-muzealnik.pl\/index.php\/wp-json\/wp\/v2\/pages\/750\/revisions\/752"}],"up":[{"embeddable":true,"href":"https:\/\/mnzp-muzealnik.pl\/index.php\/wp-json\/wp\/v2\/pages\/163"}],"wp:featuredmedia":[{"embeddable":true,"href":"https:\/\/mnzp-muzealnik.pl\/index.php\/wp-json\/wp\/v2\/media\/751"}],"wp:attachment":[{"href":"https:\/\/mnzp-muzealnik.pl\/index.php\/wp-json\/wp\/v2\/media?parent=750"}],"curies":[{"name":"wp","href":"https:\/\/api.w.org\/{rel}","templated":true}]}}