{"id":761,"date":"2025-10-21T23:32:54","date_gmt":"2025-10-21T21:32:54","guid":{"rendered":"https:\/\/mnzp-muzealnik.pl\/?page_id=761"},"modified":"2026-02-09T13:04:22","modified_gmt":"2026-02-09T12:04:22","slug":"pomoce-naukowe","status":"publish","type":"page","link":"https:\/\/mnzp-muzealnik.pl\/index.php\/strona-glowna\/muzeum-historii-miasta-przemysla\/dawna-klasa\/pomoce-naukowe\/","title":{"rendered":"Pomoce naukowe"},"content":{"rendered":"\n<p>W g\u0142\u00f3wnej sali Dawnej klasy po stronie prawej znajduje si\u0119 gablota i szafy z pocz\u0105tku XX z pomocami dydaktycznymi z dawnych przedmiotowych gabinet\u00f3w szkolnych. W gablocie okazy geologiczne. S\u0105 tam bezbarwne kryszta\u0142y g\u00f3rskie, fioletowe ametystu, mleczne kwarcu. Obok minera\u0142y: soli (bia\u0142ej, czerwonej i czarnej), \u017c\u00f3\u0142tej siarki rodzimej, gipsu, brunatnego ozokerytu, ceglastego hematytu. Zielony malachit i azuryt oraz fragmenty r\u00f3\u017cnych krzemieni wraz z wapienn\u0105 r\u00f3\u017c\u0105 pustyni i szlifowanymi kwadratami marmur\u00f3w dope\u0142niaj\u0105 wn\u0119trza gabloty. Pierwsza szafa na g\u00f3rnej p\u00f3\u0142ce mie\u015bci pomoce naukowe do fizyki. Z ciekawszych maszyna elektrostatyczna (wimshursta) z pocz\u0105tk\u00f3w wieku, amperomierz, model kafara- urz\u0105dzenia do wbijania pali z pracowni fizycznej C.K. Gimnazjum w Przemy\u015blu (I LO). Obok pomoce do nauczania geografii : globus Towarzystwa Akcyjnego Urania oraz barograf z paryskiej firmy Richarda Feresa z ko\u0144ca IXX wieku. Poni\u017cej prezentowane s\u0105 mikroskopy z wiede\u0144skiej firmy C. Reicherta z prze\u0142omu wiek\u00f3w XIX\/XX oraz p\u00f3\u017aniejsze z Polskich Zak\u0142ad\u00f3w Optycznych. Do tego preparaty mikroskopowe mi\u0119dzy innymi z lwowskiej i krakowskiej pracowni Dezyderego Szymkiewicza (1885-1948) oraz firmy \u201eUrania\u201d Warszawskiej- Wytw\u00f3rni Pomocy Naukowych. Kolejna szafa to mi\u0119dzy innymi unikatowe gipsowe modele, teraz osobliwe i wyj\u0105tkowe, przez p\u00f3\u0142 wieku s\u0142u\u017cy\u0142y przemyskim uczniom do zg\u0142\u0119biania tajnik\u00f3w anatomii cz\u0142owieka. Pochodz\u0105 z pracowni pomocy naukowych w Lipsku. Wykona\u0142 je rze\u017abiarz Franz Josef Steger (1845-1938) pod kierunkiem anatoma Carla Ernsta Bocka (1809-1874). Natomiast anatomiczne gipsowe modele na drewnie, z pocz\u0105tku XX, s\u0105 sygnowane przez V\u00e1clava Fri\u010da, tw\u00f3rcy hurtowni pomocy naukowych w Pradze. Obecnie mo\u017cna je podziwia\u0107 jedynie w bardzo nielicznych muzeach. Kolejna szafa to pomoce naukowe z botaniki, zoologii, kt\u00f3re stanowi\u0142y wyposa\u017cenie gabinet\u00f3w historii naturalnej w tym okazy przyrodnicze w postaci trwa\u0142ych szkielet\u00f3w zwierz\u0105t, okaz\u00f3w wypchanych, gablotek z owadami, r\u00f3\u017cnorodnych mokrych preparat\u00f3w formalinowych. Za wag\u0105 laboratoryjn\u0105 oryginalne dygestorium, przerobione na szaf\u0119 chemiczn\u0105 z odczynnikami i sprz\u0119tem laboratoryjnym. Wszystkie eksponaty stanowi\u0142y wyposa\u017cenie przemyskich c.k. gimnazj\u00f3w i szk\u00f3\u0142 realnych.<\/p>\n","protected":false},"excerpt":{"rendered":"<p>W g\u0142\u00f3wnej sali Dawnej klasy po stronie prawej znajduje si\u0119 gablota i szafy z pocz\u0105tku XX z pomocami dydaktycznymi z dawnych przedmiotowych gabinet\u00f3w szkolnych. W gablocie okazy geologiczne. S\u0105 tam bezbarwne kryszta\u0142y g\u00f3rskie, fioletowe ametystu, mleczne kwarcu. Obok minera\u0142y: soli (bia\u0142ej, czerwonej i czarnej), \u017c\u00f3\u0142tej siarki rodzimej, gipsu, brunatnego ozokerytu, ceglastego hematytu. Zielony malachit i [&hellip;]<\/p>\n","protected":false},"author":1,"featured_media":1262,"parent":163,"menu_order":146,"comment_status":"closed","ping_status":"closed","template":"","meta":{"footnotes":""},"class_list":["post-761","page","type-page","status-publish","has-post-thumbnail","hentry"],"_links":{"self":[{"href":"https:\/\/mnzp-muzealnik.pl\/index.php\/wp-json\/wp\/v2\/pages\/761","targetHints":{"allow":["GET"]}}],"collection":[{"href":"https:\/\/mnzp-muzealnik.pl\/index.php\/wp-json\/wp\/v2\/pages"}],"about":[{"href":"https:\/\/mnzp-muzealnik.pl\/index.php\/wp-json\/wp\/v2\/types\/page"}],"author":[{"embeddable":true,"href":"https:\/\/mnzp-muzealnik.pl\/index.php\/wp-json\/wp\/v2\/users\/1"}],"replies":[{"embeddable":true,"href":"https:\/\/mnzp-muzealnik.pl\/index.php\/wp-json\/wp\/v2\/comments?post=761"}],"version-history":[{"count":1,"href":"https:\/\/mnzp-muzealnik.pl\/index.php\/wp-json\/wp\/v2\/pages\/761\/revisions"}],"predecessor-version":[{"id":762,"href":"https:\/\/mnzp-muzealnik.pl\/index.php\/wp-json\/wp\/v2\/pages\/761\/revisions\/762"}],"up":[{"embeddable":true,"href":"https:\/\/mnzp-muzealnik.pl\/index.php\/wp-json\/wp\/v2\/pages\/163"}],"wp:featuredmedia":[{"embeddable":true,"href":"https:\/\/mnzp-muzealnik.pl\/index.php\/wp-json\/wp\/v2\/media\/1262"}],"wp:attachment":[{"href":"https:\/\/mnzp-muzealnik.pl\/index.php\/wp-json\/wp\/v2\/media?parent=761"}],"curies":[{"name":"wp","href":"https:\/\/api.w.org\/{rel}","templated":true}]}}