{"id":765,"date":"2025-10-21T23:34:01","date_gmt":"2025-10-21T21:34:01","guid":{"rendered":"https:\/\/mnzp-muzealnik.pl\/?page_id=765"},"modified":"2025-10-21T23:34:12","modified_gmt":"2025-10-21T21:34:12","slug":"ksiazki-podreczniki","status":"publish","type":"page","link":"https:\/\/mnzp-muzealnik.pl\/index.php\/strona-glowna\/muzeum-historii-miasta-przemysla\/dawna-klasa\/ksiazki-podreczniki\/","title":{"rendered":"Ksi\u0105\u017cki \/ podr\u0119czniki"},"content":{"rendered":"\n<p>Wychodz\u0105c z pomieszczenia Dawnej Klasy widzimy witryn\u0119 z ksi\u0105\u017ckami i \u015bwiadectwami szkolnymi. S\u0105 to dawne podr\u0119czniki szkolne, mi\u0119dzy innymi Historia dla klasy V szk\u00f3\u0142 Powszechnych II i II stopnia, autorstwa Gizeli Gebertowej (1882-1964), wydana przez Ksi\u0105\u017cnice-Atlas, Lw\u00f3w -Warszawa w 1937 roku. Podr\u0119cznik do j\u0119zyka niemieckiego Karola Zagajewskiego, wydany przez najwi\u0119ksz\u0105 organizacj\u0119 nauczycieli gimnazjalnych, jakim by\u0142o Towarzystwo Nauczycieli Szk\u00f3\u0142 Wy\u017cszych. Kosztowa\u0142 on 2 korony i 40 halerzy (r\u00f3wnowarto\u015b\u0107 kilku bochenk\u00f3w chleba). Na nauk\u0119 j\u0119zyka niemieckiego zwracano w gimnazjach galicyjskich szczeg\u00f3ln\u0105 uwag\u0119, gdy\u017c zajmowa\u0142 po \u0142acinie najwi\u0119cej miejsca w planie nauczania. Jest te\u017c Geografia Polski Stanis\u0142awa Sobi\u0144skiego. Podr\u0119cznik dla gimnazj\u00f3w pa\u0144stwowych wydany nak\u0142adem K.S. Jakubowskiego we Lwowie w 1926 roku. Do tego atlas Polski Eugeniusza Romera (1871-1954) i J\u00f3zefa W\u0105sowicza (1900-1964) z 1951 roku. Podr\u0119czni do geometrii z 1908 roku, koresponduje z Rachunkami znajduj\u0105cymi si\u0119 na najni\u017cszej p\u00f3\u0142ce witryny. \u015arodkow\u0105 cz\u0119\u015b\u0107 zajmuj\u0105: klucz do oznaczania ro\u015blin, atlasy ro\u015blin, motyli s\u0105 te\u017c podr\u0119czniki szkolne. Pocz\u0105tkowa nauka o przyrodzie\u201d Bohdana Dyakowskiego (1864-1940), dla uczni\u00f3w szk\u00f3\u0142 powszechnych wydana w wydawnictwie Geberthnera i Wolffa w Warszawie. J\u00f3zefa Rostafi\u0144skiego (1850-1928) Botanika na klasy wy\u017csze oraz Wiadomo\u015bci z historii naturalnej dla szk\u00f3\u0142 wydzia\u0142owych wydane przez Zak\u0142ad Narodowy im. Ossoli\u0144skich. Przyk\u0142adowe \u015bwiadectwa szkolne dope\u0142niaj\u0105 pogl\u0105dow\u0105 zawarto\u015b\u0107 witryny zamykaj\u0105c aur\u0119 dawnej klasy. Na przeciwleg\u0142ej \u015bcianie kopie zdj\u0119\u0107 obrazuj\u0105cych wygl\u0105d klas, uczni\u00f3w i nauczycieli r\u00f3\u017cnych typ\u00f3w szk\u00f3\u0142 z okresu p\u00f3\u0142wiecza minionego XX wieku.<\/p>\n","protected":false},"excerpt":{"rendered":"<p>Wychodz\u0105c z pomieszczenia Dawnej Klasy widzimy witryn\u0119 z ksi\u0105\u017ckami i \u015bwiadectwami szkolnymi. S\u0105 to dawne podr\u0119czniki szkolne, mi\u0119dzy innymi Historia dla klasy V szk\u00f3\u0142 Powszechnych II i II stopnia, autorstwa Gizeli Gebertowej (1882-1964), wydana przez Ksi\u0105\u017cnice-Atlas, Lw\u00f3w -Warszawa w 1937 roku. Podr\u0119cznik do j\u0119zyka niemieckiego Karola Zagajewskiego, wydany przez najwi\u0119ksz\u0105 organizacj\u0119 nauczycieli gimnazjalnych, jakim by\u0142o [&hellip;]<\/p>\n","protected":false},"author":1,"featured_media":0,"parent":163,"menu_order":147,"comment_status":"closed","ping_status":"closed","template":"","meta":{"footnotes":""},"class_list":["post-765","page","type-page","status-publish","hentry"],"_links":{"self":[{"href":"https:\/\/mnzp-muzealnik.pl\/index.php\/wp-json\/wp\/v2\/pages\/765","targetHints":{"allow":["GET"]}}],"collection":[{"href":"https:\/\/mnzp-muzealnik.pl\/index.php\/wp-json\/wp\/v2\/pages"}],"about":[{"href":"https:\/\/mnzp-muzealnik.pl\/index.php\/wp-json\/wp\/v2\/types\/page"}],"author":[{"embeddable":true,"href":"https:\/\/mnzp-muzealnik.pl\/index.php\/wp-json\/wp\/v2\/users\/1"}],"replies":[{"embeddable":true,"href":"https:\/\/mnzp-muzealnik.pl\/index.php\/wp-json\/wp\/v2\/comments?post=765"}],"version-history":[{"count":1,"href":"https:\/\/mnzp-muzealnik.pl\/index.php\/wp-json\/wp\/v2\/pages\/765\/revisions"}],"predecessor-version":[{"id":766,"href":"https:\/\/mnzp-muzealnik.pl\/index.php\/wp-json\/wp\/v2\/pages\/765\/revisions\/766"}],"up":[{"embeddable":true,"href":"https:\/\/mnzp-muzealnik.pl\/index.php\/wp-json\/wp\/v2\/pages\/163"}],"wp:attachment":[{"href":"https:\/\/mnzp-muzealnik.pl\/index.php\/wp-json\/wp\/v2\/media?parent=765"}],"curies":[{"name":"wp","href":"https:\/\/api.w.org\/{rel}","templated":true}]}}