{"id":980,"date":"2025-10-27T21:04:13","date_gmt":"2025-10-27T20:04:13","guid":{"rendered":"https:\/\/mnzp-muzealnik.pl\/?page_id=980"},"modified":"2025-10-27T21:04:39","modified_gmt":"2025-10-27T20:04:39","slug":"fajka-z-glowa-konia","status":"publish","type":"page","link":"https:\/\/mnzp-muzealnik.pl\/index.php\/strona-glowna\/muzeum-dzwonow-i-fajek\/fajka-z-glowa-konia\/","title":{"rendered":"Fajka z g\u0142ow\u0105 konia"},"content":{"rendered":"\n<p><strong>Fajka [MPS-1687, wystawa fajek Wie\u017ca]<\/strong><\/p>\n\n\n\n<p><strong>G\u0142\u00f3wka fajki z\u0142o\u017conej, prawdopodobnie wykonana z drewna orzecha kaukaskiego, wykonana w 2 po\u0142owie XIX wieku w Rosji \u2013 Przedkaukazie. Okucie przypuszczalnie wykonane we Lwowie. Eksponat pochodzi z najwcze\u015bniejszych zbior\u00f3w muzeum. G\u0142\u00f3wka fajki w kszta\u0142cie stylizowanej g\u0142owy zwierz\u0119cia z rodziny jeleniowatych. Jego g\u0142ow\u0119 zwie\u0144czaj\u0105 dekoracyjnie zakomponowane rogi. Oczy szeroko otwarte, inkrustowane ko\u015bci\u0105. G\u0142\u00f3wka nakryta kapturkiem wykonanym z alpaki. Szyjka fajki zabezpieczona metalow\u0105 plecionk\u0105 z mosi\u0119\u017cnego drucika. Fajka nie ma sobie podobnych w zbiorach europejskich, nie znaleziono r\u00f3wnie\u017c analogii w literaturze. Jest interesuj\u0105ca nie tylko ze wzgl\u0119du na form\u0119, ale tak\u017ce na zwi\u0105zan\u0105 z ni\u0105 legend\u0119, postarzaj\u0105c\u0105 j\u0105 o oko\u0142o \u0107wier\u0107 milenium. \u201eOt\u00f3\u017c w jej kominku zachowa\u0142a si\u0119 kartka ofiarodawcy z tekstem: Fajka z roku 1648 za panowania Kr\u00f3la W\u0142adys\u0142awa IV wyrobu ruskiego znaleziona w namiocie Kozackiem Bohdana Chmielnickiego\u201d.<\/strong><\/p>\n","protected":false},"excerpt":{"rendered":"<p>Fajka [MPS-1687, wystawa fajek Wie\u017ca] G\u0142\u00f3wka fajki z\u0142o\u017conej, prawdopodobnie wykonana z drewna orzecha kaukaskiego, wykonana w 2 po\u0142owie XIX wieku w Rosji \u2013 Przedkaukazie. Okucie przypuszczalnie wykonane we Lwowie. Eksponat pochodzi z najwcze\u015bniejszych zbior\u00f3w muzeum. G\u0142\u00f3wka fajki w kszta\u0142cie stylizowanej g\u0142owy zwierz\u0119cia z rodziny jeleniowatych. Jego g\u0142ow\u0119 zwie\u0144czaj\u0105 dekoracyjnie zakomponowane rogi. Oczy szeroko otwarte, inkrustowane [&hellip;]<\/p>\n","protected":false},"author":1,"featured_media":0,"parent":147,"menu_order":148,"comment_status":"closed","ping_status":"closed","template":"","meta":{"footnotes":""},"class_list":["post-980","page","type-page","status-publish","hentry"],"_links":{"self":[{"href":"https:\/\/mnzp-muzealnik.pl\/index.php\/wp-json\/wp\/v2\/pages\/980","targetHints":{"allow":["GET"]}}],"collection":[{"href":"https:\/\/mnzp-muzealnik.pl\/index.php\/wp-json\/wp\/v2\/pages"}],"about":[{"href":"https:\/\/mnzp-muzealnik.pl\/index.php\/wp-json\/wp\/v2\/types\/page"}],"author":[{"embeddable":true,"href":"https:\/\/mnzp-muzealnik.pl\/index.php\/wp-json\/wp\/v2\/users\/1"}],"replies":[{"embeddable":true,"href":"https:\/\/mnzp-muzealnik.pl\/index.php\/wp-json\/wp\/v2\/comments?post=980"}],"version-history":[{"count":1,"href":"https:\/\/mnzp-muzealnik.pl\/index.php\/wp-json\/wp\/v2\/pages\/980\/revisions"}],"predecessor-version":[{"id":981,"href":"https:\/\/mnzp-muzealnik.pl\/index.php\/wp-json\/wp\/v2\/pages\/980\/revisions\/981"}],"up":[{"embeddable":true,"href":"https:\/\/mnzp-muzealnik.pl\/index.php\/wp-json\/wp\/v2\/pages\/147"}],"wp:attachment":[{"href":"https:\/\/mnzp-muzealnik.pl\/index.php\/wp-json\/wp\/v2\/media?parent=980"}],"curies":[{"name":"wp","href":"https:\/\/api.w.org\/{rel}","templated":true}]}}