{"id":984,"date":"2025-10-27T21:06:51","date_gmt":"2025-10-27T20:06:51","guid":{"rendered":"https:\/\/mnzp-muzealnik.pl\/?page_id=984"},"modified":"2025-10-27T21:07:14","modified_gmt":"2025-10-27T20:07:14","slug":"dzwon-z-rozbiorowym-godlem-herbowym-przemysla-umocowany-na-jarzmie","status":"publish","type":"page","link":"https:\/\/mnzp-muzealnik.pl\/index.php\/strona-glowna\/muzeum-dzwonow-i-fajek\/dzwon-z-rozbiorowym-godlem-herbowym-przemysla-umocowany-na-jarzmie\/","title":{"rendered":"Dzwon z rozbiorowym god\u0142em herbowym Przemy\u015bla umocowany na jarzmie"},"content":{"rendered":"\n<p>Dzwon zosta\u0142 wykonany z br\u0105zu i ozdobiony neorenesansowym ornamentem rozmieszczonym w dw\u00f3ch fryzach \u2013 na pier\u015bcieniu odsercowym i w g\u00f3rnej cz\u0119\u015bci p\u0142aszcza. Na p\u0142aszczu widnieje god\u0142o herbowe Przemy\u015bla z okresu austriackiego (nied\u017awied\u017a w prawo nad nim sze\u015bciopromienna gwiazda). Nad doln\u0105 kraw\u0119dzi\u0105 sygnatura: JAROSZEWSKI LUDWISARZ W PRZEMY\u015aLU. Na szyi w dwu rz\u0119dach napis: WYLANY R 1878 ZA BYTNO\u015aCI WIELMO\u017bNEGO PANA W WAYGARTA PREZESA MIASTA. Dzwon jest jednym z nielicznych zabytk\u00f3w ludwisarstwa z zachowanym oryginalnym sercem i drewnianym jarzmem. Powsta\u0142 zapewne okazjonalnie, jako wizyt\u00f3wka umiej\u0119tno\u015bci ludwisarza; nie ma przekaz\u00f3w, by by\u0142 u\u017cywany jako urz\u0105dzenie sygnalizacyjne. Pochodz\u0105cy z Radymna lub z Lubaczowa ludwisarz Jan Jaroszewski by\u0142 czynny w Lubaczowie i Przemy\u015blu w latach 1848-1885. Dzwon jest umocowany za pomoc\u0105 r\u0119cznie kutych \u017celaznych p\u0142askownik\u00f3w na drewnianym jarzmie. Po obu stronach jarzmo okute jest \u017celazn\u0105 ko\u0144c\u00f3wk\u0105 z metalowymi trzpieniami. Trzpienie te by\u0142y umieszczane w \u0142o\u017cysku. D\u017awi\u0119k z dzwonu wydobywa\u0142 si\u0119 i dzi\u0119ki ko\u0142ysaniu ca\u0142ym zestawem \u2013 jarzmem i zamontowanym do\u0144 dzwonem.<\/p>\n","protected":false},"excerpt":{"rendered":"<p>Dzwon zosta\u0142 wykonany z br\u0105zu i ozdobiony neorenesansowym ornamentem rozmieszczonym w dw\u00f3ch fryzach \u2013 na pier\u015bcieniu odsercowym i w g\u00f3rnej cz\u0119\u015bci p\u0142aszcza. Na p\u0142aszczu widnieje god\u0142o herbowe Przemy\u015bla z okresu austriackiego (nied\u017awied\u017a w prawo nad nim sze\u015bciopromienna gwiazda). Nad doln\u0105 kraw\u0119dzi\u0105 sygnatura: JAROSZEWSKI LUDWISARZ W PRZEMY\u015aLU. Na szyi w dwu rz\u0119dach napis: WYLANY R 1878 [&hellip;]<\/p>\n","protected":false},"author":1,"featured_media":0,"parent":147,"menu_order":149,"comment_status":"closed","ping_status":"closed","template":"","meta":{"footnotes":""},"class_list":["post-984","page","type-page","status-publish","hentry"],"_links":{"self":[{"href":"https:\/\/mnzp-muzealnik.pl\/index.php\/wp-json\/wp\/v2\/pages\/984","targetHints":{"allow":["GET"]}}],"collection":[{"href":"https:\/\/mnzp-muzealnik.pl\/index.php\/wp-json\/wp\/v2\/pages"}],"about":[{"href":"https:\/\/mnzp-muzealnik.pl\/index.php\/wp-json\/wp\/v2\/types\/page"}],"author":[{"embeddable":true,"href":"https:\/\/mnzp-muzealnik.pl\/index.php\/wp-json\/wp\/v2\/users\/1"}],"replies":[{"embeddable":true,"href":"https:\/\/mnzp-muzealnik.pl\/index.php\/wp-json\/wp\/v2\/comments?post=984"}],"version-history":[{"count":1,"href":"https:\/\/mnzp-muzealnik.pl\/index.php\/wp-json\/wp\/v2\/pages\/984\/revisions"}],"predecessor-version":[{"id":985,"href":"https:\/\/mnzp-muzealnik.pl\/index.php\/wp-json\/wp\/v2\/pages\/984\/revisions\/985"}],"up":[{"embeddable":true,"href":"https:\/\/mnzp-muzealnik.pl\/index.php\/wp-json\/wp\/v2\/pages\/147"}],"wp:attachment":[{"href":"https:\/\/mnzp-muzealnik.pl\/index.php\/wp-json\/wp\/v2\/media?parent=984"}],"curies":[{"name":"wp","href":"https:\/\/api.w.org\/{rel}","templated":true}]}}