{"id":987,"date":"2025-10-27T21:07:53","date_gmt":"2025-10-27T20:07:53","guid":{"rendered":"https:\/\/mnzp-muzealnik.pl\/?page_id=987"},"modified":"2025-10-27T21:14:04","modified_gmt":"2025-10-27T20:14:04","slug":"a-bell-bearing-the-przemysl-coat-of-arms-from-the-partition-period-mounted-on-a-yoke","status":"publish","type":"page","link":"https:\/\/mnzp-muzealnik.pl\/index.php\/en\/main-page\/museum-of-bells-and-pipes\/a-bell-bearing-the-przemysl-coat-of-arms-from-the-partition-period-mounted-on-a-yoke\/","title":{"rendered":"A bell bearing the Przemy\u015bl coat of arms from the partition period, mounted on a yoke"},"content":{"rendered":"\n<p>The bell is made of bronze and decorated with a neo-Renaissance ornament arranged in two friezes \u2013 on the heart ring and on the upper part of the mantle. The mantle bears the Przemy\u015bl coat of arms from the Austrian period (a bear facing right with a six-pointed star above it). Above the lower edge is the signature: JAROSZEWSKI BUDDWISARZ W PRZEMY\u015aLU. Around the neck, in two rows, is the inscription: WYLANY R 1878 ZA BYTNO\u015aCI WIELMO\u017bNYGO PANA W WAYGARTA PRESIDENT OF THE CITY. The bell is one of the few bell-founding artefacts with a preserved original heart and wooden yoke. It was likely made occasionally, as a showcase for the founder&#8217;s skills; there is no record of it being used as a signaling device. Jan Jaroszewski, a bell founder from Radymno or Lubacz\u00f3w, was active in Lubacz\u00f3w and Przemy\u015bl from 1848 to 1885. The bell is attached to a wooden yoke using hand-forged iron flats. The yoke is fitted with an iron end with metal pins on both sides. These pins were inserted into a bearing. The sound was produced by the swinging of the entire assembly\u2014the yoke and the bell mounted to it.<\/p>\n","protected":false},"excerpt":{"rendered":"<p>The bell is made of bronze and decorated with a neo-Renaissance ornament arranged in two friezes \u2013 on the heart ring and on the upper part of the mantle. The mantle bears the Przemy\u015bl coat of arms from the Austrian period (a bear facing right with a six-pointed star above it). Above the lower edge [&hellip;]<\/p>\n","protected":false},"author":1,"featured_media":0,"parent":530,"menu_order":149,"comment_status":"closed","ping_status":"closed","template":"","meta":{"footnotes":""},"class_list":["post-987","page","type-page","status-publish","hentry"],"_links":{"self":[{"href":"https:\/\/mnzp-muzealnik.pl\/index.php\/wp-json\/wp\/v2\/pages\/987","targetHints":{"allow":["GET"]}}],"collection":[{"href":"https:\/\/mnzp-muzealnik.pl\/index.php\/wp-json\/wp\/v2\/pages"}],"about":[{"href":"https:\/\/mnzp-muzealnik.pl\/index.php\/wp-json\/wp\/v2\/types\/page"}],"author":[{"embeddable":true,"href":"https:\/\/mnzp-muzealnik.pl\/index.php\/wp-json\/wp\/v2\/users\/1"}],"replies":[{"embeddable":true,"href":"https:\/\/mnzp-muzealnik.pl\/index.php\/wp-json\/wp\/v2\/comments?post=987"}],"version-history":[{"count":2,"href":"https:\/\/mnzp-muzealnik.pl\/index.php\/wp-json\/wp\/v2\/pages\/987\/revisions"}],"predecessor-version":[{"id":1125,"href":"https:\/\/mnzp-muzealnik.pl\/index.php\/wp-json\/wp\/v2\/pages\/987\/revisions\/1125"}],"up":[{"embeddable":true,"href":"https:\/\/mnzp-muzealnik.pl\/index.php\/wp-json\/wp\/v2\/pages\/530"}],"wp:attachment":[{"href":"https:\/\/mnzp-muzealnik.pl\/index.php\/wp-json\/wp\/v2\/media?parent=987"}],"curies":[{"name":"wp","href":"https:\/\/api.w.org\/{rel}","templated":true}]}}