{"id":990,"date":"2025-10-27T21:08:46","date_gmt":"2025-10-27T20:08:46","guid":{"rendered":"https:\/\/mnzp-muzealnik.pl\/?page_id=990"},"modified":"2025-10-27T21:09:00","modified_gmt":"2025-10-27T20:09:00","slug":"dzwon-pawel-z-daromina","status":"publish","type":"page","link":"https:\/\/mnzp-muzealnik.pl\/index.php\/strona-glowna\/muzeum-dzwonow-i-fajek\/dzwon-pawel-z-daromina\/","title":{"rendered":"Dzwon Pawe\u0142 z Daromina"},"content":{"rendered":"\n<p>Pokryty p\u0142askorze\u017ab\u0105 dzwon Pawe\u0142 by\u0142 jednym z pi\u0119ciu podobnie zdobionych instrument\u00f3w odlanych w 1936 roku przez ludwisarni\u0119 Ludwika Felczy\u0144skiego w Przemy\u015blu dla ma\u0142ej parafii Daromin ko\u0142o Sandomierza. Dekoracja dzwonu zaprojektowana zosta\u0142a przez rze\u017abiarza Aleksandra Borawskiego i nawi\u0105zuje do dzia\u0142alno\u015bci misyjnej Ko\u015bcio\u0142a. Po jednej stronie p\u0142aszcza dzwonu widzimy \u015bw. Paw\u0142a jako Aposto\u0142a Narod\u00f3w stoj\u0105cego przed rzymsk\u0105 bazylik\u0105 \u015bw. Paw\u0142a za Murami, po drugiej \u2013 kr\u00f3low\u0105 Jadwig\u0119 Andegawe\u0144sk\u0105 unosz\u0105c\u0105 krzy\u017c \u2013 jako Aposto\u0142a Litwy. Taka oryginalna ikonografia zabytku sugeruj\u0105, \u017ce fundatorem instrument\u00f3w do tej ubogiej parafii m\u00f3g\u0142 by\u0107 kto\u015b zwi\u0105zany z Wiecznym Miastem \u2013 by\u0107 mo\u017ce pochodz\u0105cy z Daromina, wykszta\u0142cony w Rzymie ks. dr Micha\u0142 \u0141agodzki, a mo\u017ce nawet \u00f3wczesny papie\u017c Pius XI (Achilles Ratti), kt\u00f3ry dobrze zna\u0142 nasz kraj, gdy\u017c tu\u017c po odzyskaniu niepodleg\u0142o\u015bci by\u0142 w Polsce nuncjuszem. W czasie drugiej wojny \u015bwiatowej daromi\u0144skie dzwony zosta\u0142y przez parafian ukryte i przetrwa\u0142y; jedynie dzwonowi Pawe\u0142 podczas radzieckiej ofensywy w sierpniu 1944 roku pocisk uszkodzi\u0142 koron\u0119. Obecnie na dzwonnicy ko\u015bcio\u0142a w Darominie wisi jego replika wykonana w 1982 roku w przemyskiej ludwisarni Janusza Felczy\u0144skiego.<\/p>\n","protected":false},"excerpt":{"rendered":"<p>Pokryty p\u0142askorze\u017ab\u0105 dzwon Pawe\u0142 by\u0142 jednym z pi\u0119ciu podobnie zdobionych instrument\u00f3w odlanych w 1936 roku przez ludwisarni\u0119 Ludwika Felczy\u0144skiego w Przemy\u015blu dla ma\u0142ej parafii Daromin ko\u0142o Sandomierza. Dekoracja dzwonu zaprojektowana zosta\u0142a przez rze\u017abiarza Aleksandra Borawskiego i nawi\u0105zuje do dzia\u0142alno\u015bci misyjnej Ko\u015bcio\u0142a. Po jednej stronie p\u0142aszcza dzwonu widzimy \u015bw. Paw\u0142a jako Aposto\u0142a Narod\u00f3w stoj\u0105cego przed rzymsk\u0105 [&hellip;]<\/p>\n","protected":false},"author":1,"featured_media":0,"parent":147,"menu_order":150,"comment_status":"closed","ping_status":"closed","template":"","meta":{"footnotes":""},"class_list":["post-990","page","type-page","status-publish","hentry"],"_links":{"self":[{"href":"https:\/\/mnzp-muzealnik.pl\/index.php\/wp-json\/wp\/v2\/pages\/990","targetHints":{"allow":["GET"]}}],"collection":[{"href":"https:\/\/mnzp-muzealnik.pl\/index.php\/wp-json\/wp\/v2\/pages"}],"about":[{"href":"https:\/\/mnzp-muzealnik.pl\/index.php\/wp-json\/wp\/v2\/types\/page"}],"author":[{"embeddable":true,"href":"https:\/\/mnzp-muzealnik.pl\/index.php\/wp-json\/wp\/v2\/users\/1"}],"replies":[{"embeddable":true,"href":"https:\/\/mnzp-muzealnik.pl\/index.php\/wp-json\/wp\/v2\/comments?post=990"}],"version-history":[{"count":1,"href":"https:\/\/mnzp-muzealnik.pl\/index.php\/wp-json\/wp\/v2\/pages\/990\/revisions"}],"predecessor-version":[{"id":991,"href":"https:\/\/mnzp-muzealnik.pl\/index.php\/wp-json\/wp\/v2\/pages\/990\/revisions\/991"}],"up":[{"embeddable":true,"href":"https:\/\/mnzp-muzealnik.pl\/index.php\/wp-json\/wp\/v2\/pages\/147"}],"wp:attachment":[{"href":"https:\/\/mnzp-muzealnik.pl\/index.php\/wp-json\/wp\/v2\/media?parent=990"}],"curies":[{"name":"wp","href":"https:\/\/api.w.org\/{rel}","templated":true}]}}