{"id":994,"date":"2025-10-27T21:10:02","date_gmt":"2025-10-27T20:10:02","guid":{"rendered":"https:\/\/mnzp-muzealnik.pl\/?page_id=994"},"modified":"2025-10-27T21:10:21","modified_gmt":"2025-10-27T20:10:21","slug":"ludwik-felczynski-ze-wspolnikami-wladyslawem-buciakiem-i-alojzym-kedzielskim-przed-odlewnia-przemyska","status":"publish","type":"page","link":"https:\/\/mnzp-muzealnik.pl\/index.php\/strona-glowna\/muzeum-dzwonow-i-fajek\/ludwik-felczynski-ze-wspolnikami-wladyslawem-buciakiem-i-alojzym-kedzielskim-przed-odlewnia-przemyska\/","title":{"rendered":"Ludwik Felczy\u0144ski ze wsp\u00f3lnikami: W\u0142adys\u0142awem Buciakiem i Alojzym K\u0119dzielskim przed odlewni\u0105 przemysk\u0105"},"content":{"rendered":"\n<p>W roku 1938 firma rodzinna Odlewnia Dzwon\u00f3w Braci Felczy\u0144skich w Przemy\u015blu i w Ka\u0142uszu \u015bwi\u0119ci\u0142a 130-lecie swego istnienia. Z tej okazji wykonana zosta\u0142a pami\u0105tkowa fotografia, na kt\u00f3rej w\u015br\u00f3d dzwon\u00f3w znajduj\u0105 si\u0119 w\u0142a\u015bciciele odlewni przemyskiej. Ludwisarni\u0105 w Przemy\u015blu kierowa\u0142 w\u00f3wczas Ludwik Felczy\u0144ski (na zdj\u0119ciu pierwszy od lewej), a jego wsp\u00f3lnikami byli stoj\u0105cy kolejno: W\u0142adys\u0142aw Buciak i Alojzy K\u0119dzielski. Przed nimi widoczne s\u0105 dzwony r\u00f3\u017cnych rozmiar\u00f3w \u2013 efekt ludwisarskiego trudu. Zwraca uwag\u0119 najwi\u0119kszy instrument w \u015brodku ze scen\u0105 Chrztu Chrystusa na p\u0142aszczu i pi\u0119kn\u0105 koron\u0105 w formie figur anio\u0142\u00f3w. Nie jest wiadome, do jakiej miejscowo\u015bci i do jakiej parafii go wykonano. Po lewej u do\u0142u znajduj\u0105 si\u0119 cztery niewielkie dzwony wykonane na pami\u0105tk\u0119 jubileuszu firmy. Wyr\u00f3\u017cniaj\u0105 si\u0119 nieco ciemniejsz\u0105 barw\u0105, bo ich powierzchnia pokryta jest specjaln\u0105 patyn\u0105. S\u0105 to tak zwane Dzwony Patriotyczne upami\u0119tniaj\u0105ce wa\u017cne wydarzenia z historii Polski i ich bohater\u00f3w. Szat\u0119 artystyczn\u0105 tych dzwon\u00f3w \u2013 pomnik\u00f3w zaprojektowa\u0142 rze\u017abiarz Aleksander Borawski. W 1939 roku dzwony te zaprezentowano na Wystawie \u015awiatowej w Nowym Jorku. Z powodu wojennej zawieruchy nie powr\u00f3ci\u0142y one do Polski.<\/p>\n","protected":false},"excerpt":{"rendered":"<p>W roku 1938 firma rodzinna Odlewnia Dzwon\u00f3w Braci Felczy\u0144skich w Przemy\u015blu i w Ka\u0142uszu \u015bwi\u0119ci\u0142a 130-lecie swego istnienia. Z tej okazji wykonana zosta\u0142a pami\u0105tkowa fotografia, na kt\u00f3rej w\u015br\u00f3d dzwon\u00f3w znajduj\u0105 si\u0119 w\u0142a\u015bciciele odlewni przemyskiej. Ludwisarni\u0105 w Przemy\u015blu kierowa\u0142 w\u00f3wczas Ludwik Felczy\u0144ski (na zdj\u0119ciu pierwszy od lewej), a jego wsp\u00f3lnikami byli stoj\u0105cy kolejno: W\u0142adys\u0142aw Buciak i [&hellip;]<\/p>\n","protected":false},"author":1,"featured_media":0,"parent":147,"menu_order":151,"comment_status":"closed","ping_status":"closed","template":"","meta":{"footnotes":""},"class_list":["post-994","page","type-page","status-publish","hentry"],"_links":{"self":[{"href":"https:\/\/mnzp-muzealnik.pl\/index.php\/wp-json\/wp\/v2\/pages\/994","targetHints":{"allow":["GET"]}}],"collection":[{"href":"https:\/\/mnzp-muzealnik.pl\/index.php\/wp-json\/wp\/v2\/pages"}],"about":[{"href":"https:\/\/mnzp-muzealnik.pl\/index.php\/wp-json\/wp\/v2\/types\/page"}],"author":[{"embeddable":true,"href":"https:\/\/mnzp-muzealnik.pl\/index.php\/wp-json\/wp\/v2\/users\/1"}],"replies":[{"embeddable":true,"href":"https:\/\/mnzp-muzealnik.pl\/index.php\/wp-json\/wp\/v2\/comments?post=994"}],"version-history":[{"count":1,"href":"https:\/\/mnzp-muzealnik.pl\/index.php\/wp-json\/wp\/v2\/pages\/994\/revisions"}],"predecessor-version":[{"id":995,"href":"https:\/\/mnzp-muzealnik.pl\/index.php\/wp-json\/wp\/v2\/pages\/994\/revisions\/995"}],"up":[{"embeddable":true,"href":"https:\/\/mnzp-muzealnik.pl\/index.php\/wp-json\/wp\/v2\/pages\/147"}],"wp:attachment":[{"href":"https:\/\/mnzp-muzealnik.pl\/index.php\/wp-json\/wp\/v2\/media?parent=994"}],"curies":[{"name":"wp","href":"https:\/\/api.w.org\/{rel}","templated":true}]}}